{"id":1153,"date":"2022-07-12T10:05:59","date_gmt":"2022-07-12T10:05:59","guid":{"rendered":"https:\/\/apotekar-online.rs\/product\/koenzim-q10-acetil-l-karnitin-30-kapsula\/"},"modified":"2026-04-01T00:00:10","modified_gmt":"2026-04-01T02:00:10","slug":"koenzim-q10-acetil-l-karnitin-30-kapsula","status":"publish","type":"product","link":"https:\/\/apotekar-online.rs\/en\/p\/koenzim-q10-acetil-l-karnitin-30-kapsula\/","title":{"rendered":"Koenzim Q10 + Acetil-L-karnitin 30 kapsula"},"content":{"rendered":"","protected":false},"excerpt":{"rendered":"<p>STRONG NATURE KOENZIM Q10 + ACETIL-L-KARNITIN je dodatak ishrani koji je namenjen o\u010duvanju zdravlja srca i krvnih sudova na bazi acetil-L-karnitina i koenzima Q10.<br \/>\nKOENZIM Q10 + ACETIL-L-KARNITIN se preporu\u010duje:<br \/>\nkod problema sa pam\u0107enjem i senilno\u0161\u0107u (posebno kod starijih osoba)<br \/>\nza pravilan rad srca i krvnih sudova<br \/>\nkao pomo\u0107 u terapiji Alchajmerove bolesti<br \/>\nsportistima<br \/>\nu stanjima stresa i pove\u0107anih fizi\u010dkih i psihi\u010dkih napora<br \/>\npu\u0161a\u010dima<br \/>\nstarijim osobama<br \/>\nza pove\u0107anje elasti\u010dnosti i usporavanje starenja ko\u017ee<br \/>\nProizvod se ne preporu\u010duje deci, trudnicama, dojiljama, kao ni osobama preosetljivim na bilo koji od sastojaka proizvoda.<\/p>\n<p><strong>Dosage and method of use<\/strong><br \/>\nOdrasli: 1-2 kapsule dnevno.<\/p>","protected":false},"featured_media":1154,"template":"","meta":[],"product_brand":[],"product_cat":[3054,79],"product_tag":[3271,1709,3272],"class_list":{"0":"post-1153","1":"product","2":"type-product","3":"status-publish","4":"has-post-thumbnail","6":"product_cat-akcija","7":"product_cat-srce-krvni-sudovi-i-holesterol","8":"product_tag-acetil","9":"product_tag-betty","10":"product_tag-l-karnitin","11":"pa_brend-strong-nature","13":"first","14":"instock","15":"sale","16":"purchasable","17":"product-type-simple"},"ams_default_variation_id":0,"ams_product_points_reward":[],"ams_product_discount_percentage":20,"ams_price_to_display":971.52,"ams_acf":[],"jetpack_sharing_enabled":true,"_links":{"self":[{"href":"https:\/\/apotekar-online.rs\/en\/wp-json\/wp\/v2\/product\/1153","targetHints":{"allow":["GET"]}}],"collection":[{"href":"https:\/\/apotekar-online.rs\/en\/wp-json\/wp\/v2\/product"}],"about":[{"href":"https:\/\/apotekar-online.rs\/en\/wp-json\/wp\/v2\/types\/product"}],"wp:featuredmedia":[{"embeddable":true,"href":"https:\/\/apotekar-online.rs\/en\/wp-json\/wp\/v2\/media\/1154"}],"wp:attachment":[{"href":"https:\/\/apotekar-online.rs\/en\/wp-json\/wp\/v2\/media?parent=1153"}],"wp:term":[{"taxonomy":"product_brand","embeddable":true,"href":"https:\/\/apotekar-online.rs\/en\/wp-json\/wp\/v2\/product_brand?post=1153"},{"taxonomy":"product_cat","embeddable":true,"href":"https:\/\/apotekar-online.rs\/en\/wp-json\/wp\/v2\/product_cat?post=1153"},{"taxonomy":"product_tag","embeddable":true,"href":"https:\/\/apotekar-online.rs\/en\/wp-json\/wp\/v2\/product_tag?post=1153"}],"curies":[{"name":"wp","href":"https:\/\/api.w.org\/{rel}","templated":true}]}}