{"id":1929,"date":"2023-01-29T21:26:53","date_gmt":"2023-01-29T21:26:53","guid":{"rendered":"https:\/\/apotekar-online.rs\/?post_type=product&#038;p=1929"},"modified":"2026-03-05T08:21:56","modified_gmt":"2026-03-05T10:21:56","slug":"atopik-krem-5-urea-probiotik-100ml","status":"publish","type":"product","link":"https:\/\/apotekar-online.rs\/en\/p\/atopik-krem-5-urea-probiotik-100ml\/","title":{"rendered":"Atopik krem 5% urea + probiotik 100ml"},"content":{"rendered":"","protected":false},"excerpt":{"rendered":"<p>Tip ko\u017ee: suva, osetljiva, atopi\u010dna.<\/p>\n<p><strong>Preporu\u010dujemo za:<\/strong> svakodnevnu negu suve ko\u017ee lica i tela dece iznad 3 godine starosti i odraslih osoba.<\/p>\n<p>Merenjem efikasnosti tj. stepena hidratacije u dugoro\u010dnoj\u00a0<em>live<\/em>\u00a0studiji dokazano je pove\u0107anje od preko 64% tokom mesec dana redovne upotrebe Atopik krema sa 5% uree (*). Zbog velikog zna\u010daja mikrobioma u odbrambenom mehanizmu i hidrataciji ko\u017ee, Atopik krem 5% urea je unapre\u0111en dodatkom probiotika na bazi Laktobacilusa koji uspostavlja ravnote\u017eu mikrobiote ko\u017ee, otklanja ose\u0107aj nelagode i smanjuje crvenilo i suvo\u0107u ko\u017ee.<\/p>\n<p>Active ingredients:<\/p>\n<ul>\n<li>urea,<\/li>\n<li>ulje \u017eutog no\u0107urka,<\/li>\n<li>\u0161i buter,<\/li>\n<li>laktat,<\/li>\n<li>mle\u010dna kiselina,<\/li>\n<li>probiotik.<\/li>\n<\/ul>\n<p>Pakovanje: airless boca (100 ml).<\/p>\n<p><em><i>* Procena efikasnosti stepena hidratacije kozmeti\u010dkog proizvoda na 20 dobrovoljaca (dugoro\u010dna in vivo studija).<\/i><\/em><\/p>","protected":false},"featured_media":1930,"template":"","meta":[],"product_brand":[],"product_cat":[177],"product_tag":[2656,227,3006],"class_list":{"0":"post-1929","1":"product","2":"type-product","3":"status-publish","4":"has-post-thumbnail","6":"product_cat-nega-tela","7":"product_tag-suva-i-gruba-koza","8":"product_tag-suva-koza","9":"product_tag-uree","11":"first","12":"instock","13":"sale","14":"shipping-taxable","15":"purchasable","16":"product-type-simple"},"ams_default_variation_id":0,"ams_product_points_reward":[],"ams_product_discount_percentage":20,"ams_price_to_display":684.48,"ams_acf":[],"jetpack_sharing_enabled":true,"_links":{"self":[{"href":"https:\/\/apotekar-online.rs\/en\/wp-json\/wp\/v2\/product\/1929","targetHints":{"allow":["GET"]}}],"collection":[{"href":"https:\/\/apotekar-online.rs\/en\/wp-json\/wp\/v2\/product"}],"about":[{"href":"https:\/\/apotekar-online.rs\/en\/wp-json\/wp\/v2\/types\/product"}],"wp:featuredmedia":[{"embeddable":true,"href":"https:\/\/apotekar-online.rs\/en\/wp-json\/wp\/v2\/media\/1930"}],"wp:attachment":[{"href":"https:\/\/apotekar-online.rs\/en\/wp-json\/wp\/v2\/media?parent=1929"}],"wp:term":[{"taxonomy":"product_brand","embeddable":true,"href":"https:\/\/apotekar-online.rs\/en\/wp-json\/wp\/v2\/product_brand?post=1929"},{"taxonomy":"product_cat","embeddable":true,"href":"https:\/\/apotekar-online.rs\/en\/wp-json\/wp\/v2\/product_cat?post=1929"},{"taxonomy":"product_tag","embeddable":true,"href":"https:\/\/apotekar-online.rs\/en\/wp-json\/wp\/v2\/product_tag?post=1929"}],"curies":[{"name":"wp","href":"https:\/\/api.w.org\/{rel}","templated":true}]}}