{"id":2547,"date":"2023-04-07T21:08:55","date_gmt":"2023-04-07T23:08:55","guid":{"rendered":"https:\/\/apotekar-online.rs\/?post_type=product&#038;p=2547"},"modified":"2026-03-05T08:21:10","modified_gmt":"2026-03-05T10:21:10","slug":"nuk-varalica-silikon-signature-night-box-0-6m-silikon","status":"publish","type":"product","link":"https:\/\/apotekar-online.rs\/en\/p\/nuk-varalica-silikon-signature-night-box-0-6m-silikon\/","title":{"rendered":"Nuk cheat silicone signature night box 0-6m silicone"},"content":{"rendered":"","protected":false},"excerpt":{"rendered":"<p>Nuk varalica &#8211; idealna za va\u0161u bebu! Sa efektom sjaja u mraku (Glow in the dark effect) Nuk je bio prvi koje je ponudio ortodontski (anatomski) oblik cucli i varalica, koje ne remete potrebu beba da sisaju, a dr\u017eanje varalica poma\u017ee ja\u010danju desni i mi\u0161i\u0107a vilice.<\/p>\n<p><strong>Note:<\/strong>\u00a0We strive to be as accurate as possible in the description of all products, but we cannot guarantee that all descriptions are complete and error-free. Thank you for your understanding.<br \/>\nAll items shown on the site are part of our offer, but it does not imply that they are available at all times.<\/p>","protected":false},"featured_media":2549,"template":"","meta":[],"product_brand":[],"product_cat":[385,340],"product_tag":[390,386,394],"class_list":{"0":"post-2547","1":"product","2":"type-product","3":"status-publish","4":"has-post-thumbnail","6":"product_cat-bebi-oprema","7":"product_cat-deciji-program","8":"product_tag-bebe","9":"product_tag-oprema","10":"product_tag-varalica","11":"pa_brend-nuk","13":"first","14":"instock","15":"shipping-taxable","16":"purchasable","17":"product-type-simple"},"ams_default_variation_id":0,"ams_product_points_reward":[],"ams_product_discount_percentage":0,"ams_price_to_display":395,"ams_acf":[],"jetpack_sharing_enabled":true,"_links":{"self":[{"href":"https:\/\/apotekar-online.rs\/en\/wp-json\/wp\/v2\/product\/2547","targetHints":{"allow":["GET"]}}],"collection":[{"href":"https:\/\/apotekar-online.rs\/en\/wp-json\/wp\/v2\/product"}],"about":[{"href":"https:\/\/apotekar-online.rs\/en\/wp-json\/wp\/v2\/types\/product"}],"wp:featuredmedia":[{"embeddable":true,"href":"https:\/\/apotekar-online.rs\/en\/wp-json\/wp\/v2\/media\/2549"}],"wp:attachment":[{"href":"https:\/\/apotekar-online.rs\/en\/wp-json\/wp\/v2\/media?parent=2547"}],"wp:term":[{"taxonomy":"product_brand","embeddable":true,"href":"https:\/\/apotekar-online.rs\/en\/wp-json\/wp\/v2\/product_brand?post=2547"},{"taxonomy":"product_cat","embeddable":true,"href":"https:\/\/apotekar-online.rs\/en\/wp-json\/wp\/v2\/product_cat?post=2547"},{"taxonomy":"product_tag","embeddable":true,"href":"https:\/\/apotekar-online.rs\/en\/wp-json\/wp\/v2\/product_tag?post=2547"}],"curies":[{"name":"wp","href":"https:\/\/api.w.org\/{rel}","templated":true}]}}