{"id":2848,"date":"2023-04-23T10:37:22","date_gmt":"2023-04-23T12:37:22","guid":{"rendered":"https:\/\/apotekar-online.rs\/?post_type=product&#038;p=2848"},"modified":"2026-03-05T08:20:26","modified_gmt":"2026-03-05T10:20:26","slug":"chicco-ns-vlazne-maramice-72-kom","status":"publish","type":"product","link":"https:\/\/apotekar-online.rs\/en\/p\/chicco-ns-vlazne-maramice-72-kom\/","title":{"rendered":"Chicco ns wet wipes, 72 pcs"},"content":{"rendered":"","protected":false},"excerpt":{"rendered":"<p>Chicco baby vla\u017ene maramice natural sensation 72 kom \u010diste, neguju i hidriraju jednim brisanjem zahvaljuju\u0107i inovativnom materijalu dvostrukog dejstva sa celulozom. Strana sa mekim povr\u0161inama poma\u017ee dubinskom \u010di\u0161\u0107enju ko\u017ee va\u0161eg deteta, dok je glatka strana neguje pa\u017eljivo uklanjaju\u0107i ne\u010dosto\u0107e. Formula sa lotosom hidrira i neguje i savr\u0161ena je prilikom menjanja pelena ili \u010di\u0161\u0107enja lica i ruku va\u0161eg deteta. Mo\u017ee se koristiti za brisanje lica, ruku i pri menjanju pelena. Testirano na osetljivoj ko\u017ei. Bez parabena, fenoksietanola, alkohola i sapuna.<\/p>\n<p>Broj komada u pakovanju: 72 kom.<\/p>\n<p>&nbsp;<\/p>\n<p><strong>Note:<\/strong>\u00a0We strive to be as accurate as possible in the description of all products, but we cannot guarantee that all descriptions are complete and error-free. Thank you for your understanding.<br \/>\nAll items shown on the site are part of our offer, but it does not imply that they are available at all times.<\/p>","protected":false},"featured_media":2849,"template":"","meta":[],"product_brand":[],"product_cat":[340,385,224],"product_tag":[433,409,411,299,300,438],"class_list":{"0":"post-2848","1":"product","2":"type-product","3":"status-publish","4":"has-post-thumbnail","6":"product_cat-deciji-program","7":"product_cat-bebi-oprema","8":"product_cat-kozmetika-za-decu","9":"product_tag-bez-alkohola","10":"product_tag-kozmetika-za-decu","11":"product_tag-nega-dece","12":"product_tag-nega-koze","13":"product_tag-osetljiva-koza","14":"product_tag-vlazne-mramice","15":"pa_brend-chicco","17":"first","18":"instock","19":"shipping-taxable","20":"purchasable","21":"product-type-simple"},"ams_default_variation_id":0,"ams_product_points_reward":[],"ams_product_discount_percentage":0,"ams_price_to_display":250,"ams_acf":[],"jetpack_sharing_enabled":true,"_links":{"self":[{"href":"https:\/\/apotekar-online.rs\/en\/wp-json\/wp\/v2\/product\/2848","targetHints":{"allow":["GET"]}}],"collection":[{"href":"https:\/\/apotekar-online.rs\/en\/wp-json\/wp\/v2\/product"}],"about":[{"href":"https:\/\/apotekar-online.rs\/en\/wp-json\/wp\/v2\/types\/product"}],"wp:featuredmedia":[{"embeddable":true,"href":"https:\/\/apotekar-online.rs\/en\/wp-json\/wp\/v2\/media\/2849"}],"wp:attachment":[{"href":"https:\/\/apotekar-online.rs\/en\/wp-json\/wp\/v2\/media?parent=2848"}],"wp:term":[{"taxonomy":"product_brand","embeddable":true,"href":"https:\/\/apotekar-online.rs\/en\/wp-json\/wp\/v2\/product_brand?post=2848"},{"taxonomy":"product_cat","embeddable":true,"href":"https:\/\/apotekar-online.rs\/en\/wp-json\/wp\/v2\/product_cat?post=2848"},{"taxonomy":"product_tag","embeddable":true,"href":"https:\/\/apotekar-online.rs\/en\/wp-json\/wp\/v2\/product_tag?post=2848"}],"curies":[{"name":"wp","href":"https:\/\/api.w.org\/{rel}","templated":true}]}}