{"id":3696,"date":"2023-07-28T10:18:51","date_gmt":"2023-07-28T12:18:51","guid":{"rendered":"https:\/\/apotekar-online.rs\/?post_type=product&#038;p=3696"},"modified":"2026-03-05T08:15:04","modified_gmt":"2026-03-05T10:15:04","slug":"ziaja-med-ulje-za-kupanje-i-tusiranje-za-atopicnu-kozu-270ml","status":"publish","type":"product","link":"https:\/\/apotekar-online.rs\/en\/p\/ziaja-med-ulje-za-kupanje-i-tusiranje-za-atopicnu-kozu-270ml\/","title":{"rendered":"Ziaja Med bath and shower oil for atopic skin 270ml"},"content":{"rendered":"","protected":false},"excerpt":{"rendered":"<div class=\"product attribute description text-page\">\n<div class=\"value\">\n<p align=\"justify\">Ulje za tu\u0161iranje i kupanje sa hidratantnim i umiruju\u0107im svojstvima. Preporu\u010duje se za atopi\u010dnu ko\u017eu sklonu iritaciji, jakom svrabu i preosetljivoj na alergene. Omek\u0161ava i ne\u017eno \u010disti ko\u017eu. spre\u010dava suvo\u0107u epidermisa, svrab i iritaciju. Smanjuje hrapavost ko\u017ee i prekomerno lju\u0161tenje. Bez boja i sapuna. Klju\u010dni sastojci: suncokretovo ulje sa vitaminom E.<\/p>\n<p>\u2022 Suitable for babies, children and adults.<\/p>\n<p>\u2022 Pru\u017ea efikasnu i bezbednu higijenu i negu atopi\u010dne i ko\u017ee sklone iritaciji.<\/p>\n<p>\u2022 Reduces excessive itching, burning and redness.<\/p>\n<p>\u2022 Regenerates the natural hydrolipidic barrier of the epidermis.<\/p>\n<p>\u2022 Balances the bacterial flora.<\/p>\n<p>\u2022 Intensively and effectively moisturizes, softens and reduces dryness and roughness of the skin.<\/p>\n<p>\u2022 Increases the frequency of asymptomatic periods of atopy.<\/p>\n<p>Mo\u017ee se koristiti za lice i telo. Izbegavajte podru\u010dje oko o\u010diju.<\/p>\n<p>Tu\u0161iranje: Nanesite malu koli\u010dinu i dobro isperite.<\/p>\n<p>Kupanje (kao kupka): Sipajte 2-3 \u0161olje u toplu vodu.<\/p>\n<p>Nakon kupanja osu\u0161ite ko\u017eu bez trljanja.<\/p>\n<p align=\"justify\"><strong>Composition:<\/strong> Helianthus Annuus (Sunflower) Seed Oil, MIPA-Laureth Sulfate, Laureth-3, Laureth-7 Citrate, Benzyl Alcohol, PEG-8, Tocopherol, Ascorbyl Palmitate, Ascorbic Acid, Citric Acid, Parfum (Fragrance).<\/p>\n<p align=\"justify\"><strong>Note:<\/strong>\u00a0We strive to be as accurate as possible in the description of all products, but we cannot guarantee that all descriptions are complete and error-free. Thank you for your understanding.<br \/>\nAll items shown on the site are part of our offer, but it does not imply that they are available at all times.<\/p>\n<\/div>\n<\/div>","protected":false},"featured_media":3697,"template":"","meta":[],"product_brand":[],"product_cat":[224,547,177],"product_tag":[948,802,952,953],"class_list":{"0":"post-3696","1":"product","2":"type-product","3":"status-publish","4":"has-post-thumbnail","6":"product_cat-kozmetika-za-decu","7":"product_cat-kozmetika-i-nega-za-odrasle","8":"product_cat-nega-tela","9":"product_tag-atopicna-koza","10":"product_tag-iritacija","11":"product_tag-ulje-za-kupanje","12":"product_tag-za-decu-i-za-odrasle","13":"pa_brend-ziaja","15":"first","16":"instock","17":"shipping-taxable","18":"purchasable","19":"product-type-simple"},"ams_default_variation_id":0,"ams_product_points_reward":[],"ams_product_discount_percentage":0,"ams_price_to_display":889.92,"ams_acf":[],"jetpack_sharing_enabled":true,"_links":{"self":[{"href":"https:\/\/apotekar-online.rs\/en\/wp-json\/wp\/v2\/product\/3696","targetHints":{"allow":["GET"]}}],"collection":[{"href":"https:\/\/apotekar-online.rs\/en\/wp-json\/wp\/v2\/product"}],"about":[{"href":"https:\/\/apotekar-online.rs\/en\/wp-json\/wp\/v2\/types\/product"}],"wp:featuredmedia":[{"embeddable":true,"href":"https:\/\/apotekar-online.rs\/en\/wp-json\/wp\/v2\/media\/3697"}],"wp:attachment":[{"href":"https:\/\/apotekar-online.rs\/en\/wp-json\/wp\/v2\/media?parent=3696"}],"wp:term":[{"taxonomy":"product_brand","embeddable":true,"href":"https:\/\/apotekar-online.rs\/en\/wp-json\/wp\/v2\/product_brand?post=3696"},{"taxonomy":"product_cat","embeddable":true,"href":"https:\/\/apotekar-online.rs\/en\/wp-json\/wp\/v2\/product_cat?post=3696"},{"taxonomy":"product_tag","embeddable":true,"href":"https:\/\/apotekar-online.rs\/en\/wp-json\/wp\/v2\/product_tag?post=3696"}],"curies":[{"name":"wp","href":"https:\/\/api.w.org\/{rel}","templated":true}]}}