{"id":400,"date":"2022-07-12T09:32:59","date_gmt":"2022-07-12T09:32:59","guid":{"rendered":"https:\/\/apotekar-online.rs\/product\/femisan-a-plus-zlatna-maka-60-kapsula\/"},"modified":"2026-03-05T08:32:49","modified_gmt":"2026-03-05T10:32:49","slug":"femisan-a-plus-zlatna-maka-60-kapsula","status":"publish","type":"product","link":"https:\/\/apotekar-online.rs\/en\/p\/femisan-a-plus-zlatna-maka-60-kapsula\/","title":{"rendered":"Femisan A plus zlatna maka 60 kapsula"},"content":{"rendered":"","protected":false},"excerpt":{"rendered":"<p>FemiSan A plus Maca kapsule doprinose odr\u017eavanju normalnih fiziolo\u0161kih funkcija reproduktivnih organa kod \u017eena, normalnoj plodnosti i reprodukciji, normalnoj sintezi DNK i proteina, a imaju i ulogu u procesu deobe \u0107elija. FemiSan A plus Maca kapsule su potpuno prirodni proizvod na biljnoj bazi, bez ne\u017eeljenih dejstava. One balansiraju telesne funkcije i \u010duvaju zdravlje \u017eena, od puberteta do menopauze. Ne sadr\u017ee hormone niti konzervanse. Ako se upotrebljavaju prema uputstvu, mogu se koristiti neograni\u010deno dugo.<\/p>\n<p><strong>Dosage and method of use<\/strong><br \/>\nTerapeutski \u2013 2 kapsule 2 puta dnevno, pre obroka Jednu dozu (2 kapsule) direktno progutati, ili sadr\u017eaj rastvoriti u \u010da\u0161i vode, toplog \u010daja ili soka.<br \/>\nPreventivno &#8211; 1 kapsula 2 puta dnevno, pre obroka Jednu dozu (1 kapsulu) direktno progutati, ili sadr\u017eaj rastvoriti u \u010da\u0161i vode, toplog \u010daja ili soka.<\/p>","protected":false},"featured_media":294,"template":"","meta":[],"product_brand":[3070],"product_cat":[3054,85],"product_tag":[3078,3075,3076,3077],"class_list":{"0":"post-400","1":"product","2":"type-product","3":"status-publish","4":"has-post-thumbnail","6":"product_brand-herba-svet","7":"product_cat-akcija","8":"product_cat-zdravlje-zena","9":"product_tag-bolna-menstruacija","10":"product_tag-ciste-na-jajnicima","11":"product_tag-miomi","12":"product_tag-poremecaj-menstrualnog-ciklusa","13":"pa_brend-herba-svet","15":"first","16":"instock","17":"sale","18":"purchasable","19":"product-type-simple"},"ams_default_variation_id":0,"ams_product_points_reward":[],"ams_product_discount_percentage":15.03,"ams_price_to_display":2052,"ams_acf":[],"jetpack_sharing_enabled":true,"_links":{"self":[{"href":"https:\/\/apotekar-online.rs\/en\/wp-json\/wp\/v2\/product\/400","targetHints":{"allow":["GET"]}}],"collection":[{"href":"https:\/\/apotekar-online.rs\/en\/wp-json\/wp\/v2\/product"}],"about":[{"href":"https:\/\/apotekar-online.rs\/en\/wp-json\/wp\/v2\/types\/product"}],"wp:featuredmedia":[{"embeddable":true,"href":"https:\/\/apotekar-online.rs\/en\/wp-json\/wp\/v2\/media\/294"}],"wp:attachment":[{"href":"https:\/\/apotekar-online.rs\/en\/wp-json\/wp\/v2\/media?parent=400"}],"wp:term":[{"taxonomy":"product_brand","embeddable":true,"href":"https:\/\/apotekar-online.rs\/en\/wp-json\/wp\/v2\/product_brand?post=400"},{"taxonomy":"product_cat","embeddable":true,"href":"https:\/\/apotekar-online.rs\/en\/wp-json\/wp\/v2\/product_cat?post=400"},{"taxonomy":"product_tag","embeddable":true,"href":"https:\/\/apotekar-online.rs\/en\/wp-json\/wp\/v2\/product_tag?post=400"}],"curies":[{"name":"wp","href":"https:\/\/api.w.org\/{rel}","templated":true}]}}