{"id":4428,"date":"2023-09-28T07:31:17","date_gmt":"2023-09-28T09:31:17","guid":{"rendered":"https:\/\/apotekar-online.rs\/?post_type=product&#038;p=4428"},"modified":"2026-03-05T08:12:37","modified_gmt":"2026-03-05T10:12:37","slug":"mixa-hyalurogel-krema-za-lice-light-50-ml","status":"publish","type":"product","link":"https:\/\/apotekar-online.rs\/en\/p\/mixa-hyalurogel-krema-za-lice-light-50-ml\/","title":{"rendered":"Mixa Hyalurogel face cream - Light, 50 ml"},"content":{"rendered":"","protected":false},"excerpt":{"rendered":"<ul class=\"pdd_1609wnw2\">\n<li>Krema za lice<\/li>\n<li>Sadr\u017ei glicerin i \u010distu hijaluronsku kiselinu<\/li>\n<li>24 satna hidratacija<\/li>\n<li>Brzo upijanje<\/li>\n<\/ul>\n<div class=\"pdd_1609wnw3\">Mixa Hyalurogel hidratantna krema obogac\u0301ena je \u010distom hijaluronskom kiselinom, prirodnom komponentom strukture ko\u017ee. Osloba\u0111a kontinuiranu hidrataciju tokom 24 sata i zadr\u017eava je u epidermisu. Sadr\u017ei 7% glicerina zahvaljujuc\u0301i \u010demu je epidermis hidriran. Jedinstvena lagana tekstura Mixa Hyalurogel hidratantne kreme brzo upija i ostavlja prijatan osec\u0301aj hidratacije na ko\u017ei. Formulisan da smanji rizik od alergija.<\/div>\n<div><\/div>\n<div><strong>Composition:<\/strong> 880207 3 AQUA \/ WATER,GLYCERIN,DIMETHICONE,CAPRYLIC\/CAPRIC TRIGLYCERIDE,SQUALANE,AMMONIUM POLYACRYLDIMETHYLTAURAMIDE \/ AMMONIUMPOLYACRYLOYLDIMETHYL TAURATE,BHT,BIOSACCHARIDE GUM-1,CAPRYLYL GLYCOL,COPPER GLUCONATE,DIMETHICONOL,DISODIUM EDTA,MAGNESIUM ASPARTATE,PHENOXYETHANOL,POLOXAMER 338,SODIUM HYALURONATE,T-BUTYL ALCOHOL,XANTHAN GUM,ZINC GLUCONATE,PARFUM \/ FRAGRANCE<\/div>","protected":false},"featured_media":4429,"template":"","meta":[],"product_brand":[],"product_cat":[547,178],"product_tag":[1606,194,541,445,300],"class_list":{"0":"post-4428","1":"product","2":"type-product","3":"status-publish","4":"has-post-thumbnail","6":"product_cat-kozmetika-i-nega-za-odrasle","7":"product_cat-nega-lica","8":"product_tag-brzo-upijanje","9":"product_tag-glicerin","10":"product_tag-hijaluronska-kiselina","11":"product_tag-krema-za-lice","12":"product_tag-osetljiva-koza","13":"pa_brend-mixa","15":"first","16":"instock","17":"shipping-taxable","18":"purchasable","19":"product-type-simple"},"ams_default_variation_id":0,"ams_product_points_reward":[],"ams_product_discount_percentage":0,"ams_price_to_display":800.44,"ams_acf":[],"jetpack_sharing_enabled":true,"_links":{"self":[{"href":"https:\/\/apotekar-online.rs\/en\/wp-json\/wp\/v2\/product\/4428","targetHints":{"allow":["GET"]}}],"collection":[{"href":"https:\/\/apotekar-online.rs\/en\/wp-json\/wp\/v2\/product"}],"about":[{"href":"https:\/\/apotekar-online.rs\/en\/wp-json\/wp\/v2\/types\/product"}],"wp:featuredmedia":[{"embeddable":true,"href":"https:\/\/apotekar-online.rs\/en\/wp-json\/wp\/v2\/media\/4429"}],"wp:attachment":[{"href":"https:\/\/apotekar-online.rs\/en\/wp-json\/wp\/v2\/media?parent=4428"}],"wp:term":[{"taxonomy":"product_brand","embeddable":true,"href":"https:\/\/apotekar-online.rs\/en\/wp-json\/wp\/v2\/product_brand?post=4428"},{"taxonomy":"product_cat","embeddable":true,"href":"https:\/\/apotekar-online.rs\/en\/wp-json\/wp\/v2\/product_cat?post=4428"},{"taxonomy":"product_tag","embeddable":true,"href":"https:\/\/apotekar-online.rs\/en\/wp-json\/wp\/v2\/product_tag?post=4428"}],"curies":[{"name":"wp","href":"https:\/\/api.w.org\/{rel}","templated":true}]}}