{"id":4481,"date":"2023-10-06T10:44:18","date_gmt":"2023-10-06T12:44:18","guid":{"rendered":"https:\/\/apotekar-online.rs\/?post_type=product&#038;p=4481"},"modified":"2026-03-05T08:35:04","modified_gmt":"2026-03-05T10:35:04","slug":"revita-orange-454g","status":"publish","type":"product","link":"https:\/\/apotekar-online.rs\/en\/p\/revita-orange-454g\/","title":{"rendered":"Revita Orange (454g)"},"content":{"rendered":"","protected":false},"excerpt":{"rendered":"<div class=\"elementor-column elementor-col-50 elementor-top-column elementor-element elementor-element-254e699f\" data-id=\"254e699f\" data-element_type=\"column\">\n<div class=\"elementor-widget-wrap elementor-element-populated\">\n<div class=\"elementor-element elementor-element-1d031af yes elementor-widget elementor-widget-woocommerce-product-images\" data-id=\"1d031af\" data-element_type=\"widget\" data-widget_type=\"woocommerce-product-images.default\">\n<div class=\"elementor-widget-container\">\n<div class=\"woocommerce-product-gallery woocommerce-product-gallery--with-images woocommerce-product-gallery--columns-4 images\" data-columns=\"4\">\n<div class=\"woocommerce-product-gallery__wrapper\"><\/div>\n<\/div>\n<\/div>\n<\/div>\n<\/div>\n<\/div>\n<div class=\"elementor-column elementor-col-50 elementor-top-column elementor-element elementor-element-49ed032b\" data-id=\"49ed032b\" data-element_type=\"column\">\n<div class=\"elementor-widget-wrap elementor-element-populated\">\n<div class=\"elementor-element elementor-element-16335a14 elementor-widget elementor-widget-woocommerce-product-short-description\" data-id=\"16335a14\" data-element_type=\"widget\" data-widget_type=\"woocommerce-product-short-description.default\">\n<div class=\"elementor-widget-container\">\n<div class=\"woocommerce-product-details__short-description\">\n<p><strong>Revita Orange<\/strong>\u00a0je dijetetski proizvod na bazi mati\u010dnog mle\u010da. Aromatizovana je prirodnom aromom narand\u017ee, oboga\u0107ena C vitaminom i prirodnom bojom beta-karotena.<\/p>\n<p>Suitable for:<br \/>\n\u2022 ja\u010danje imuniteta,<br \/>\n\u2022 pove\u0107ane otpornosti na stres,<br \/>\n\u2022 za decu,<br \/>\n\u2022 za sportiste,<br \/>\n\u2022 za osobe izlo\u017eene pove\u0107anim umnim i fizi\u010dkim naporima, kao i zaga\u0111enjima u radnom i \u017eivotnom okru\u017eenju.<\/p>\n<p><strong>Dosage and method of use:<\/strong><\/p>\n<p>Dissolve two teaspoons of the product (12g) in a glass of water (0.2l).<\/p>\n<p><strong>Note:<\/strong><\/p>\n<p>Revita products can be freely consumed with any medicines and foods, before or after meals. There is no need to take breaks in the use of Revita products.<br \/>\nAll Revita products contain vitamin C in a dose that significantly contributes to the necessary daily intake of this vitamin. Royal jelly and vitamin C together promote the production of collagen - the protein of youth, necessary not only for the health and beauty of the skin, but also for preserving the elasticity of blood vessels, especially those in the brain and heart, as well as for the body&#039;s defense against viruses and bacteria.<\/p>\n<\/div>\n<\/div>\n<\/div>\n<\/div>\n<\/div>","protected":false},"featured_media":4566,"template":"","meta":[],"product_brand":[],"product_cat":[106,3054,340,77],"product_tag":[1654,1655,1653,359,245,1406,1656],"class_list":{"0":"post-4481","1":"product","2":"type-product","3":"status-publish","4":"has-post-thumbnail","6":"product_cat-preparati-za-apetit-i-imunitet-kod-dece","7":"product_cat-akcija","8":"product_cat-deciji-program","9":"product_cat-imunitet","10":"product_tag-maticni-mlec","11":"product_tag-otpornosti-na-stres","12":"product_tag-revita","13":"product_tag-super-petak","14":"product_tag-vitamin-c","15":"product_tag-za-decu","16":"product_tag-za-sportiste","18":"first","19":"instock","20":"shipping-taxable","21":"purchasable","22":"product-type-simple"},"ams_default_variation_id":0,"ams_product_points_reward":[],"ams_product_discount_percentage":0,"ams_price_to_display":4025,"ams_acf":[],"jetpack_sharing_enabled":true,"_links":{"self":[{"href":"https:\/\/apotekar-online.rs\/en\/wp-json\/wp\/v2\/product\/4481","targetHints":{"allow":["GET"]}}],"collection":[{"href":"https:\/\/apotekar-online.rs\/en\/wp-json\/wp\/v2\/product"}],"about":[{"href":"https:\/\/apotekar-online.rs\/en\/wp-json\/wp\/v2\/types\/product"}],"wp:featuredmedia":[{"embeddable":true,"href":"https:\/\/apotekar-online.rs\/en\/wp-json\/wp\/v2\/media\/4566"}],"wp:attachment":[{"href":"https:\/\/apotekar-online.rs\/en\/wp-json\/wp\/v2\/media?parent=4481"}],"wp:term":[{"taxonomy":"product_brand","embeddable":true,"href":"https:\/\/apotekar-online.rs\/en\/wp-json\/wp\/v2\/product_brand?post=4481"},{"taxonomy":"product_cat","embeddable":true,"href":"https:\/\/apotekar-online.rs\/en\/wp-json\/wp\/v2\/product_cat?post=4481"},{"taxonomy":"product_tag","embeddable":true,"href":"https:\/\/apotekar-online.rs\/en\/wp-json\/wp\/v2\/product_tag?post=4481"}],"curies":[{"name":"wp","href":"https:\/\/api.w.org\/{rel}","templated":true}]}}