{"id":4555,"date":"2023-10-11T10:03:14","date_gmt":"2023-10-11T12:03:14","guid":{"rendered":"https:\/\/apotekar-online.rs\/?post_type=product&#038;p=4555"},"modified":"2026-03-05T08:12:33","modified_gmt":"2026-03-05T10:12:33","slug":"prostarex-30-kapsula","status":"publish","type":"product","link":"https:\/\/apotekar-online.rs\/en\/p\/prostarex-30-kapsula\/","title":{"rendered":"Prostarex 30 capsules"},"content":{"rendered":"","protected":false},"excerpt":{"rendered":"<p>Aktivne komponente Prostarex\u00ae kapsula (fitosteroli) deluju tako \u0161to blokiraju enzime koji aktiviraju mu\u0161ke polne hormone. Na taj na\u010din usporavaju dalji rast prostate i ubla\u017eavaju tegobe koje poti\u010du od njenog uve\u0107anja (u\u010destalo mokrenje, ote\u017eano i bolno mokrenje, slab mlaz urina, nemogu\u0107nost pra\u017enjenja be\u0161ike).<\/p>\n<p>Primena Prostarex\u00ae kapsula ne dovodi do smanjenja volumena ejakulata, smanjenja libida, pojave impotencije ili ortostatske hipotenzije, zamora i glavobolje.<\/p>\n<p>Prostarex\u00ae kapsule ne uti\u010du na nivo PSA( Prostatic Specific Antigen) u plazmi.<\/p>\n<p>ACTIVE INGREDIENTS:<\/p>\n<ul>\n<li aria-checked=\"false\" aria-level=\"1\">Biljni ekstrakt semena bundeve<\/li>\n<li aria-checked=\"false\" aria-level=\"1\">Koren koprive<\/li>\n<li aria-checked=\"false\" aria-level=\"1\">Suvi ekstrakt herbe svilovine<\/li>\n<li aria-checked=\"false\" aria-level=\"1\">Tribulus terrestris<\/li>\n<li aria-checked=\"false\" aria-level=\"1\">Thyme<\/li>\n<li aria-checked=\"false\" aria-level=\"1\">Vitamin C<\/li>\n<li aria-checked=\"false\" aria-level=\"1\">Zinc<\/li>\n<li aria-checked=\"false\" aria-level=\"1\">Selen<\/li>\n<\/ul>\n<div class=\"elementor elementor-7544\" data-elementor-type=\"wp-post\" data-elementor-id=\"7544\">\n<div class=\"elementor-inner\">\n<div class=\"elementor-section-wrap\">\n<section class=\"elementor-section elementor-top-section elementor-element elementor-element-3a2bbc7d elementor-section-boxed elementor-section-height-default elementor-section-height-default default-style\" data-id=\"3a2bbc7d\" data-element_type=\"section\" data-settings=\"{&quot;rt_color_sets&quot;:&quot;default-style&quot;}\">\n<div class=\"elementor-container elementor-column-gap-default\">\n<div class=\"elementor-row\">\n<div class=\"elementor-column elementor-col-100 elementor-top-column elementor-element elementor-element-21c480eb\" data-id=\"21c480eb\" data-element_type=\"column\">\n<div class=\"elementor-column-wrap elementor-element-populated\">\n<div class=\"elementor-widget-wrap\">\n<div class=\"elementor-element elementor-element-177ec9f elementor-widget elementor-widget-rt-tabs\" data-id=\"177ec9f\" data-element_type=\"widget\" data-widget_type=\"rt-tabs.default\">\n<div class=\"elementor-widget-container\">\n<div class=\"rt_tabs tab-position-1 style-4\" data-tab-position=\"tab-position-1\" data-tab-count=\"4\">\n<div class=\"tab_contents\">\n<div id=\"tab-2\" class=\"tab_content_wrapper animation with_icon active\" data-tab-content=\"2\">\n<div class=\"tab_content\">\n<p>INDICATIONS:<\/p>\n<ul>\n<li aria-level=\"1\">Benigna hiperplazija prostate<\/li>\n<li aria-level=\"1\">Poreme\u0107aji pri uriniranju kod mu\u0161karaca<\/li>\n<\/ul>\n<p>(u\u010destalo mokrenje, ote\u017eano i bolno mokrenje, slab mlaz urina, nemogu\u0107nost pra\u017enjenja be\u0161ike).<\/p>\n<p>DOSAGE:<\/p>\n<p>Preporu\u010dena dnevna doza je 1-2 kapsule dnevno ili u skladu sa preporukom Va\u0161eg lekara( koristiti u kontinuitetu minimum 3 meseca)<\/p>\n<\/div>\n<\/div>\n<div id=\"tab-3\" class=\"tab_content_wrapper animation with_icon\" data-tab-content=\"3\"><\/div>\n<div id=\"tab-4\" class=\"tab_content_wrapper animation with_icon\" data-tab-content=\"4\"><\/div>\n<\/div>\n<\/div>\n<\/div>\n<\/div>\n<\/div>\n<\/div>\n<\/div>\n<\/div>\n<\/div>\n<\/section>\n<section class=\"elementor-section elementor-top-section elementor-element elementor-element-12dab39 elementor-section-boxed elementor-section-height-default elementor-section-height-default default-style\" data-id=\"12dab39\" data-element_type=\"section\" data-settings=\"{&quot;rt_color_sets&quot;:&quot;default-style&quot;}\">\n<div class=\"elementor-container elementor-column-gap-default\">\n<div class=\"elementor-row\">\n<div class=\"elementor-column elementor-col-100 elementor-top-column elementor-element elementor-element-8760eb3\" data-id=\"8760eb3\" data-element_type=\"column\">\n<div class=\"elementor-column-wrap elementor-element-populated\">\n<div class=\"elementor-widget-wrap\">\n<div class=\"elementor-element elementor-element-e12b4b1 elementor-widget elementor-widget-text-editor\" data-id=\"e12b4b1\" data-element_type=\"widget\" data-widget_type=\"text-editor.default\">\n<div class=\"elementor-widget-container\"><\/div>\n<\/div>\n<\/div>\n<\/div>\n<\/div>\n<\/div>\n<\/div>\n<\/section>\n<\/div>\n<\/div>\n<\/div>\n<div class=\"content-row default-style fullwidth naturalife-post-navigation\">\n<div class=\"content-row-wrapper default row align-items-center\">\n<div class=\"col col-12 col-lg-5\"><\/div>\n<div class=\"col col-12 col-lg-2\"><\/div>\n<\/div>\n<\/div>","protected":false},"featured_media":4556,"template":"","meta":[],"product_brand":[],"product_cat":[84,153],"product_tag":[1693,185,603,618,1692,235,1690,1691,1689,245],"class_list":{"0":"post-4555","1":"product","2":"type-product","3":"status-publish","4":"has-post-thumbnail","6":"product_cat-zdravlje-muskaraca","7":"product_cat-prostata","8":"product_tag-bengina-hiperplazija-prostate","9":"product_tag-cink","10":"product_tag-kopriva","11":"product_tag-prostata","12":"product_tag-rimijan","13":"product_tag-selen","14":"product_tag-seme-bundeve","15":"product_tag-svilovina","16":"product_tag-ucestalo-mokrenje","17":"product_tag-vitamin-c","19":"first","20":"instock","21":"shipping-taxable","22":"purchasable","23":"product-type-simple"},"ams_default_variation_id":0,"ams_product_points_reward":[],"ams_product_discount_percentage":0,"ams_price_to_display":1100,"ams_acf":[],"jetpack_sharing_enabled":true,"_links":{"self":[{"href":"https:\/\/apotekar-online.rs\/en\/wp-json\/wp\/v2\/product\/4555","targetHints":{"allow":["GET"]}}],"collection":[{"href":"https:\/\/apotekar-online.rs\/en\/wp-json\/wp\/v2\/product"}],"about":[{"href":"https:\/\/apotekar-online.rs\/en\/wp-json\/wp\/v2\/types\/product"}],"wp:featuredmedia":[{"embeddable":true,"href":"https:\/\/apotekar-online.rs\/en\/wp-json\/wp\/v2\/media\/4556"}],"wp:attachment":[{"href":"https:\/\/apotekar-online.rs\/en\/wp-json\/wp\/v2\/media?parent=4555"}],"wp:term":[{"taxonomy":"product_brand","embeddable":true,"href":"https:\/\/apotekar-online.rs\/en\/wp-json\/wp\/v2\/product_brand?post=4555"},{"taxonomy":"product_cat","embeddable":true,"href":"https:\/\/apotekar-online.rs\/en\/wp-json\/wp\/v2\/product_cat?post=4555"},{"taxonomy":"product_tag","embeddable":true,"href":"https:\/\/apotekar-online.rs\/en\/wp-json\/wp\/v2\/product_tag?post=4555"}],"curies":[{"name":"wp","href":"https:\/\/api.w.org\/{rel}","templated":true}]}}