{"id":4812,"date":"2023-11-13T11:07:45","date_gmt":"2023-11-13T13:07:45","guid":{"rendered":"https:\/\/apotekar-online.rs\/?post_type=product&#038;p=4812"},"modified":"2026-03-05T08:11:38","modified_gmt":"2026-03-05T10:11:38","slug":"nuk-varalica-kaucuk-u-kutiji-star-6-18m","status":"publish","type":"product","link":"https:\/\/apotekar-online.rs\/en\/p\/nuk-varalica-kaucuk-u-kutiji-star-6-18m\/","title":{"rendered":"Nuk cheat rubber in a box Old 6-18m"},"content":{"rendered":"","protected":false},"excerpt":{"rendered":"<p>NUK varalica &#8211; idealna za va\u0161u bebu!<\/p>\n<p>NUK je bio prvi koje je ponudio ortodontski (anatomski) oblik cucli i varalica, koje ne remete potrebu beba da sisaju, a dr\u017eanje varalica poma\u017ee ja\u010danju desni i mi\u0161i\u0107a vilice.<\/p>\n<p>The plastic rim of the cheater is designed to ideally adapt to the shape of the baby&#039;s mouth and jaw, so that the jawbones are not deformed. Two side holes on the plastic rim ensure optimal air supply. The mouthpiece has an integrated channel for air circulation, which prevents the accumulation of liquid from the mouth. This allows air to circulate, which prevents redness and irritation around the baby&#039;s mouth.<\/p>\n<p>Nuk varalica je potpuno bezbedna budu\u0107i da ne sadr\u017ei Bisfenol A i proizvedena je u skladu sa evropskim bezbednosnim standardom EN 1400.<\/p>\n<p>Sada i u higijenskoj kutiji.<\/p>","protected":false},"featured_media":4813,"template":"","meta":[],"product_brand":[],"product_cat":[385,340],"product_tag":[390,752,1845,394],"class_list":{"0":"post-4812","1":"product","2":"type-product","3":"status-publish","4":"has-post-thumbnail","6":"product_cat-bebi-oprema","7":"product_cat-deciji-program","8":"product_tag-bebe","9":"product_tag-deciji-program","10":"product_tag-nuk","11":"product_tag-varalica","12":"pa_brend-nuk","14":"first","15":"instock","16":"shipping-taxable","17":"purchasable","18":"product-type-simple"},"ams_default_variation_id":0,"ams_product_points_reward":[],"ams_product_discount_percentage":0,"ams_price_to_display":425,"ams_acf":[],"jetpack_sharing_enabled":true,"_links":{"self":[{"href":"https:\/\/apotekar-online.rs\/en\/wp-json\/wp\/v2\/product\/4812","targetHints":{"allow":["GET"]}}],"collection":[{"href":"https:\/\/apotekar-online.rs\/en\/wp-json\/wp\/v2\/product"}],"about":[{"href":"https:\/\/apotekar-online.rs\/en\/wp-json\/wp\/v2\/types\/product"}],"wp:featuredmedia":[{"embeddable":true,"href":"https:\/\/apotekar-online.rs\/en\/wp-json\/wp\/v2\/media\/4813"}],"wp:attachment":[{"href":"https:\/\/apotekar-online.rs\/en\/wp-json\/wp\/v2\/media?parent=4812"}],"wp:term":[{"taxonomy":"product_brand","embeddable":true,"href":"https:\/\/apotekar-online.rs\/en\/wp-json\/wp\/v2\/product_brand?post=4812"},{"taxonomy":"product_cat","embeddable":true,"href":"https:\/\/apotekar-online.rs\/en\/wp-json\/wp\/v2\/product_cat?post=4812"},{"taxonomy":"product_tag","embeddable":true,"href":"https:\/\/apotekar-online.rs\/en\/wp-json\/wp\/v2\/product_tag?post=4812"}],"curies":[{"name":"wp","href":"https:\/\/api.w.org\/{rel}","templated":true}]}}