{"id":4822,"date":"2023-11-14T07:41:13","date_gmt":"2023-11-14T09:41:13","guid":{"rendered":"https:\/\/apotekar-online.rs\/?post_type=product&#038;p=4822"},"modified":"2026-03-05T08:11:38","modified_gmt":"2026-03-05T10:11:38","slug":"nuk-varalica-silikon-u-kutiji-signature-night-6-18m","status":"publish","type":"product","link":"https:\/\/apotekar-online.rs\/en\/p\/nuk-varalica-silikon-u-kutiji-signature-night-6-18m\/","title":{"rendered":"Nuk lure silicone in a box Signature Night 6-18m"},"content":{"rendered":"","protected":false},"excerpt":{"rendered":"<p>NUK varalica &#8211; idealna za va\u0161u bebu! Sa efektom sjaja u mraku ( Glow in the dark effect )<\/p>\n<p>NUK je bio prvi koje je ponudio ortodontski (anatomski) oblik cucli i varalica, koje ne remete potrebu beba da sisaju, a dr\u017eanje varalica poma\u017ee ja\u010danju desni i mi\u0161i\u0107a vilice.<\/p>\n<p>Plasti\u010dni obod varalice oblikovan je tako da se idealno prilago\u0111ava obliku bebinih usta i vilice, kako ne bi do\u0161lo da deformacija vili\u010dnih kostiju. \u00a0Bo\u010dne rupice na plasti\u010dnom obodu, obezbe\u0111uju optimalan dovod vazduha. Varalica ima integrisan kanal za cirkulaciju vazduha, koji spre\u010dava nakupljanje te\u010dnosti iz usta. Tako vazduh mo\u017ee da cirkuli\u0161e, \u010dime se spre\u010dava crvenilo i iritacija oko bebinih usta.<\/p>\n<p>Nuk varalica je potpuno bezbedna budu\u0107i da ne sadr\u017ei Bisfenol A.<\/p>\n<p>Svetle\u0107i elementi \u010dine pronalazak varalice vrlo jednostavnim. Sve \u0161to treba da uradite je da NUK varalicu sa efektom Glow in the dark stavite pod lampu ili na sun\u010devu svetlost. Specijalni materijal c\u0301e skladi\u0161titi energiju i emitovati je kao blagi sjaj tokom noci. Efekat sjaja u mraku traje do 8 sati.<\/p>\n<p>Sada i u higijenskoj kutiji.<\/p>","protected":false},"featured_media":4823,"template":"","meta":[],"product_brand":[],"product_cat":[385,340],"product_tag":[390,752,1845,394],"class_list":{"0":"post-4822","1":"product","2":"type-product","3":"status-publish","4":"has-post-thumbnail","6":"product_cat-bebi-oprema","7":"product_cat-deciji-program","8":"product_tag-bebe","9":"product_tag-deciji-program","10":"product_tag-nuk","11":"product_tag-varalica","12":"pa_brend-nuk","14":"first","15":"instock","16":"shipping-taxable","17":"purchasable","18":"product-type-simple"},"ams_default_variation_id":0,"ams_product_points_reward":[],"ams_product_discount_percentage":0,"ams_price_to_display":480,"ams_acf":[],"jetpack_sharing_enabled":true,"_links":{"self":[{"href":"https:\/\/apotekar-online.rs\/en\/wp-json\/wp\/v2\/product\/4822","targetHints":{"allow":["GET"]}}],"collection":[{"href":"https:\/\/apotekar-online.rs\/en\/wp-json\/wp\/v2\/product"}],"about":[{"href":"https:\/\/apotekar-online.rs\/en\/wp-json\/wp\/v2\/types\/product"}],"wp:featuredmedia":[{"embeddable":true,"href":"https:\/\/apotekar-online.rs\/en\/wp-json\/wp\/v2\/media\/4823"}],"wp:attachment":[{"href":"https:\/\/apotekar-online.rs\/en\/wp-json\/wp\/v2\/media?parent=4822"}],"wp:term":[{"taxonomy":"product_brand","embeddable":true,"href":"https:\/\/apotekar-online.rs\/en\/wp-json\/wp\/v2\/product_brand?post=4822"},{"taxonomy":"product_cat","embeddable":true,"href":"https:\/\/apotekar-online.rs\/en\/wp-json\/wp\/v2\/product_cat?post=4822"},{"taxonomy":"product_tag","embeddable":true,"href":"https:\/\/apotekar-online.rs\/en\/wp-json\/wp\/v2\/product_tag?post=4822"}],"curies":[{"name":"wp","href":"https:\/\/api.w.org\/{rel}","templated":true}]}}