{"id":5559,"date":"2024-02-02T08:04:42","date_gmt":"2024-02-02T10:04:42","guid":{"rendered":"https:\/\/apotekar-online.rs\/?post_type=product&#038;p=5559"},"modified":"2026-05-03T09:12:12","modified_gmt":"2026-05-03T11:12:12","slug":"bepanthol-eye-drops-05ml-20-ampoules","status":"publish","type":"product","link":"https:\/\/apotekar-online.rs\/en\/p\/bepanthol-kapi-za-oci-05ml-20-ampula\/","title":{"rendered":"BEPANTHOL eye drops 0.5ml 20 ampoules"},"content":{"rendered":"","protected":false},"excerpt":{"rendered":"<p><strong>Prodaja ovog leka\u00a0 zabranjena je putem interneta zakonom Republike Srbije, dok je ogla\u0161avanje istog putem interneta dozvoljeno isklju\u010divo<\/strong>\u00a0<strong>as a reminder and has the purpose of informing.<\/strong><\/p>\n<p>&nbsp;<\/p>\n<p>Bepanthol kapi za o\u010di stvaraju na ro\u017enja\u010di sterilan, elasti\u010dan i providan za\u0161titni film bez konzervansa.<\/p>\n<ul>\n<li>They contain sodium hyaluronate, which creates a protective film without reducing the ability to see.<\/li>\n<li>The drops also contain provitamin B5 (dexpanthenol), which has the ability to bind a large amount of water, moisturizes and nourishes the eye on the one hand, while on the other hand, together with sodium hyaluronate, it retains moisture, nourishes and soothes the eye, protects and lubricates.<\/li>\n<li>They are used for mechanical eye strain as a result of wearing contact lenses or diagnostic eye examinations, for eye strain as a result of working on a computer, for environmental changes caused by air conditioners, wind, cold, dry or polluted air.<\/li>\n<\/ul>\n<p><strong>WAY OF USE<\/strong>: Instill the contents of a single dose into the eyes several times a day.<\/p>\n<p><strong>PACKAGING:\u00a0<\/strong>20 monodoses of 0.5 ml<\/p>","protected":false},"featured_media":5560,"template":"","meta":[],"product_brand":[3094],"product_cat":[139,3054],"product_tag":[1709,501,2071,2188],"class_list":{"0":"post-5559","1":"product","2":"type-product","3":"status-publish","4":"has-post-thumbnail","6":"product_brand-bayer","7":"product_cat-vitamini-za-oci-i-vestacke-suze","8":"product_cat-akcija","9":"product_tag-betty","10":"product_tag-bez-konzervansa","11":"product_tag-natrijum-hijaluronat","12":"product_tag-vestacke-suze","13":"pa_brend-bayer-health-care","15":"first","16":"instock","17":"sale","18":"shipping-taxable","19":"purchasable","20":"product-type-simple"},"ams_default_variation_id":0,"ams_product_points_reward":[],"ams_product_discount_percentage":15,"ams_price_to_display":1407.6,"ams_acf":[],"jetpack_sharing_enabled":true,"_links":{"self":[{"href":"https:\/\/apotekar-online.rs\/en\/wp-json\/wp\/v2\/product\/5559","targetHints":{"allow":["GET"]}}],"collection":[{"href":"https:\/\/apotekar-online.rs\/en\/wp-json\/wp\/v2\/product"}],"about":[{"href":"https:\/\/apotekar-online.rs\/en\/wp-json\/wp\/v2\/types\/product"}],"wp:featuredmedia":[{"embeddable":true,"href":"https:\/\/apotekar-online.rs\/en\/wp-json\/wp\/v2\/media\/5560"}],"wp:attachment":[{"href":"https:\/\/apotekar-online.rs\/en\/wp-json\/wp\/v2\/media?parent=5559"}],"wp:term":[{"taxonomy":"product_brand","embeddable":true,"href":"https:\/\/apotekar-online.rs\/en\/wp-json\/wp\/v2\/product_brand?post=5559"},{"taxonomy":"product_cat","embeddable":true,"href":"https:\/\/apotekar-online.rs\/en\/wp-json\/wp\/v2\/product_cat?post=5559"},{"taxonomy":"product_tag","embeddable":true,"href":"https:\/\/apotekar-online.rs\/en\/wp-json\/wp\/v2\/product_tag?post=5559"}],"curies":[{"name":"wp","href":"https:\/\/api.w.org\/{rel}","templated":true}]}}