{"id":5694,"date":"2024-02-24T08:48:01","date_gmt":"2024-02-24T10:48:01","guid":{"rendered":"https:\/\/apotekar-online.rs\/?post_type=product&#038;p=5694"},"modified":"2026-03-05T08:09:31","modified_gmt":"2026-03-05T10:09:31","slug":"srebrna-kap-za-nos-pantenol-i-propolis-20ml","status":"publish","type":"product","link":"https:\/\/apotekar-online.rs\/en\/p\/srebrna-kap-za-nos-pantenol-i-propolis-20ml\/","title":{"rendered":"Silver nose drops panthenol and propolis 20ml"},"content":{"rendered":"","protected":false},"excerpt":{"rendered":"<p>Srebrna kap, poja\u010dana pantenolom i propolisom idealno je sredstvo za higijenu nosnih kanala. Suzbija patogene organizme, koji putem vazduha dospevaju na povr\u0161inu sluzoko\u017ee nosa. Skra\u0107uje vreme trajanja i ubla\u017eava intenzitet infekcije. Otklanja problem za\u010depljenog nosa, ispira i \u010disti nosnu \u0161upljinu, a ko\u017ei vra\u0107a njen prirodni balans i vla\u017enost. Poma\u017ee kod ubla\u017eavanja alergijskih reakcija.<\/p>\n<p>Srebrna kap pantenol-propolis je dvovalentna formula preto\u010dena u rastvor za nos u spreju, koja u sebi sadr\u017ei jone srebra \u2013 najmo\u0107niji prirodni antibiotik. Sprej se koristi kao sredstvo za higijenu, a svoje dejstvo najbolje ostvaruje duboko u nosnoj \u0161upljini. Jedinstvenom, savremenom formulom nanotehnologije, koloidno srebro, u kombinaciji sa pantenolom i etarskim uljem propolisa deluje protivupalno \u2013 regeneri\u0161e sluzoko\u017eu nosa, vra\u0107a joj njenu prirodnu vla\u017enost i \u010disti nosnu \u0161upljinu, suzbijaju\u0107i pri tome bakterije i viruse koji putem vazduha dospevaju na njenu povr\u0161inu.<\/p>\n<p>Srebrna kap pantenol-propolis smanjuje intenzitet i vreme trajanja neprijatnih simptoma, olak\u0161ava disanje kroz nos u slu\u010dajevima kijavice a i alergijskih reakcija.<\/p>\n<p>Proizvod Srebrna kap pantenol-propolis mogu koristiti i deca od 4 godine starosti.<\/p>\n<p><strong>The use of<\/strong>:<\/p>\n<p>Uz pomo\u0107 pumpice preparat raspr\u0161iti na \u017eeljeno mesto. Po\u017eeljno je da se postupak ponovi nekoliko puta dnevno. Mehani\u010dka pumpica omogu\u0107ava raspr\u0161ivanje preparata u najsitnije kapljice, \u010dime se posti\u017ee optimalno oblaganje sluzoko\u017ee nosa. Prema potrebi mo\u017ee se bezbedno koristiti vi\u0161e puta dnevno, bez ikakvih \u0161tetnih posledica.<\/p>\n<p>Ne postoji interakcija sa drugim preparatima, niti rizik od predoziranja. Ne isu\u0161uje sluzoko\u017eu, ne menja \u010dulo ukusa. U slu\u010daju potpuno za\u010depljenog nosa, ili pri pojavi prvih znakova zapu\u0161enosti (ose\u0107aj golicanja u nosu), preparat koristiti na svakih sat vremena.<\/p>\n<p>Preparat mogu koristiti odrasli i deca od 4 godine starosti.<\/p>\n<p><strong>Composition<\/strong>: &#8211; Koloidno srebro<br \/>\n&#8211; Pomo\u0107ne supstance \u2013 pre\u010di\u0161\u0107ena voda, pantenol i etarsko ulje propolisa<\/p>","protected":false},"featured_media":5695,"template":"","meta":[],"product_brand":[],"product_cat":[169],"product_tag":[775,2256,623,248,374,2255],"class_list":{"0":"post-5694","1":"product","2":"type-product","3":"status-publish","4":"has-post-thumbnail","6":"product_cat-higijena-nosa-i-ociju","7":"product_tag-alergija","8":"product_tag-higijena-nosa","9":"product_tag-pantenol","10":"product_tag-propolis","11":"product_tag-sprej-za-nos","12":"product_tag-zacepljen-nos","13":"pa_brend-koloid","15":"first","16":"instock","17":"shipping-taxable","18":"purchasable","19":"product-type-simple"},"ams_default_variation_id":0,"ams_product_points_reward":[],"ams_product_discount_percentage":0,"ams_price_to_display":464.4,"ams_acf":[],"jetpack_sharing_enabled":true,"_links":{"self":[{"href":"https:\/\/apotekar-online.rs\/en\/wp-json\/wp\/v2\/product\/5694","targetHints":{"allow":["GET"]}}],"collection":[{"href":"https:\/\/apotekar-online.rs\/en\/wp-json\/wp\/v2\/product"}],"about":[{"href":"https:\/\/apotekar-online.rs\/en\/wp-json\/wp\/v2\/types\/product"}],"wp:featuredmedia":[{"embeddable":true,"href":"https:\/\/apotekar-online.rs\/en\/wp-json\/wp\/v2\/media\/5695"}],"wp:attachment":[{"href":"https:\/\/apotekar-online.rs\/en\/wp-json\/wp\/v2\/media?parent=5694"}],"wp:term":[{"taxonomy":"product_brand","embeddable":true,"href":"https:\/\/apotekar-online.rs\/en\/wp-json\/wp\/v2\/product_brand?post=5694"},{"taxonomy":"product_cat","embeddable":true,"href":"https:\/\/apotekar-online.rs\/en\/wp-json\/wp\/v2\/product_cat?post=5694"},{"taxonomy":"product_tag","embeddable":true,"href":"https:\/\/apotekar-online.rs\/en\/wp-json\/wp\/v2\/product_tag?post=5694"}],"curies":[{"name":"wp","href":"https:\/\/api.w.org\/{rel}","templated":true}]}}