{"id":5742,"date":"2024-02-27T11:41:16","date_gmt":"2024-02-27T13:41:16","guid":{"rendered":"https:\/\/apotekar-online.rs\/?post_type=product&#038;p=5742"},"modified":"2026-03-05T08:09:30","modified_gmt":"2026-03-05T10:09:30","slug":"filtrum-10-tableta","status":"publish","type":"product","link":"https:\/\/apotekar-online.rs\/en\/p\/filtrum-10-tableta\/","title":{"rendered":"Filtrum 10 tablets"},"content":{"rendered":"","protected":false},"excerpt":{"rendered":"<p>Za terapiju dijareje razli\u010dite etiologije i detoksikaciju organizma.<br \/>\nNa bazi 400 mg hidrolizovanog lignina.\u00a0Predstavlja prirodni entrosorbens, koji je proizvod kisele hidrolize drveta. Sorpcioni kapacitet lignina je 1000 puta ve\u0107i od sorpcionog kapaciteta aktivnog uglja. LIGNIN je sorbens sa \u0161irokim spektrom aktivnosti.<\/p>\n<p>&nbsp;<\/p>\n<p>Dijareja razli\u010dite etiologije (bakterije, virusi, paraziti).<br \/>\nDizenterija, salmoneloza, dispepsija i toksi\u010dne infekcije.<br \/>\nTrovanja hranom i alkoholom.<br \/>\nPutni\u010dka dijareja.<br \/>\nPioinflamatorne bolesti sa floristi\u010dkom intoksikacijom.<br \/>\nInsuficijencija bubrega i jetre.<br \/>\nAlergija na lekove i hranu.<br \/>\nAkutno trovanje uzrokovano alkaloidima, medicinskim proizvodima, solima te\u0161kih metala i drugim toksi\u010dnim agensima.<br \/>\nDisbakterioza.<\/p>\n<p class=\"mainTitle oswald\">Way of use<\/p>\n<div class=\"text\">\n<p>Preporu\u010dena upotreba je jedna doza 3-4 puta dnevno jedan sat pre obroka i\/ili uzimanja drugih lekova.<\/p>\n<p>Doza zavisi od uzrasta i telesne te\u017eine.<br \/>\nDoziranje kod dece:<br \/>\nDeca mla\u0111a od 1 godine \u2013 \u00bd tablete (obavezno konsultovati lekara)<br \/>\nDeca uzrasta 1-3 godine \u2013 \u00bd do 1 tableta<br \/>\nDeca uzrasta 4-7 godina \u2013 1 tableta<br \/>\nDeca uzrasta 7-12 godina \u2013 1-2 tablete<br \/>\nDoziranje kod dece starije od 12 godina i odraslih: 1-3 tablete 3-4 puta dnevno jedan sat pre obroka i\/ili uzimanja drugih lekova<\/p>\n<p>Preporu\u010dena du\u017eina terapije je 3-5 dana za akutne infekcije i trovanja, 14-21 dan za alergije i hroni\u010dne intoksikacije.<br \/>\nFILTRUM\u00ae mogu da koriste trudnice i \u017eene tokom laktacije, kao i deca uzrasta ispod jedne godine (uz konsultaciju sa lekarom).<\/p>\n<\/div>","protected":false},"featured_media":5743,"template":"","meta":[],"product_brand":[],"product_cat":[105],"product_tag":[2277,255,1585,2276],"class_list":{"0":"post-5742","1":"product","2":"type-product","3":"status-publish","4":"has-post-thumbnail","6":"product_cat-dijareja-i-rehidratacija","7":"product_tag-alergija-na-lekove","8":"product_tag-dijareja","9":"product_tag-putnicka-dijareja","10":"product_tag-trovanje","12":"first","13":"instock","14":"shipping-taxable","15":"purchasable","16":"product-type-simple"},"ams_default_variation_id":0,"ams_product_points_reward":[],"ams_product_discount_percentage":0,"ams_price_to_display":660,"ams_acf":[],"jetpack_sharing_enabled":true,"_links":{"self":[{"href":"https:\/\/apotekar-online.rs\/en\/wp-json\/wp\/v2\/product\/5742","targetHints":{"allow":["GET"]}}],"collection":[{"href":"https:\/\/apotekar-online.rs\/en\/wp-json\/wp\/v2\/product"}],"about":[{"href":"https:\/\/apotekar-online.rs\/en\/wp-json\/wp\/v2\/types\/product"}],"wp:featuredmedia":[{"embeddable":true,"href":"https:\/\/apotekar-online.rs\/en\/wp-json\/wp\/v2\/media\/5743"}],"wp:attachment":[{"href":"https:\/\/apotekar-online.rs\/en\/wp-json\/wp\/v2\/media?parent=5742"}],"wp:term":[{"taxonomy":"product_brand","embeddable":true,"href":"https:\/\/apotekar-online.rs\/en\/wp-json\/wp\/v2\/product_brand?post=5742"},{"taxonomy":"product_cat","embeddable":true,"href":"https:\/\/apotekar-online.rs\/en\/wp-json\/wp\/v2\/product_cat?post=5742"},{"taxonomy":"product_tag","embeddable":true,"href":"https:\/\/apotekar-online.rs\/en\/wp-json\/wp\/v2\/product_tag?post=5742"}],"curies":[{"name":"wp","href":"https:\/\/api.w.org\/{rel}","templated":true}]}}