{"id":5792,"date":"2024-03-07T12:25:27","date_gmt":"2024-03-07T14:25:27","guid":{"rendered":"https:\/\/apotekar-online.rs\/?post_type=product&#038;p=5792"},"modified":"2026-04-05T18:21:09","modified_gmt":"2026-04-05T20:21:09","slug":"livsane-dnevna-krema-za-lice-50-ml","status":"publish","type":"product","link":"https:\/\/apotekar-online.rs\/en\/p\/livsane-dnevna-krema-za-lice-50-ml\/","title":{"rendered":"Livsane Day face cream 50 ml"},"content":{"rendered":"","protected":false},"excerpt":{"rendered":"<p>Livsane Dnevna krema za lice sa jojobinim uljem namenjena je za negu svih tipova ko\u017ee. Ulje jojobe poseduje visoku mo\u0107 hidratacije i svojstva sli\u010dna prirodnom sebumu. Pru\u017ea dugotrajnu vla\u017enost, uspostavlja balans u prekomernom lu\u010denju sebuma masne ko\u017ee i nadome\u0161tava njegov nedostatak kod suve ko\u017ee. Umiruje i ne zatvara pore, pa je pogodna i za ko\u017eu sklonu aknama.<\/p>\n<h5>Dosage and method of administration<\/h5>\n<p>Naneti ujutru, na \u010distu i suvu ko\u017eu, najbolje nakon nano\u0161enja tonika i\/ili seruma za lice.<\/p>\n<h5>Composition<\/h5>\n<p>Ulje jojobe<\/p>","protected":false},"featured_media":5793,"template":"","meta":[],"product_brand":[3090],"product_cat":[547],"product_tag":[1608,445,2090],"class_list":{"0":"post-5792","1":"product","2":"type-product","3":"status-publish","4":"has-post-thumbnail","6":"product_brand-livsane","7":"product_cat-kozmetika-i-nega-za-odrasle","8":"product_tag-dnevna-krema","9":"product_tag-krema-za-lice","10":"product_tag-ulje-jojobe","11":"pa_brend-livsane","13":"first","14":"instock","15":"shipping-taxable","16":"purchasable","17":"product-type-simple"},"ams_default_variation_id":0,"ams_product_points_reward":[],"ams_product_discount_percentage":0,"ams_price_to_display":597.54,"ams_acf":[],"jetpack_sharing_enabled":true,"_links":{"self":[{"href":"https:\/\/apotekar-online.rs\/en\/wp-json\/wp\/v2\/product\/5792","targetHints":{"allow":["GET"]}}],"collection":[{"href":"https:\/\/apotekar-online.rs\/en\/wp-json\/wp\/v2\/product"}],"about":[{"href":"https:\/\/apotekar-online.rs\/en\/wp-json\/wp\/v2\/types\/product"}],"wp:featuredmedia":[{"embeddable":true,"href":"https:\/\/apotekar-online.rs\/en\/wp-json\/wp\/v2\/media\/5793"}],"wp:attachment":[{"href":"https:\/\/apotekar-online.rs\/en\/wp-json\/wp\/v2\/media?parent=5792"}],"wp:term":[{"taxonomy":"product_brand","embeddable":true,"href":"https:\/\/apotekar-online.rs\/en\/wp-json\/wp\/v2\/product_brand?post=5792"},{"taxonomy":"product_cat","embeddable":true,"href":"https:\/\/apotekar-online.rs\/en\/wp-json\/wp\/v2\/product_cat?post=5792"},{"taxonomy":"product_tag","embeddable":true,"href":"https:\/\/apotekar-online.rs\/en\/wp-json\/wp\/v2\/product_tag?post=5792"}],"curies":[{"name":"wp","href":"https:\/\/api.w.org\/{rel}","templated":true}]}}