{"id":6361,"date":"2024-04-26T11:16:10","date_gmt":"2024-04-26T13:16:10","guid":{"rendered":"https:\/\/apotekar-online.rs\/?post_type=product&#038;p=6361"},"modified":"2026-03-05T08:07:44","modified_gmt":"2026-03-05T10:07:44","slug":"kansen-vaginal-tablets-3x200mg","status":"publish","type":"product","link":"https:\/\/apotekar-online.rs\/en\/p\/kansen-vaginalne-tablete-3x200mg\/","title":{"rendered":"Kansen vaginal tablets, 3x200mg"},"content":{"rendered":"","protected":false},"excerpt":{"rendered":"<p><strong>The sale of this medicine via the Internet is prohibited by the law of the Republic of Serbia, while advertising it via the Internet is permitted exclusively<\/strong>\u00a0<strong>as a reminder and has the purpose of informing.<\/strong><\/p>\n<p>Kansen\u00ae<br \/>\n, 200 mg, vaginal tablets<br \/>\nclotrimazole<br \/>\nRead this instruction carefully before you start using this medicine, because it contains<br \/>\ninformation that is important to you.<br \/>\nAlways use this medicine exactly as stated in these instructions or as explained to you by your doctor<br \/>\ndoctor or pharmacist.<br \/>\n\uf02d Save the instructions. You may need to read it again.<br \/>\n\uf02d If you have additional questions or need advice, contact your pharmacist.<br \/>\n\uf02d If you experience any side effects, contact your doctor or pharmacist. This<br \/>\nincludes any side effects not listed in this guide. See section 4.<br \/>\n\uf02d If you do not feel better or feel worse after 7 days, you must contact your doctor.<br \/>\nIn this guide you will read:<br \/>\n1. What is the drug Kansen and what is it for?<br \/>\n2. What you need to know before you use Kansen<br \/>\n3. How Kansen is administered<br \/>\n4. M<br \/>\nabout<br \/>\nless side effects<br \/>\n5. How to store Kansen medicine<br \/>\n6. Contents of the package and other information<br \/>\n2 out of 5<br \/>\n1. What is the drug Kansen and what is it for?<br \/>\nThe drug Kansen contains the active substance clotrimazole, which belongs to the group of drugs called antimycotics<br \/>\n(medicines to treat fungal infections).<br \/>\nKansen, a vaginal tablet is a medicine for the treatment of candidiasis vaginitis, an infection of the vagina caused by it<br \/>\nfungi from the genus Candida.<br \/>\nThe drug is intended for adults and children over 12 years of age. For use in children aged 12 to 16 years<br \/>\nit is necessary to consult a doctor.<br \/>\n2. What you need to know before you use Kansen<br \/>\nYou must not use Kansen:<br \/>\n\uf0b7 if you are allergic (hypersensitive) to clotrimazole or any of the auxiliary substances of this medicine<br \/>\n(listed in section 6).<br \/>\nWarnings and precautions<br \/>\nTalk to your doctor or pharmacist before using Kansen vaginal tablets:<br \/>\n\uf0b7 if you have a fever (body temperature 38 \u00b0C or above), lower abdominal pain, back pain,<br \/>\nfoul-smelling vaginal discharge, nausea, vaginal bleeding and\/or shoulder pain.<br \/>\n\uf0b7 if you use latex contraceptives such as condoms and diaphragms, because the drug<br \/>\nKansen, vaginal tablets in combined treatment with cream can reduce their effectiveness<br \/>\nand security.<br \/>\nKeep the medicine out of the sight and reach of children.<br \/>\nAvoid contact with eyes. Do not swallow.<br \/>\nOther medicines and Kansen<br \/>\nInform your doctor or pharmacist if you are taking, have recently taken or may take any<br \/>\nwhat other medicines.<br \/>\nSimultaneous administration of the drug Kansen vaginally and tacrolimus and sirolimus orally (drugs used<br \/>\nto prevent rejection of the transplanted organ) may lead to an increase in tacrolimus concentrations in<br \/>\nplasma, and similarly sirolimus. It is necessary to carefully monitor the appearance of symptoms of tacrolimus overdose<br \/>\nor sirolimus, if necessary by determining plasma concentrations.<br \/>\nPregnancy and breastfeeding<br \/>\nIf you are pregnant or breastfeeding, think you are pregnant or are planning to become pregnant, contact your doctor or<br \/>\npharmacist for advice before using this medicine.<br \/>\nPregnancy<br \/>\nIt is advised to avoid the use of clotrimazole during the first three months of pregnancy.<br \/>\nBreastfeeding<br \/>\nDuring treatment with this drug, breastfeeding must be stopped.<br \/>\n3 out of 5<br \/>\nDriving vehicles and operating machines<br \/>\nThe drug Kansen has no or negligible influence on the ability to drive and operate vehicles<br \/>\nmachines.<br \/>\n3. How Kansen is administered<br \/>\nAlways use this medicine exactly as stated in this Medication Guide or as it has been explained to you<br \/>\nYour doctor or pharmacist. If you are not sure, check with your doctor or pharmacist. If you don&#039;t wake up<br \/>\nIf you follow the instructions exactly, the medicine will not work properly.<br \/>\nDo not use tampons, intravaginal douches, spermicides or others while using this medicine<br \/>\nvaginal products, as well as latex products (condoms, diaphragms; if you also use a cream for<br \/>\nexternal use).<br \/>\nIt is recommended to avoid vaginal intercourse while using this medicine in case of vaginal infection<br \/>\nas the infection can be passed on to a partner.<br \/>\nThe drug Kansen is intended for vaginal use.<br \/>\nFor three consecutive evenings, one vaginal tablet should be inserted as deeply as possible into the vagina, before going to bed, as it is<br \/>\nis described below. Symptoms caused by a yeast infection of the vagina usually do not last more than 7 days.<br \/>\nIf the signs of infection do not disappear completely, the condition worsens or the symptoms reappear in the period from<br \/>\n2 months, consult a doctor.<br \/>\nIf the labia and the area around them are infected at the same time, apart from the application of the medicine into the vagina (cream or<br \/>\nvaginal tablet) additional treatment with a cream for external use (combined treatment) is also required.<br \/>\nIf your partner has symptoms, e.g. itching, inflammation, he should also start treatment.<br \/>\nThe use of vaginal tablets during menstruation is not recommended. Treatment should be completed before starting<br \/>\nmenstrual cycle.<br \/>\nInstructions for proper use of Kansen, vaginal tablets:<br \/>\nThe vaginal tablet should be inserted in the evening, before going to bed, with washed hands as deep as possible into the vagina. It&#039;s best to<br \/>\nwhile lying on your back with your legs bent upwards.<br \/>\nIn order for the vaginal tablets to dissolve completely in the vagina, they need moisture. Otherwise undissolved<br \/>\npieces of the vaginal tablet can be crushed from the vagina. Pieces of undissolved vaginal tablets are generally<br \/>\nappear in women with vaginal dryness. To avoid this, it is necessary to vaginally<br \/>\nthe tablet is applied as deeply as possible into the vagina, in the evening before going to bed. If the vaginal tablet does not dissolve in<br \/>\ncompletely in one night, consult your doctor or pharmacist about the possibility of use<br \/>\nvaginal cream.<br \/>\nApplication in children and adolescents<br \/>\nThe drug is intended for adults and children over 12 years of age. For use in children aged 12 to 16 years<br \/>\nit is necessary to consult a doctor.<br \/>\nIf you forget to use Kansen<br \/>\nIf you forgot to apply the medicine in the evening, you can do it the next morning, that is, as soon as you remember. Not<br \/>\nadminister a double dose to make up for the missed dose.<br \/>\n4 out of 5<br \/>\nIf you suddenly stop using Kansen<br \/>\nIf you want to completely cure the yeast infection and prevent its recurrence, you must not stop the treatment<br \/>\nwithout consulting a doctor. If you do, you run the risk of the disease recurring. Treatment does not<br \/>\nyou may stop immediately after the disappearance of the symptoms of infection, but you must continue for 3 consecutive days, such as<br \/>\nthat prescribed in this instruction.<br \/>\nIf you have any further questions about the use of this medicine, ask your doctor or pharmacist.<br \/>\n4. Possible side effects<br \/>\nLike all medicines, this medicine can cause side effects, although not everybody gets them.<br \/>\npatients taking this medicine.<br \/>\nAdverse effects have been identified during the post-marketing period of clotrimazole. Since these<br \/>\nreactions reported voluntarily from a population whose exact size is not known, is not always possible reliably<br \/>\ndetermine their frequency.<br \/>\nImmune system disorders: allergic reactions (sudden short-term loss of consciousness, drop in blood pressure,<br \/>\ndifficulty breathing, hives).<br \/>\nReproductive system and breast disorders: genital scaling, itching, rash, swelling, redness, discomfort,<br \/>\nburning, irritation, pelvic pain, vaginal bleeding.<br \/>\nGastrointestinal disorders: abdominal pain.<br \/>\nReporting adverse reactions<br \/>\nIf you experience any unwanted reaction, you should inform your doctor or pharmacist.<br \/>\nThis includes any possible side effects that are not listed in this guide. By signing up<br \/>\nadverse reactions can help evaluate the safety of this medicine. They suspect unwanted reactions<br \/>\nyou can report to the Agency for Medicines and Medical Devices of Serbia (ALIMS):<br \/>\nAgency for Medicines and Medical Devices of Serbia<br \/>\nNational Center for Pharmacovigilance<br \/>\nVojvode Stepe 458, 11221 Belgrade<br \/>\nRepublic of Serbia<br \/>\nwebsite: www.alims.gov.rs<br \/>\ne-mail: nezeljene.reakcije@alims.gov.rs<br \/>\n5. How to store Kansen medicine<br \/>\nKeep the medicine out of the sight and reach of children.<br \/>\nYou must not use the medicine Kansen after the expiration date indicated on the package after &quot;Valid until:&quot;. Date<br \/>\nthe expiration date refers to the last day of the specified month.<br \/>\nStore at a temperature of up to 25 \u00b0C, in the original packaging, to protect from light and moisture.<br \/>\nUnusable medicines are handed over to the pharmacy where the notice that they are to be collected is displayed in that pharmacy<br \/>\nunusable medicines from citizens. Unusable medicines must not be thrown into the sewer or together with<br \/>\ncommunal waste. These measures will help protect the environment.<br \/>\n5 out of 5<br \/>\n6. Contents of the package and other information<br \/>\nWhat Kansen contains<br \/>\n\uf02d The active substance is clotrimazole.<br \/>\nOne vaginal tablet contains 200 mg of clotrimazole.<br \/>\n\uf02d Auxiliary substances are: lactose, monohydrate; starch, corn; adipic acid; silicon dioxide,<br \/>\ncolloidal, anhydrous; polysorbate 80; sodium hydrogen carbonate; povidone K-30; magnesium stearate.<br \/>\nWhat the drug Kansen looks like and the contents of the package<br \/>\nAn oblong, narrowed at one end, smooth vaginal tablet, white in color.<br \/>\nThe inner packaging of the drug is an aluminum blister with 3 vaginal tablets.<br \/>\nThe outer packaging of the drug is a collapsible cardboard box containing one blister (a total of 3 vaginal<br \/>\ntablets) and Instructions for the drug.<br \/>\nLicense holder and manufacturer<br \/>\nLicense holder:<br \/>\nACTAVIS DOO BELGRADE, \u0110or\u0111a Stanojevi\u0107a 12, Belgrade<br \/>\nManufacturer:<br \/>\nZDRAVLJE AD LESKOVAC, Vlajkova 199, Leskovac, Republic of Serbia<br \/>\nThis instruction was last approved<br \/>\nJune, 2019.<br \/>\nMode of administration of the drug:<br \/>\nThe drug is issued without a doctor&#039;s prescription.<br \/>\nLicense number and date:<br \/>\n515-01-04225-18-001 from 14.06.2019<\/p>","protected":false},"featured_media":6362,"template":"","meta":[],"product_brand":[],"product_cat":[88],"product_tag":[2417,1821,2416],"class_list":{"0":"post-6361","1":"product","2":"type-product","3":"status-publish","4":"has-post-thumbnail","6":"product_cat-intimna-nega","7":"product_tag-antimikotik","8":"product_tag-gljivica","9":"product_tag-vaginalne-tablete","10":"pa_brend-zdravlje-lek","12":"first","13":"instock","14":"shipping-taxable","15":"product-type-simple"},"ams_default_variation_id":0,"ams_product_points_reward":[],"ams_product_discount_percentage":0,"ams_price_to_display":0,"ams_acf":[],"jetpack_sharing_enabled":true,"_links":{"self":[{"href":"https:\/\/apotekar-online.rs\/en\/wp-json\/wp\/v2\/product\/6361","targetHints":{"allow":["GET"]}}],"collection":[{"href":"https:\/\/apotekar-online.rs\/en\/wp-json\/wp\/v2\/product"}],"about":[{"href":"https:\/\/apotekar-online.rs\/en\/wp-json\/wp\/v2\/types\/product"}],"wp:featuredmedia":[{"embeddable":true,"href":"https:\/\/apotekar-online.rs\/en\/wp-json\/wp\/v2\/media\/6362"}],"wp:attachment":[{"href":"https:\/\/apotekar-online.rs\/en\/wp-json\/wp\/v2\/media?parent=6361"}],"wp:term":[{"taxonomy":"product_brand","embeddable":true,"href":"https:\/\/apotekar-online.rs\/en\/wp-json\/wp\/v2\/product_brand?post=6361"},{"taxonomy":"product_cat","embeddable":true,"href":"https:\/\/apotekar-online.rs\/en\/wp-json\/wp\/v2\/product_cat?post=6361"},{"taxonomy":"product_tag","embeddable":true,"href":"https:\/\/apotekar-online.rs\/en\/wp-json\/wp\/v2\/product_tag?post=6361"}],"curies":[{"name":"wp","href":"https:\/\/api.w.org\/{rel}","templated":true}]}}