{"id":6587,"date":"2024-06-05T10:40:54","date_gmt":"2024-06-05T12:40:54","guid":{"rendered":"https:\/\/apotekar-online.rs\/?post_type=product&#038;p=6587"},"modified":"2026-03-05T08:07:36","modified_gmt":"2026-03-05T10:07:36","slug":"livsane-balzam-za-usne-sun-protect-48-g","status":"publish","type":"product","link":"https:\/\/apotekar-online.rs\/en\/p\/livsane-balzam-za-usne-sun-protect-48-g\/","title":{"rendered":"Livsane Sun Protect Lip Balm 4.8 g"},"content":{"rendered":"","protected":false},"excerpt":{"rendered":"<p>Livsane Balzam za usne Sun Protect namenjen je za za\u0161titu usana od \u0161tetnog dejstva sun\u010devog zra\u010denja (SPF 30). Nanosi se pre izlaganja ko\u017ee suncu. Tokom boravka na suncu, potrebno ga je nanositi \u010desto i u debljem sloju, kako bi se odr\u017eala za\u0161tita. Dermatolo\u0161kim ispitivanjem je potvr\u0111ena podno\u0161ljivost na ko\u017ei. Izbegavati preterano izlaganje suncu u popodnevnim \u010dasovima.<\/p>\n<h5>Dosage and method of administration<\/h5>\n<p>Naneti na usne vi\u0161e puta tokom dana, u debljem sloju.<\/p>\n<h5>Composition<\/h5>\n<p>P\u010delinji vosk, biljni vosak, avokadovo ulje, ulje narand\u017ee i vitamin E<\/p>","protected":false},"featured_media":6588,"template":"","meta":[],"product_brand":[3090],"product_cat":[121],"product_tag":[2513,556,2514,548],"class_list":{"0":"post-6587","1":"product","2":"type-product","3":"status-publish","4":"has-post-thumbnail","6":"product_brand-livsane","7":"product_cat-higijena-usta-i-zuba","8":"product_tag-balsam-za-usne","9":"product_tag-spf-30","10":"product_tag-sun-protect","11":"product_tag-zastita","12":"pa_brend-livsane","14":"first","15":"instock","16":"shipping-taxable","17":"purchasable","18":"product-type-simple"},"ams_default_variation_id":0,"ams_product_points_reward":[],"ams_product_discount_percentage":0,"ams_price_to_display":238.8,"ams_acf":[],"jetpack_sharing_enabled":true,"_links":{"self":[{"href":"https:\/\/apotekar-online.rs\/en\/wp-json\/wp\/v2\/product\/6587","targetHints":{"allow":["GET"]}}],"collection":[{"href":"https:\/\/apotekar-online.rs\/en\/wp-json\/wp\/v2\/product"}],"about":[{"href":"https:\/\/apotekar-online.rs\/en\/wp-json\/wp\/v2\/types\/product"}],"wp:featuredmedia":[{"embeddable":true,"href":"https:\/\/apotekar-online.rs\/en\/wp-json\/wp\/v2\/media\/6588"}],"wp:attachment":[{"href":"https:\/\/apotekar-online.rs\/en\/wp-json\/wp\/v2\/media?parent=6587"}],"wp:term":[{"taxonomy":"product_brand","embeddable":true,"href":"https:\/\/apotekar-online.rs\/en\/wp-json\/wp\/v2\/product_brand?post=6587"},{"taxonomy":"product_cat","embeddable":true,"href":"https:\/\/apotekar-online.rs\/en\/wp-json\/wp\/v2\/product_cat?post=6587"},{"taxonomy":"product_tag","embeddable":true,"href":"https:\/\/apotekar-online.rs\/en\/wp-json\/wp\/v2\/product_tag?post=6587"}],"curies":[{"name":"wp","href":"https:\/\/api.w.org\/{rel}","templated":true}]}}