{"id":6619,"date":"2024-06-06T10:37:06","date_gmt":"2024-06-06T12:37:06","guid":{"rendered":"https:\/\/apotekar-online.rs\/?post_type=product&#038;p=6619"},"modified":"2026-03-05T07:54:55","modified_gmt":"2026-03-05T09:54:55","slug":"eucerin-lipo-balans-50-ml","status":"publish","type":"product","link":"https:\/\/apotekar-online.rs\/en\/p\/eucerin-lipo-balans-50-ml\/","title":{"rendered":"Eucerin Lipo-Balance, 50 ml"},"content":{"rendered":"","protected":false},"excerpt":{"rendered":"<div class=\"wysiwyg\">\n<h5><strong>Product description<\/strong><\/h5>\n<p>Suva ko\u017ea lica \u010desto nastaje usled smanjene prirodne proizvodnje lipida (masti). Sa manjkom lipida, slabi za\u0161titna barijera ko\u017ee\u00a0i ona postaje osetljiva, zategnuta, gruba i perutava. Eucerin Lipo-balans sa biotinom i ceramidom-3 je intenzivno hranljiva krema koja \u010dini ko\u017eu umirenom, odmornom, ne\u017enom i gipkom. Nadoknadom manjka lipida, sposobnost ko\u017ee da obnovi svoju hidrolipidnu za\u0161titnu barijeru se pove\u0107ava, \u0161to za rezultat ima dugotrajnu za\u0161titu protiv dehidratacije. Dokazana je dobra podno\u0161ljivost ove kreme kod osoba sa suvom i osetljivom ko\u017eom.<\/p>\n<h5><strong>Dosage and method of use<\/strong><\/h5>\n<p>Ne\u017eno umasirajte ujutro i\/ili uve\u010de na temeljno o\u010di\u0161\u0107enu ko\u017eu lica, vrata i dekoltea.<\/p>\n<h5><strong>Composition<\/strong><\/h5>\n<p>voda, glycerin, dicaprylyl ether, butyrospermum parkii butter, hydrogenated coco-glycerides, cetyl alcohol, simmondsia chinensis, glyceryl stearate citrate, ethylhexyl methoxycinnamate, panthenol, behenyl alcohol, c12-15 alkyl benzoate, ceramide 3, biotin-vitamin-b7, tocopheryl acetate, phenoxyethanol, oenothera biennis oil, sodium carbomer, methylparaben, ethylparaben, titanium dioxide, butylene glycol, citric acid, alumina, bht, silica, iodopropynyl butylcarbamate, sodium polyacrylate, ascorbyl palmitate, tocopherol, sodium methylparaben<\/p>\n<\/div>\n<div class=\"product-info\"><\/div>","protected":false},"featured_media":6621,"template":"","meta":[],"product_brand":[],"product_cat":[178,80,547],"product_tag":[233,2535,907,2534,2537,2532,2536],"class_list":{"0":"post-6619","1":"product","2":"type-product","3":"status-publish","4":"has-post-thumbnail","6":"product_cat-nega-lica","7":"product_cat-koza-kosa-i-nokti","8":"product_cat-kozmetika-i-nega-za-odrasle","9":"product_tag-biotin","10":"product_tag-intenzivno-hranljiva-krema","11":"product_tag-lice","12":"product_tag-sa-ceramidom-3","13":"product_tag-vrat-i-dekolte","14":"product_tag-za-suvu-i-osetljivu-kozu","15":"product_tag-zastita-protiv-dehidratacije","16":"pa_brend-eucerin","18":"first","19":"instock","20":"shipping-taxable","21":"purchasable","22":"product-type-simple"},"ams_default_variation_id":0,"ams_product_points_reward":[],"ams_product_discount_percentage":0,"ams_price_to_display":1713,"ams_acf":[],"jetpack_sharing_enabled":true,"_links":{"self":[{"href":"https:\/\/apotekar-online.rs\/en\/wp-json\/wp\/v2\/product\/6619","targetHints":{"allow":["GET"]}}],"collection":[{"href":"https:\/\/apotekar-online.rs\/en\/wp-json\/wp\/v2\/product"}],"about":[{"href":"https:\/\/apotekar-online.rs\/en\/wp-json\/wp\/v2\/types\/product"}],"wp:featuredmedia":[{"embeddable":true,"href":"https:\/\/apotekar-online.rs\/en\/wp-json\/wp\/v2\/media\/6621"}],"wp:attachment":[{"href":"https:\/\/apotekar-online.rs\/en\/wp-json\/wp\/v2\/media?parent=6619"}],"wp:term":[{"taxonomy":"product_brand","embeddable":true,"href":"https:\/\/apotekar-online.rs\/en\/wp-json\/wp\/v2\/product_brand?post=6619"},{"taxonomy":"product_cat","embeddable":true,"href":"https:\/\/apotekar-online.rs\/en\/wp-json\/wp\/v2\/product_cat?post=6619"},{"taxonomy":"product_tag","embeddable":true,"href":"https:\/\/apotekar-online.rs\/en\/wp-json\/wp\/v2\/product_tag?post=6619"}],"curies":[{"name":"wp","href":"https:\/\/api.w.org\/{rel}","templated":true}]}}