{"id":6624,"date":"2024-06-06T11:02:11","date_gmt":"2024-06-06T13:02:11","guid":{"rendered":"https:\/\/apotekar-online.rs\/?post_type=product&#038;p=6624"},"modified":"2026-03-05T07:54:54","modified_gmt":"2026-03-05T09:54:54","slug":"eucerin-atopicontrol-balsam-400-ml","status":"publish","type":"product","link":"https:\/\/apotekar-online.rs\/en\/p\/eucerin-atopicontrol-balsam-400-ml\/","title":{"rendered":"Eucerin AtopyControl Balsam, 400 ml"},"content":{"rendered":"","protected":false},"excerpt":{"rendered":"<h5><strong>Product description<\/strong><\/h5>\n<p>Eucerin AtopiControl Balsam je balzam za telo za svakodnevnu upotrebu koji je posebno formulisan da umiri i intenzivno hidrira iziritiranu ko\u017eu koja svrbi. Lagana, ali hranljiva formulacija na bazi ulja u vodi oboga\u0107ena je umiruju\u0107im likokalkonom A, ceramidima i \u0161i puterom kako bi se oja\u010dala barijerna funkcija ko\u017ee i ubla\u017eili suvo\u0107a i svrab. Tokom upalne faze, koristi se zajedno sa Eucerin AtopiControl Kremom za akutnu negu, Eucerin Sprejem protiv svraba i uobi\u010dajenom terapijom koju je propisao lekar. Balzam za atopijski ekcem pru\u017ea trenutnu hidrataciju kako bi ko\u017ea postala meka i glatka, a redovnom upotrebom stanje ko\u017ee se vidno pobolj\u0161ava. Klini\u010dki i dermatolo\u0161ki je dokazano da ovaj proizvod doprinosi dobrom snu i pobolj\u0161ava kvalitet \u017eivota osobama sa atopijskim dermatitisom. Balzam\u00a0ne sadr\u017ei parfeme i ima laganu i prijatnu teksturu koja se brzo upija i nije masna niti lepljiva. Pogodan je za odrasle, decu,\u00a0bebe i novoro\u0111en\u010dad.<\/p>\n<p><strong>Dosage and method of use<\/strong><\/p>\n<p>Nanosite svakodnevno, onoliko \u010desto koliko je to potrebno. Za najbolje rezultate, koristite u kombinaciji sa Eucerin AtopiControl Uljem za kupanje.<\/p>\n<p><strong>Composition<\/strong><\/p>\n<p>voda, glycerin, butyrospermum parkii butter, octyldodecanol, caprylic-capric-triglyceride, vitis vinifera seed oil, distarch phosphate, glyceryl stearate se, cetearyl alcohol, oenothera biennis oil, glycyrrhiza inflata root extract, ceramide np, tocopherol, sodium pca, glycine, arginine hcl, carbomer, citric acid, ethylhexylglycerin, sodium cetearyl sulfate, sodium citrate, caprylyl glycol, sodium hydroxide, ascorbyl palmitate, trisodium edta, phenoxyethanol, sodium benzoate<\/p>","protected":false},"featured_media":6627,"template":"","meta":[],"product_brand":[],"product_cat":[177,80,224,547],"product_tag":[2542,2541,558,2543,950,1407,953,2544],"class_list":{"0":"post-6624","1":"product","2":"type-product","3":"status-publish","4":"has-post-thumbnail","6":"product_cat-nega-tela","7":"product_cat-koza-kosa-i-nokti","8":"product_cat-kozmetika-za-decu","9":"product_cat-kozmetika-i-nega-za-odrasle","10":"product_tag-balsam","11":"product_tag-bez-parfema","12":"product_tag-intenzivna-hidratacija","13":"product_tag-lagana-tekstura","14":"product_tag-umiruje","15":"product_tag-za-bebe","16":"product_tag-za-decu-i-za-odrasle","17":"product_tag-za-novorodjencad","18":"pa_brend-eucerin","20":"first","21":"instock","22":"shipping-taxable","23":"purchasable","24":"product-type-simple"},"ams_default_variation_id":0,"ams_product_points_reward":[],"ams_product_discount_percentage":0,"ams_price_to_display":2425,"ams_acf":[],"jetpack_sharing_enabled":true,"_links":{"self":[{"href":"https:\/\/apotekar-online.rs\/en\/wp-json\/wp\/v2\/product\/6624","targetHints":{"allow":["GET"]}}],"collection":[{"href":"https:\/\/apotekar-online.rs\/en\/wp-json\/wp\/v2\/product"}],"about":[{"href":"https:\/\/apotekar-online.rs\/en\/wp-json\/wp\/v2\/types\/product"}],"wp:featuredmedia":[{"embeddable":true,"href":"https:\/\/apotekar-online.rs\/en\/wp-json\/wp\/v2\/media\/6627"}],"wp:attachment":[{"href":"https:\/\/apotekar-online.rs\/en\/wp-json\/wp\/v2\/media?parent=6624"}],"wp:term":[{"taxonomy":"product_brand","embeddable":true,"href":"https:\/\/apotekar-online.rs\/en\/wp-json\/wp\/v2\/product_brand?post=6624"},{"taxonomy":"product_cat","embeddable":true,"href":"https:\/\/apotekar-online.rs\/en\/wp-json\/wp\/v2\/product_cat?post=6624"},{"taxonomy":"product_tag","embeddable":true,"href":"https:\/\/apotekar-online.rs\/en\/wp-json\/wp\/v2\/product_tag?post=6624"}],"curies":[{"name":"wp","href":"https:\/\/api.w.org\/{rel}","templated":true}]}}