{"id":6630,"date":"2024-06-06T11:21:33","date_gmt":"2024-06-06T13:21:33","guid":{"rendered":"https:\/\/apotekar-online.rs\/?post_type=product&#038;p=6630"},"modified":"2026-03-05T07:54:54","modified_gmt":"2026-03-05T09:54:54","slug":"eucerin-dermatoclean-hyaluron-tonik-200-ml","status":"publish","type":"product","link":"https:\/\/apotekar-online.rs\/en\/p\/eucerin-dermatoclean-hyaluron-tonik-200-ml\/","title":{"rendered":"Eucerin DermatoClean [Hyaluron] Tonik, 200 ml"},"content":{"rendered":"","protected":false},"excerpt":{"rendered":"<h5><strong>Product description<\/strong><\/h5>\n<p>Eucerin DermatoClean osve\u017eavaju\u0107i tonik\u00a0ne\u017eno uklanja tragove sredstva za \u010di\u0161\u0107enje, poma\u017ee ko\u017ei da lak\u0161e di\u0161e, testiran je i dokazano kompatibilan sa osetljivom ko\u017eom. Sadr\u017ei inovativnu kombinaciju aktivnih sastojaka: APG kompleks &#8211; efikasan, a izuzetno blag kompleks za \u010di\u0161\u0107enje;\u00a0gliko-glicerol &#8211; aktivni sastojak prirodnog porekla koji hidrira;\u00a0hijaluronsku kiselinu &#8211; aktivni sastojak sa visokom sposobno\u0161\u0107u vezivanja vlage. Nakon kori\u0161\u0107enja tonika, ko\u017ea je bolje pripremljena za obnavljanje,\u00a0\u010distija i umirena, primetno mek\u0161a i elasti\u010dna.<\/p>\n<h5><strong>Dosage and method of administration<\/strong><\/h5>\n<p>Nanesite na tupfer i ne\u017eno o\u010distite lice, vrat i dekolte nakon \u010di\u0161\u0107enja DermatoCLEAN mlekom ili gelom. Nakon toga nanesite odgovaraju\u0107i preparat za negu.<\/p>\n<h5><strong>Composition<\/strong><\/h5>\n<p>aqua, dipropylene glycol, glyceryl glucoside, glycerin, sodium hyaluronate, decyl glucoside, sodium citrate, citric acid, cocamidopropyl betaine, trisodium edta, sodium chloride, 1,2-hexanediol, phenoxyethanol<\/p>","protected":false},"featured_media":6631,"template":"","meta":[],"product_brand":[],"product_cat":[547,80,178],"product_tag":[2549,2550,541,2547,2548],"class_list":{"0":"post-6630","1":"product","2":"type-product","3":"status-publish","4":"has-post-thumbnail","6":"product_cat-kozmetika-i-nega-za-odrasle","7":"product_cat-koza-kosa-i-nokti","8":"product_cat-nega-lica","9":"product_tag-apg-kompleks","10":"product_tag-gliko-glicerol","11":"product_tag-hijaluronska-kiselina","12":"product_tag-meksa-i-elasticnija-koza","13":"product_tag-tonik","14":"pa_brend-eucerin","16":"first","17":"instock","18":"shipping-taxable","19":"purchasable","20":"product-type-simple"},"ams_default_variation_id":0,"ams_product_points_reward":[],"ams_product_discount_percentage":0,"ams_price_to_display":1302,"ams_acf":[],"jetpack_sharing_enabled":true,"_links":{"self":[{"href":"https:\/\/apotekar-online.rs\/en\/wp-json\/wp\/v2\/product\/6630","targetHints":{"allow":["GET"]}}],"collection":[{"href":"https:\/\/apotekar-online.rs\/en\/wp-json\/wp\/v2\/product"}],"about":[{"href":"https:\/\/apotekar-online.rs\/en\/wp-json\/wp\/v2\/types\/product"}],"wp:featuredmedia":[{"embeddable":true,"href":"https:\/\/apotekar-online.rs\/en\/wp-json\/wp\/v2\/media\/6631"}],"wp:attachment":[{"href":"https:\/\/apotekar-online.rs\/en\/wp-json\/wp\/v2\/media?parent=6630"}],"wp:term":[{"taxonomy":"product_brand","embeddable":true,"href":"https:\/\/apotekar-online.rs\/en\/wp-json\/wp\/v2\/product_brand?post=6630"},{"taxonomy":"product_cat","embeddable":true,"href":"https:\/\/apotekar-online.rs\/en\/wp-json\/wp\/v2\/product_cat?post=6630"},{"taxonomy":"product_tag","embeddable":true,"href":"https:\/\/apotekar-online.rs\/en\/wp-json\/wp\/v2\/product_tag?post=6630"}],"curies":[{"name":"wp","href":"https:\/\/api.w.org\/{rel}","templated":true}]}}