{"id":6642,"date":"2024-06-06T12:00:31","date_gmt":"2024-06-06T14:00:31","guid":{"rendered":"https:\/\/apotekar-online.rs\/?post_type=product&#038;p=6642"},"modified":"2026-03-05T07:54:53","modified_gmt":"2026-03-05T09:54:53","slug":"eucerin-anti-pigment-korektor-5-ml","status":"publish","type":"product","link":"https:\/\/apotekar-online.rs\/en\/p\/eucerin-anti-pigment-korektor-5-ml\/","title":{"rendered":"Eucerin Anti-Pigment Corrector, 5 ml"},"content":{"rendered":"","protected":false},"excerpt":{"rendered":"<p><strong>Product description<\/strong><\/p>\n<p>Melanin je prirodan pigment koji ko\u017ei daje boju. Izlo\u017eenost sun\u010devoj svetlosti, hormonski uticaji i starenje mogu da izazovu pove\u0107anu proizvodnju melanina i da slu\u017ee kao okida\u010d za hiperpigmentacije. Hiperpigmentacije se javljaju u obliku tamnih mrlja i\u00a0stara\u010dkih fleka\u00a0(tako\u0111e poznatih i kao fleka od sunca) zbog kojih ko\u017ea izgleda neujedna\u010deno.<\/p>\n<p>Eucerin Anti-Pigment Korektor je lagani gel sa aplikatorom koji olak\u0161ava precizno nano\u0161enje na male oblasti obuhva\u0107ene\u00a0 hiperpigmentacijom. On sadr\u017ei\u00a0Thiamidol\u00a0efikasan, patentiran sastojak koji deluje na klju\u010dni uzrok hiperpigmentacija tako \u0161to smanjuje proizvodnju melanina. Za njega je klini\u010dki i dermatolo\u0161ki dokazano da smanjuje tamne fleke i spre\u010dava njihov ponovni nastanak. Prvi rezultati su vidljivi nakon dve nedelje i kontinuirano se pobolj\u0161avaju redovnom upotrebom.<\/p>\n<h5><strong>Dosage and method of administration\u00a0<\/strong><\/h5>\n<ul>\n<li>Koristite jednom dnevno (ujutru ili uve\u010de) na dobro o\u010di\u0161\u0107enoj ko\u017ei<\/li>\n<li>Nanosite u maloj koli\u010dini, direktno na tamne fleke<\/li>\n<li>Avoid contact with eyes<\/li>\n<li>Nakon korektora, nanesite odgovaraju\u0107impreparat za hidrataciju<\/li>\n<li>Za najbolje rezultate, koristite u kombinaciji sa\u00a0Eucerin Anti-Pigmentom Dnevnom kremom SPF 30\u00a0i\u00a0Eucerin Anti-Pigment No\u0107nom kremom.<\/li>\n<li>Nanosite samo jednom dnevno. Preparat koji sadr\u017ei\u00a0Thiamidol\u00a0nanosite maksimalno \u010detiri puta dnevno.<\/li>\n<\/ul>\n<p><strong>Composition<\/strong><\/p>\n<p><span class=\"cp-text cp-text--light\">Alcohol Denat,<\/span>\u00a0<span class=\"cp-text cp-text--light\">Water,<\/span>\u00a0<span class=\"cp-text cp-text--light\">Glycerin,<\/span>\u00a0<span class=\"cp-text cp-text--light\">Isobutylamido Thiazolyl Resorcinol,<\/span>\u00a0<span class=\"cp-text cp-text--light\">Glucosylrutin,<\/span>\u00a0<span class=\"cp-text cp-text--light\">Isoquercitrin,<\/span>\u00a0<span class=\"cp-text cp-text--light\">Ammonium-Acryloyldimethyltaurate-VP-Copolymer<\/span><\/p>","protected":false},"featured_media":6643,"template":"","meta":[],"product_brand":[],"product_cat":[178,80,547],"product_tag":[2559,2560,2561],"class_list":{"0":"post-6642","1":"product","2":"type-product","3":"status-publish","4":"has-post-thumbnail","6":"product_cat-nega-lica","7":"product_cat-koza-kosa-i-nokti","8":"product_cat-kozmetika-i-nega-za-odrasle","9":"product_tag-anti-pigment-korektor","10":"product_tag-hiperpigmentacija","11":"product_tag-thiamidol","12":"pa_brend-eucerin","14":"first","15":"instock","16":"shipping-taxable","17":"purchasable","18":"product-type-simple"},"ams_default_variation_id":0,"ams_product_points_reward":[],"ams_product_discount_percentage":0,"ams_price_to_display":1745,"ams_acf":[],"jetpack_sharing_enabled":true,"_links":{"self":[{"href":"https:\/\/apotekar-online.rs\/en\/wp-json\/wp\/v2\/product\/6642","targetHints":{"allow":["GET"]}}],"collection":[{"href":"https:\/\/apotekar-online.rs\/en\/wp-json\/wp\/v2\/product"}],"about":[{"href":"https:\/\/apotekar-online.rs\/en\/wp-json\/wp\/v2\/types\/product"}],"wp:featuredmedia":[{"embeddable":true,"href":"https:\/\/apotekar-online.rs\/en\/wp-json\/wp\/v2\/media\/6643"}],"wp:attachment":[{"href":"https:\/\/apotekar-online.rs\/en\/wp-json\/wp\/v2\/media?parent=6642"}],"wp:term":[{"taxonomy":"product_brand","embeddable":true,"href":"https:\/\/apotekar-online.rs\/en\/wp-json\/wp\/v2\/product_brand?post=6642"},{"taxonomy":"product_cat","embeddable":true,"href":"https:\/\/apotekar-online.rs\/en\/wp-json\/wp\/v2\/product_cat?post=6642"},{"taxonomy":"product_tag","embeddable":true,"href":"https:\/\/apotekar-online.rs\/en\/wp-json\/wp\/v2\/product_tag?post=6642"}],"curies":[{"name":"wp","href":"https:\/\/api.w.org\/{rel}","templated":true}]}}