{"id":6646,"date":"2024-06-06T12:15:30","date_gmt":"2024-06-06T14:15:30","guid":{"rendered":"https:\/\/apotekar-online.rs\/?post_type=product&#038;p=6646"},"modified":"2026-03-05T07:54:53","modified_gmt":"2026-03-05T09:54:53","slug":"eucerin-ph5-losion-za-intimnu-higijenu-250-ml","status":"publish","type":"product","link":"https:\/\/apotekar-online.rs\/en\/p\/eucerin-ph5-losion-za-intimnu-higijenu-250-ml\/","title":{"rendered":"Eucerin pH5 Lotion for intimate hygiene, 250 ml"},"content":{"rendered":"","protected":false},"excerpt":{"rendered":"<h5><strong>Product description<\/strong><\/h5>\n<p>Ko\u017ea u intimnoj regiji je posebno osetljiva i ako je naru\u0161ena njena prirodna barijera, postaje podlo\u017ena iritacijama, nelagodnosti i infekcijama. Zato joj je potreban blagi i umiruju\u0107i preparat za \u010di\u0161\u0107enje. Eucerin Losion za intimnu higijenu ima pH vrednost 4,5, prilago\u0111enu \u017eenskoj intimnoj regiji, i blagi surfaktantni sistem tenzida. Formulisan sa mle\u010dnom kiselinom same ko\u017ee, odr\u017eava prirodnu vaginalnu mikrofloru i umiruje iritacije.\u00a0Posebno formulisan za intimnu regiju, pru\u017ea za\u0161titu i poma\u017ee u smirivanju iritacija.<\/p>\n<h5><strong>Dosage and method of administration<\/strong><\/h5>\n<p>Koristi se prilikom tu\u0161iranja ili kupanja, svakodnevno.<\/p>\n<h5><strong>Composition<\/strong><\/h5>\n<p>voda, sodium cocoamphoacetate, sodium myreth sulfate, lauryl glucoside, lactic acid, sodium chloride, bisabolol, panthenol, peg-40 hydrogenated castor oil, peg-200 hydrogenated glyceryl palmate, polyquaternium-10, pantolactone, citric acid, sodium benzoate, parfum<\/p>","protected":false},"featured_media":6647,"template":"","meta":[],"product_brand":[],"product_cat":[88,547,177],"product_tag":[2567,2527,2569,2568],"class_list":{"0":"post-6646","1":"product","2":"type-product","3":"status-publish","4":"has-post-thumbnail","6":"product_cat-intimna-nega","7":"product_cat-kozmetika-i-nega-za-odrasle","8":"product_cat-nega-tela","9":"product_tag-losion-za-intimnu-negu","10":"product_tag-ph5","11":"product_tag-stiti-od-infekcija","12":"product_tag-umiruje-iritacije","13":"pa_brend-eucerin","15":"first","16":"instock","17":"shipping-taxable","18":"purchasable","19":"product-type-simple"},"ams_default_variation_id":0,"ams_product_points_reward":[],"ams_product_discount_percentage":0,"ams_price_to_display":824,"ams_acf":[],"jetpack_sharing_enabled":true,"_links":{"self":[{"href":"https:\/\/apotekar-online.rs\/en\/wp-json\/wp\/v2\/product\/6646","targetHints":{"allow":["GET"]}}],"collection":[{"href":"https:\/\/apotekar-online.rs\/en\/wp-json\/wp\/v2\/product"}],"about":[{"href":"https:\/\/apotekar-online.rs\/en\/wp-json\/wp\/v2\/types\/product"}],"wp:featuredmedia":[{"embeddable":true,"href":"https:\/\/apotekar-online.rs\/en\/wp-json\/wp\/v2\/media\/6647"}],"wp:attachment":[{"href":"https:\/\/apotekar-online.rs\/en\/wp-json\/wp\/v2\/media?parent=6646"}],"wp:term":[{"taxonomy":"product_brand","embeddable":true,"href":"https:\/\/apotekar-online.rs\/en\/wp-json\/wp\/v2\/product_brand?post=6646"},{"taxonomy":"product_cat","embeddable":true,"href":"https:\/\/apotekar-online.rs\/en\/wp-json\/wp\/v2\/product_cat?post=6646"},{"taxonomy":"product_tag","embeddable":true,"href":"https:\/\/apotekar-online.rs\/en\/wp-json\/wp\/v2\/product_tag?post=6646"}],"curies":[{"name":"wp","href":"https:\/\/api.w.org\/{rel}","templated":true}]}}