{"id":6685,"date":"2024-06-07T16:57:55","date_gmt":"2024-06-07T18:57:55","guid":{"rendered":"https:\/\/apotekar-online.rs\/?post_type=product&#038;p=6685"},"modified":"2026-03-05T07:54:52","modified_gmt":"2026-03-05T09:54:52","slug":"eucerin-urearepair-plus-losion-sa-10-uree-400-ml","status":"publish","type":"product","link":"https:\/\/apotekar-online.rs\/en\/p\/eucerin-urearepair-plus-losion-sa-10-uree-400-ml\/","title":{"rendered":"Eucerin UreaRepair Plus Lotion with 10% urea, 400 ml"},"content":{"rendered":"","protected":false},"excerpt":{"rendered":"<h5>Product description<\/h5>\n<p>Trostrukim mehanizmom dubinski hidrira i umiruje ko\u017eu, ja\u010da lipidnu barijeru i ubla\u017eava simptome\u00a0svraba, peckanja i ose\u0107aja suvo\u0107e i zategnutosti.\u00a0Izrazito suva ko\u017ea dovodi do ose\u0107aja zatezanja, crvena je, gruba, peruta se i svrbi. Kada je ko\u017ea suva, sposobnost da ve\u017ee vodu i spre\u010di njen gubitak joj je smanjena. Eucerin UreaRepair Plus Losion za telo sa 10% uree daje izrazito suvoj ko\u017ei, koja je pra\u0107ena svrabom i perutanjem, negu koja joj je potrebna.\u00a0Ova formulacija sadr\u017ei ureu, ceramide i ostale prirodne vla\u017ee\u0107e faktore (PVF) koji vezuju vodu i ja\u010daju prirodnu, za\u0161titnu barijernu funkciju ko\u017ee, kako bi spre\u010dili dalji gubitak vla\u017enosti. Klini\u010dki je dokazano da trenutno ubla\u017eava, intenzivno hidrira plus 48h odla\u017ee pojavu simptoma izrazito suve i grube ko\u017ee. Ko\u017ea je na dodir meka i elasti\u010dna. Pogodan za osobe sa kserozom, dijabetesom, psorijazom i pilarnom keratozom.<\/p>\n<h5>Dosage and method of administration<\/h5>\n<p>Nanesite preparat na \u010distu i suvu ko\u017eu i ne\u017eno utrljajte dok se u potpunosti ne upije. Ukoliko je potrebno, nanosite losion vi\u0161e puta u toku dana.<\/p>\n<h5>Composition<\/h5>\n<p>Voda, urea, glycerin, isopropyl stearate, dicaprylyl ether, glyceryl glucoside, sodium lactate, butyrospermum parkii butter, tapoica, polyglyceryl-4 diisostearate-polyhydroxystearate-sebacate, carnitine, cetearyl alcohol, ceramide np, arginine hcl, sodium pca, histidine, alanine, citrulline, lysine, serine, lactic acid, sodium chloride, mannitol, sucrose, glutamic acid, threonine, glycogen, 1-2-hexanediol, phenoxyethanol, potassium sorbate, arginine, pca.<\/p>","protected":false},"featured_media":6686,"template":"","meta":[],"product_brand":[],"product_cat":[547,80,177],"product_tag":[2592,954,2144,227,2572,1173],"class_list":{"0":"post-6685","1":"product","2":"type-product","3":"status-publish","4":"has-post-thumbnail","6":"product_cat-kozmetika-i-nega-za-odrasle","7":"product_cat-koza-kosa-i-nokti","8":"product_cat-nega-tela","9":"product_tag-dubinski-hidrira-i-umiruje-kozu","10":"product_tag-losion-za-telo","11":"product_tag-smanjuje-perutanje","12":"product_tag-suva-koza","13":"product_tag-umiruje-svrab","14":"product_tag-urea-10","15":"pa_brend-eucerin","17":"first","18":"instock","19":"shipping-taxable","20":"purchasable","21":"product-type-simple"},"ams_default_variation_id":0,"ams_product_points_reward":[],"ams_product_discount_percentage":0,"ams_price_to_display":2321,"ams_acf":[],"jetpack_sharing_enabled":true,"_links":{"self":[{"href":"https:\/\/apotekar-online.rs\/en\/wp-json\/wp\/v2\/product\/6685","targetHints":{"allow":["GET"]}}],"collection":[{"href":"https:\/\/apotekar-online.rs\/en\/wp-json\/wp\/v2\/product"}],"about":[{"href":"https:\/\/apotekar-online.rs\/en\/wp-json\/wp\/v2\/types\/product"}],"wp:featuredmedia":[{"embeddable":true,"href":"https:\/\/apotekar-online.rs\/en\/wp-json\/wp\/v2\/media\/6686"}],"wp:attachment":[{"href":"https:\/\/apotekar-online.rs\/en\/wp-json\/wp\/v2\/media?parent=6685"}],"wp:term":[{"taxonomy":"product_brand","embeddable":true,"href":"https:\/\/apotekar-online.rs\/en\/wp-json\/wp\/v2\/product_brand?post=6685"},{"taxonomy":"product_cat","embeddable":true,"href":"https:\/\/apotekar-online.rs\/en\/wp-json\/wp\/v2\/product_cat?post=6685"},{"taxonomy":"product_tag","embeddable":true,"href":"https:\/\/apotekar-online.rs\/en\/wp-json\/wp\/v2\/product_tag?post=6685"}],"curies":[{"name":"wp","href":"https:\/\/api.w.org\/{rel}","templated":true}]}}