{"id":6687,"date":"2024-06-07T17:04:23","date_gmt":"2024-06-07T19:04:23","guid":{"rendered":"https:\/\/apotekar-online.rs\/?post_type=product&#038;p=6687"},"modified":"2026-03-05T07:54:51","modified_gmt":"2026-03-05T09:54:51","slug":"eucerin-urearepair-plus-krema-sa-30-uree-75-ml","status":"publish","type":"product","link":"https:\/\/apotekar-online.rs\/en\/p\/eucerin-urearepair-plus-krema-sa-30-uree-75-ml\/","title":{"rendered":"Eucerin UreaRepair Plus Cream with 30% urea, 75 ml"},"content":{"rendered":"","protected":false},"excerpt":{"rendered":"<h5><strong>Product description<\/strong><\/h5>\n<p>Eucerin UreaRepair PLUS krema sa 30% uree pru\u017ea izrazito suvoj ko\u017ei intenzivnu negu koja joj je potrebna. Formulacija sadr\u017ei jedinstvenu kombinaciju: visoku koncentraciju 30% uree koja vr\u0161i eksfolijaciju, ceramide koji obnavljaju barijernu funkciju ko\u017ee, kao i prirodne vla\u017ee\u0107e faktore (PVF), koji obezbe\u0111uju hidrataciju i zadr\u017eavanje vode unutar ko\u017ee. Ko\u017ea je intenzivno hidrirana i izgleda glatko i meko. Intenzivni tretman s ureom nanosi se samo lokalno, na problemati\u010dne regije, a ne na celo telo. Klini\u010dka i dermatolo\u0161ka ispitivanja pokazuju kako je ko\u017ea vidljivo mek\u0161a nakon jedne nedelje primene, uz kontinuirano pobolj\u0161anje uz redovnu primenu. Ova krema pogodna je za podru\u010dja obuhva\u0107ena hiperkeratozom (medicinski pojam za zadebljanje ko\u017ee) i za osobe sa psorijazom i keratosis pilaris. Tako\u0111e, mo\u017ee da se koristi kao dodatna nega uz propisanu terapiju. Kremu sa 30% uree ne bi trebalo koristiti na otvorenim ranama.<\/p>\n<h5><strong>Dosage and method of administration<\/strong><\/h5>\n<p>Nanesite jednom ili dva puta dnevno na lokalizovane regije izrazito suve, zadebljale, grube i ko\u017ee koja se ljuspa, na kolenima, stopalima, rukama ili laktovima. Nije namenjeno za primenu na celom telu. Ne nanosite\u00a0na otvorene, vla\u017ene ili rane koje krvare. Izbegavajte\u00a0podru\u010dje oko o\u010diju.<\/p>\n<h5><strong>Composition<\/strong><\/h5>\n<p>voda, urea, octyldodecanol, caprylic-capric-triglyceride, sodium acetate, decyl oleate, polyglyceryl-2 dipolyhydroxystearate, arginine hcl, chondrus crispus extract, ceramide np, cholesterol, helianthus annuus seedoil, alanine, carnitine, glycine, lactic acid, sodium pca, sodium chloride, decylene glycol, pentylene glycol<\/p>","protected":false},"featured_media":6689,"template":"","meta":[],"product_brand":[],"product_cat":[547,80,177],"product_tag":[2146,558,2594,2593,2595],"class_list":{"0":"post-6687","1":"product","2":"type-product","3":"status-publish","4":"has-post-thumbnail","6":"product_cat-kozmetika-i-nega-za-odrasle","7":"product_cat-koza-kosa-i-nokti","8":"product_cat-nega-tela","9":"product_tag-ceramide","10":"product_tag-intenzivna-hidratacija","11":"product_tag-intenzivna-nega","12":"product_tag-urea-30","13":"product_tag-za-problematicne-regije-tela","14":"pa_brend-eucerin","16":"first","17":"instock","18":"shipping-taxable","19":"purchasable","20":"product-type-simple"},"ams_default_variation_id":0,"ams_product_points_reward":[],"ams_product_discount_percentage":0,"ams_price_to_display":1430,"ams_acf":[],"jetpack_sharing_enabled":true,"_links":{"self":[{"href":"https:\/\/apotekar-online.rs\/en\/wp-json\/wp\/v2\/product\/6687","targetHints":{"allow":["GET"]}}],"collection":[{"href":"https:\/\/apotekar-online.rs\/en\/wp-json\/wp\/v2\/product"}],"about":[{"href":"https:\/\/apotekar-online.rs\/en\/wp-json\/wp\/v2\/types\/product"}],"wp:featuredmedia":[{"embeddable":true,"href":"https:\/\/apotekar-online.rs\/en\/wp-json\/wp\/v2\/media\/6689"}],"wp:attachment":[{"href":"https:\/\/apotekar-online.rs\/en\/wp-json\/wp\/v2\/media?parent=6687"}],"wp:term":[{"taxonomy":"product_brand","embeddable":true,"href":"https:\/\/apotekar-online.rs\/en\/wp-json\/wp\/v2\/product_brand?post=6687"},{"taxonomy":"product_cat","embeddable":true,"href":"https:\/\/apotekar-online.rs\/en\/wp-json\/wp\/v2\/product_cat?post=6687"},{"taxonomy":"product_tag","embeddable":true,"href":"https:\/\/apotekar-online.rs\/en\/wp-json\/wp\/v2\/product_tag?post=6687"}],"curies":[{"name":"wp","href":"https:\/\/api.w.org\/{rel}","templated":true}]}}