{"id":6704,"date":"2024-06-07T18:07:49","date_gmt":"2024-06-07T20:07:49","guid":{"rendered":"https:\/\/apotekar-online.rs\/?post_type=product&#038;p=6704"},"modified":"2026-03-05T07:54:51","modified_gmt":"2026-03-05T09:54:51","slug":"eucerin-hyaluron-filler-elasticity-nocna-krema-50-ml","status":"publish","type":"product","link":"https:\/\/apotekar-online.rs\/en\/p\/eucerin-hyaluron-filler-elasticity-nocna-krema-50-ml\/","title":{"rendered":"Eucerin Hyaluron-Filler + Elasticity Night cream, 50 ml"},"content":{"rendered":"","protected":false},"excerpt":{"rendered":"<h5><strong>Product description<\/strong><\/h5>\n<p>Jedinstvena formulacija pru\u017ea vi\u0161estruke anti-age efekte. Inovativna Eucerin kombinacija hijaluronske kiseline dugog i kratkog lanca vidljivo popunjava duboke bore. Novi kolagen-elastin kompleks, mo\u0107na kombinacija arktina i kreatina, ubrzava obnavljanje kolagena i pobolj\u0161ava elasti\u010dnost ko\u017ee. Patentom za\u0161ti\u0107eni thiamidol\u00ae smanjuje pojavu hiperpigmentacija. Za ko\u017eu koja je glatkija, sjajnija i koja izgleda sve\u017ee i blistavo.\u00a0No\u0107na krema tako\u0111e sadr\u017ei i arganovo ulje. Bogato neguju\u0107im lipidima, ono potpoma\u017ee proces regeneracije ko\u017ee tokom no\u0107i i \u010dini je glatkom.<\/p>\n<h5><strong>Dosage and method of administration<\/strong><\/h5>\n<p>Nanositi svake ve\u010deri, ne\u017enim pokretima, na temeljno o\u010di\u0161\u0107enu ko\u017eu lica, vrata i dekoltea.<\/p>\n<h5><strong>Composition<\/strong><\/h5>\n<p>voda, glycerin, cetearyl alcohol, butylene glycol, caprylic-capric-triglyceride, panthenol, glyceryl stearate citrate, hydroxypropyl starch phosphate, argania spinosa kernel oil, hydrogenated coco-glycerides, butyrospermum parkii butter, sodium hyaluronate, arctium lappa fruit extract, creatine, 1-methylhydantoin-2-imide, isobutylamido thiazolyl resorcinol, pantolactone, tocopherol, tapioca starch, xanthan gum, sodium hydroxide, citric acid, dimethicone, trisodium edta, caprylyl glycol, 12hexanediol, phenoxyethanol, pentaerythrityl tetra-di-t-butyl hydroxyhydrocinnamate, parfum<\/p>","protected":false},"featured_media":6705,"template":"","meta":[],"product_brand":[],"product_cat":[547,80,178],"product_tag":[2605,736,541,193,1262,2604],"class_list":{"0":"post-6704","1":"product","2":"type-product","3":"status-publish","4":"has-post-thumbnail","6":"product_cat-kozmetika-i-nega-za-odrasle","7":"product_cat-koza-kosa-i-nokti","8":"product_cat-nega-lica","9":"product_tag-anti-age","10":"product_tag-arganovo-ulje","11":"product_tag-hijaluronska-kiselina","12":"product_tag-nocna-krema","13":"product_tag-regeneracija-koze","14":"product_tag-tiamidol","15":"pa_brend-eucerin","17":"first","18":"instock","19":"shipping-taxable","20":"purchasable","21":"product-type-simple"},"ams_default_variation_id":0,"ams_product_points_reward":[],"ams_product_discount_percentage":0,"ams_price_to_display":3825,"ams_acf":[],"jetpack_sharing_enabled":true,"_links":{"self":[{"href":"https:\/\/apotekar-online.rs\/en\/wp-json\/wp\/v2\/product\/6704","targetHints":{"allow":["GET"]}}],"collection":[{"href":"https:\/\/apotekar-online.rs\/en\/wp-json\/wp\/v2\/product"}],"about":[{"href":"https:\/\/apotekar-online.rs\/en\/wp-json\/wp\/v2\/types\/product"}],"wp:featuredmedia":[{"embeddable":true,"href":"https:\/\/apotekar-online.rs\/en\/wp-json\/wp\/v2\/media\/6705"}],"wp:attachment":[{"href":"https:\/\/apotekar-online.rs\/en\/wp-json\/wp\/v2\/media?parent=6704"}],"wp:term":[{"taxonomy":"product_brand","embeddable":true,"href":"https:\/\/apotekar-online.rs\/en\/wp-json\/wp\/v2\/product_brand?post=6704"},{"taxonomy":"product_cat","embeddable":true,"href":"https:\/\/apotekar-online.rs\/en\/wp-json\/wp\/v2\/product_cat?post=6704"},{"taxonomy":"product_tag","embeddable":true,"href":"https:\/\/apotekar-online.rs\/en\/wp-json\/wp\/v2\/product_tag?post=6704"}],"curies":[{"name":"wp","href":"https:\/\/api.w.org\/{rel}","templated":true}]}}