{"id":6723,"date":"2024-06-07T19:12:13","date_gmt":"2024-06-07T21:12:13","guid":{"rendered":"https:\/\/apotekar-online.rs\/?post_type=product&#038;p=6723"},"modified":"2026-03-05T07:54:50","modified_gmt":"2026-03-05T09:54:50","slug":"eucerin-dermatoclean-micelarno-sredstvo-za-skidanje-sminke-oko-ociju-125-ml","status":"publish","type":"product","link":"https:\/\/apotekar-online.rs\/en\/p\/eucerin-dermatoclean-micelarno-sredstvo-za-skidanje-sminke-oko-ociju-125-ml\/","title":{"rendered":"Eucerin DermatoClean Micellar eye makeup remover, 125 ml"},"content":{"rendered":"","protected":false},"excerpt":{"rendered":"<p><strong>Opis proizvoda<\/strong><\/p>\n<p>Micelarno sredstvo za skidanje \u0161minke trenutno, blago i temeljno skida vodootpornu i drugu \u0161minku za o\u010di, uklju\u010duju\u0107i i najotpornije vodootporne maskare. Ovaj blagi preparat za skidanje \u0161minke je nemastan, brz i lak za upotrebu i ne isu\u0161uje ko\u017eu. Nakon upotrebe, ko\u017ea je meka, elasti\u010dna i sve\u017ea. Pogodan je za sve tipove ko\u017ee. Oftalmolo\u0161ki je testiran i dokazano blag prema osetljivoj oblasti oko o\u010diju i pogodan je za osobe koje nose kontaktna so\u010diva.<\/p>\n<p><strong>Doziranje i na\u010din primene<\/strong><\/p>\n<p>Dobro promu\u0107kajte kako bi se izme\u0161ala oba sloja. Nanesite na tupfer. Ne\u017eno obri\u0161ite predeo oko o\u010diju od unutra ka spolja,\u00a0sve dok tupfer ne bude \u010dist. Nastavite sa \u010di\u0161\u0107enjem lica odgovaraju\u0107im Eucerin DermatoCLEAN sredstvom za \u010di\u0161\u0107enje i Eucerin DermatoCLEAN [HYALURON] Tonikom.<\/p>\n<p><strong>Sastav<\/strong><\/p>\n<p>voda, isododecane, isohexadecane, coco-caprylate-caprate, glycerin, glyceryl glucoside, isopropyl palmitate, sodium chloride, trisodium edta, phenoxyethanol, ci 61565<\/p>\n","protected":false},"featured_media":6724,"template":"","meta":[],"product_brand":[],"product_cat":[547,80,178],"product_tag":[2630,2629,313,2360,1485],"class_list":{"0":"post-6723","1":"product","2":"type-product","3":"status-publish","4":"has-post-thumbnail","6":"product_cat-kozmetika-i-nega-za-odrasle","7":"product_cat-koza-kosa-i-nokti","8":"product_cat-nega-lica","9":"product_tag-oftalmoloski-testiran","10":"product_tag-skida-vodootpornu-sminku","11":"product_tag-sociva","12":"product_tag-za-osetljivu-kozu","13":"product_tag-za-sve-tipove-koze","14":"pa_brend-eucerin","16":"first","17":"instock","18":"shipping-taxable","19":"purchasable","20":"product-type-simple"},"ams_default_variation_id":0,"ams_product_points_reward":[],"ams_product_discount_percentage":0,"ams_price_to_display":1236,"ams_acf":[],"jetpack_sharing_enabled":true,"_links":{"self":[{"href":"https:\/\/apotekar-online.rs\/en\/wp-json\/wp\/v2\/product\/6723","targetHints":{"allow":["GET"]}}],"collection":[{"href":"https:\/\/apotekar-online.rs\/en\/wp-json\/wp\/v2\/product"}],"about":[{"href":"https:\/\/apotekar-online.rs\/en\/wp-json\/wp\/v2\/types\/product"}],"wp:featuredmedia":[{"embeddable":true,"href":"https:\/\/apotekar-online.rs\/en\/wp-json\/wp\/v2\/media\/6724"}],"wp:attachment":[{"href":"https:\/\/apotekar-online.rs\/en\/wp-json\/wp\/v2\/media?parent=6723"}],"wp:term":[{"taxonomy":"product_brand","embeddable":true,"href":"https:\/\/apotekar-online.rs\/en\/wp-json\/wp\/v2\/product_brand?post=6723"},{"taxonomy":"product_cat","embeddable":true,"href":"https:\/\/apotekar-online.rs\/en\/wp-json\/wp\/v2\/product_cat?post=6723"},{"taxonomy":"product_tag","embeddable":true,"href":"https:\/\/apotekar-online.rs\/en\/wp-json\/wp\/v2\/product_tag?post=6723"}],"curies":[{"name":"wp","href":"https:\/\/api.w.org\/{rel}","templated":true}]}}