{"id":6729,"date":"2024-06-07T19:31:58","date_gmt":"2024-06-07T21:31:58","guid":{"rendered":"https:\/\/apotekar-online.rs\/?post_type=product&#038;p=6729"},"modified":"2026-03-05T07:54:50","modified_gmt":"2026-03-05T09:54:50","slug":"eucerin-atopicontrol-ulje-za-kupanje-400-ml","status":"publish","type":"product","link":"https:\/\/apotekar-online.rs\/en\/p\/eucerin-atopicontrol-ulje-za-kupanje-400-ml\/","title":{"rendered":"Eucerin AtopiControl Bath Oil, 400 ml"},"content":{"rendered":"","protected":false},"excerpt":{"rendered":"<h5><strong>Product description<\/strong><\/h5>\n<p>Atopi\u010dna ko\u017ea mo\u017ee biti suva, iziritirana i mo\u017ee izazivati svrab. Ovi simptomi se poja\u010davaju grubim \u010dista\u010dima. AtopiControl Ulje za kupanje ne sadr\u017ei sapune i bogato je visokim sadr\u017eajem omega-3 i omega-6 masnih kiselina koje ne\u017eno \u010diste i umiruju atopi\u010dnu ko\u017eu. Ulje za kupanje ubla\u017eava svrab i spre\u010dava dalje isu\u0161ivanje ko\u017ee ja\u010daju\u0107i njenu barijernu funkciju. Redovnom upotrebom, ko\u017ea je za\u0161ti\u0107ena od daljeg isu\u0161ivanja i svraba. Koristi se svakodnevno, tokom upalnih stanja, kao i u neaktivnim fazama atpijskog dermatitisa. Da bi se smanjio rizik od iritacije ko\u017ee, ulje za kupanje je bez ve\u0161ta\u010dkih mirisa, boja i konzervanasa i pogodno je za odrasle, decu i novoro\u0111en\u010dad.<\/p>\n<h5><strong>Dosage and method of administration<\/strong><\/h5>\n<p>Naneti ulje na vla\u017enu ko\u017eu i ne\u017eno ga umasirati. Nakon toga, ko\u017eu temeljno isprati mlakom vodom. Kod beba se koristi isklju\u010divo kao dodatak kupki.<\/p>\n<h5><strong>Composition<\/strong><\/h5>\n<p>glycine soja, ricinus communis seed oil, laureth-4, mipa-laureth sulfate, poloxamer 101, laureth-9, propylene glycol, voda, bht, propyl gallate<\/p>","protected":false},"featured_media":6730,"template":"","meta":[],"product_brand":[],"product_cat":[547,80,224,177],"product_tag":[948,2637,967,2636,953,2544],"class_list":{"0":"post-6729","1":"product","2":"type-product","3":"status-publish","4":"has-post-thumbnail","6":"product_cat-kozmetika-i-nega-za-odrasle","7":"product_cat-koza-kosa-i-nokti","8":"product_cat-kozmetika-za-decu","9":"product_cat-nega-tela","10":"product_tag-atopicna-koza","11":"product_tag-bez-vestackih-mirisa","12":"product_tag-omega-3-i-omega-6","13":"product_tag-ublazava-svrab","14":"product_tag-za-decu-i-za-odrasle","15":"product_tag-za-novorodjencad","16":"pa_brend-eucerin","18":"first","19":"instock","20":"shipping-taxable","21":"purchasable","22":"product-type-simple"},"ams_default_variation_id":0,"ams_product_points_reward":[],"ams_product_discount_percentage":0,"ams_price_to_display":1795,"ams_acf":[],"jetpack_sharing_enabled":true,"_links":{"self":[{"href":"https:\/\/apotekar-online.rs\/en\/wp-json\/wp\/v2\/product\/6729","targetHints":{"allow":["GET"]}}],"collection":[{"href":"https:\/\/apotekar-online.rs\/en\/wp-json\/wp\/v2\/product"}],"about":[{"href":"https:\/\/apotekar-online.rs\/en\/wp-json\/wp\/v2\/types\/product"}],"wp:featuredmedia":[{"embeddable":true,"href":"https:\/\/apotekar-online.rs\/en\/wp-json\/wp\/v2\/media\/6730"}],"wp:attachment":[{"href":"https:\/\/apotekar-online.rs\/en\/wp-json\/wp\/v2\/media?parent=6729"}],"wp:term":[{"taxonomy":"product_brand","embeddable":true,"href":"https:\/\/apotekar-online.rs\/en\/wp-json\/wp\/v2\/product_brand?post=6729"},{"taxonomy":"product_cat","embeddable":true,"href":"https:\/\/apotekar-online.rs\/en\/wp-json\/wp\/v2\/product_cat?post=6729"},{"taxonomy":"product_tag","embeddable":true,"href":"https:\/\/apotekar-online.rs\/en\/wp-json\/wp\/v2\/product_tag?post=6729"}],"curies":[{"name":"wp","href":"https:\/\/api.w.org\/{rel}","templated":true}]}}