{"id":6785,"date":"2024-06-08T17:26:59","date_gmt":"2024-06-08T19:26:59","guid":{"rendered":"https:\/\/apotekar-online.rs\/?post_type=product&#038;p=6785"},"modified":"2026-03-05T07:54:47","modified_gmt":"2026-03-05T09:54:47","slug":"eucerin-anti-pigment-tonirana-dnevna-krema-spf-30-tamna-50-ml","status":"publish","type":"product","link":"https:\/\/apotekar-online.rs\/en\/p\/eucerin-anti-pigment-tonirana-dnevna-krema-spf-30-tamna-50-ml\/","title":{"rendered":"Eucerin Anti-Pigment Tinted Day Cream SPF 30 Dark, 50 ml"},"content":{"rendered":"","protected":false},"excerpt":{"rendered":"<h5><strong>Product description<\/strong><\/h5>\n<p>Efikasno prekriva i smanjuje tamne fleke. Za prirodan i trenutno ujedna\u010deniji izgled ko\u017ee. Izlaganje sun\u010devim zracima, hormonski uticaj i starenje za posledicu mogu imati pojavu hiperpigmentacija kao \u0161to su tamne fleke i stara\u010dke pege, \u0161to ten \u010dini neujedna\u010denim. Inovacija je Patentirani Thiamidol\u00ae On deluje na glavni uzrok nastanka hiperpigmentacija.Smanjuje produkciju melanina i spre\u010dava ponovno javljanje tamnih fleka redovnom upotrebom. SPF 30+UVA efikasno prevenira nastanak novih fleka pod dejstvom sun\u010devih zraka. Mineralni pigmenti u tamnoj nijansi trenutno prekrivaju tamne fleke, dajuc\u00b4i va\u0161oj ko\u017ei prirodno ujedna\u010den izgled.<\/p>\n<h5><strong>Dosage and method of administration<\/strong><\/h5>\n<p>Apply to the face once in the morning. It can be combined within the routine with other preparations from the Eucerin Anti-Pigment line. Use a maximum of 4 applications of preparations with Thiamidol during the day. Avoid direct contact with eyes.<\/p>\n<h5><strong>Composition<\/strong><\/h5>\n<p>aqua, alcohol denat., ci 77891, dibutyl adipate, butyl methoxydibenzoylmethane, butylene glycol dicaprylate\/dicaprate, c12-15 alkyl benzoate, bis-ethylhexyloxyphenol methoxyphenyl triazine, ethylhexyl salicylate, ethylhexyl triazone, diethylamino hydroxybenzoyl hexyl benzoate, silica, silica dimethyl silylate, ci 77492, cetearyl alcohol, cocoglycerides, copernicia cerifera cera, phenylbenzimidazole sulfonic acid, glycerin, isobutylamido thiazolyl resorcinol, glycyrrhiza inflata root extract, tocopherol, tapioca starch, carrageenan, hydroxypropyl methylcellulose, xanthan gum, behenyl alcohol, stearic acid, myristic acid, arachidic acid, oleic acid, palmitic acid, sodium stearoyl glutamate, sodium hydroxide, sodium chloride, alumina, trisodium edta, hydroxyacetophenone, phenoxyethanol, parfum, ci 77491, ci 77499<\/p>","protected":false},"featured_media":6786,"template":"","meta":[],"product_brand":[],"product_cat":[547,80,178],"product_tag":[2698,2697,2699,556,2700],"class_list":{"0":"post-6785","1":"product","2":"type-product","3":"status-publish","4":"has-post-thumbnail","6":"product_cat-kozmetika-i-nega-za-odrasle","7":"product_cat-koza-kosa-i-nokti","8":"product_cat-nega-lica","9":"product_tag-deluje-na-uzrok-hiperpigmentacija","10":"product_tag-prekriva-i-smanjuje-tamne-fleke","11":"product_tag-prirodno-ujednacen-izgled-koze","12":"product_tag-spf-30","13":"product_tag-tonirana-dnevna-krema","14":"pa_brend-eucerin","16":"first","17":"instock","18":"shipping-taxable","19":"purchasable","20":"product-type-simple"},"ams_default_variation_id":0,"ams_product_points_reward":[],"ams_product_discount_percentage":0,"ams_price_to_display":3808,"ams_acf":[],"jetpack_sharing_enabled":true,"_links":{"self":[{"href":"https:\/\/apotekar-online.rs\/en\/wp-json\/wp\/v2\/product\/6785","targetHints":{"allow":["GET"]}}],"collection":[{"href":"https:\/\/apotekar-online.rs\/en\/wp-json\/wp\/v2\/product"}],"about":[{"href":"https:\/\/apotekar-online.rs\/en\/wp-json\/wp\/v2\/types\/product"}],"wp:featuredmedia":[{"embeddable":true,"href":"https:\/\/apotekar-online.rs\/en\/wp-json\/wp\/v2\/media\/6786"}],"wp:attachment":[{"href":"https:\/\/apotekar-online.rs\/en\/wp-json\/wp\/v2\/media?parent=6785"}],"wp:term":[{"taxonomy":"product_brand","embeddable":true,"href":"https:\/\/apotekar-online.rs\/en\/wp-json\/wp\/v2\/product_brand?post=6785"},{"taxonomy":"product_cat","embeddable":true,"href":"https:\/\/apotekar-online.rs\/en\/wp-json\/wp\/v2\/product_cat?post=6785"},{"taxonomy":"product_tag","embeddable":true,"href":"https:\/\/apotekar-online.rs\/en\/wp-json\/wp\/v2\/product_tag?post=6785"}],"curies":[{"name":"wp","href":"https:\/\/api.w.org\/{rel}","templated":true}]}}