{"id":6789,"date":"2024-06-08T17:35:55","date_gmt":"2024-06-08T19:35:55","guid":{"rendered":"https:\/\/apotekar-online.rs\/?post_type=product&#038;p=6789"},"modified":"2026-03-05T07:54:47","modified_gmt":"2026-03-05T09:54:47","slug":"eucerin-izrazito-lagani-losion-za-zastitu-osetljive-koze-od-sunca-spf-30150-ml","status":"publish","type":"product","link":"https:\/\/apotekar-online.rs\/en\/p\/eucerin-izrazito-lagani-losion-za-zastitu-osetljive-koze-od-sunca-spf-30150-ml\/","title":{"rendered":"Eucerin Extremely light sun protection lotion for sensitive skin SPF 30, 150 ml"},"content":{"rendered":"","protected":false},"excerpt":{"rendered":"<h5>Product description<\/h5>\n<p>Eucerin Izuzetno lagani losion za za\u0161titu osetljive ko\u017ee od sunca SPF 30 je losion za za\u0161titu tela od sunca koji umiruje osetljivu ko\u017eu i \u0161titi je od o\u0161te\u0107enja izazvanih suncem. Pogodan je i za atopi\u010dnu ko\u017eu. Napredna spektralna tehnologija kombinuje fotostabilne UVA\/UVB filtere\u00a0\u0161irokog sprektra za visoku UV za\u0161titu sa likokalkonom A. Ovaj mo\u0107ni antioksidans neutrali\u0161e slobodne radikale koje izazivaju UV zraci i vidljiva svetlost visoke energije (HEVIS).\u00a0Klini\u010dka i dermatolo\u0161ka ispitivanja pokazuju dobru podno\u0161ljivost na osetljivoj i atopi\u010dnoj ko\u017ei.\u00a0Efikasno \u0161titi ko\u017eu od opekotina izazvanih sun\u010devim zracima. Smanjuje hiperreaktivnost ko\u017ee i pru\u017ea sna\u017enu antioksidativnu za\u0161titu.<\/p>\n<h5>Dosage and method of administration<\/h5>\n<p>Nanesite obilno pre izlaganja suncu. Ponavljati postupak, posebno nakon plivanja, brisanja pe\u0161kirom ili znojenja, radi odr\u017eavanja prvobitne za\u0161tite.<\/p>\n<h5>Composition<\/h5>\n<p>aqua, alcohol denat., ethylhexyl salicylate, c12-15 alkyl benzoate, butyl methoxydibenzoylmethane, butylene glycol dicaprylate\/dicaprate, bis-ethylhexyloxyphenol methoxyphenyl triazine, dibutyl adipate, tapioca starch, ethylhexyl triazone, stearyl alcohol, phenylbenzimidazole sulfonic acid, cera alba, glyceryl stearate, silica dimethyl silylate, triacontanyl pvp, glycyrrhiza inflata root extract, glycyrrhetinic acid, tocopheryl acetate, glycerin, sodium stearoyl glutamate, xanthan gum, acrylates\/c10-30 alkyl acrylate crosspolymer, phenoxyethanol, trisodium edta, dimethicone, sodium hydroxide, sodium chloride, tetrasodium iminodisuccinate, parfum<\/p>","protected":false},"featured_media":6790,"template":"","meta":[],"product_brand":[],"product_cat":[2522,80,547,177],"product_tag":[948,556,2360,559],"class_list":{"0":"post-6789","1":"product","2":"type-product","3":"status-publish","4":"has-post-thumbnail","6":"product_cat-preparati-za-suncanje","7":"product_cat-koza-kosa-i-nokti","8":"product_cat-kozmetika-i-nega-za-odrasle","9":"product_cat-nega-tela","10":"product_tag-atopicna-koza","11":"product_tag-spf-30","12":"product_tag-za-osetljivu-kozu","13":"product_tag-zastita-od-sunca","14":"pa_brend-eucerin","16":"first","17":"instock","18":"shipping-taxable","19":"purchasable","20":"product-type-simple"},"ams_default_variation_id":0,"ams_product_points_reward":[],"ams_product_discount_percentage":0,"ams_price_to_display":2045,"ams_acf":[],"jetpack_sharing_enabled":true,"_links":{"self":[{"href":"https:\/\/apotekar-online.rs\/en\/wp-json\/wp\/v2\/product\/6789","targetHints":{"allow":["GET"]}}],"collection":[{"href":"https:\/\/apotekar-online.rs\/en\/wp-json\/wp\/v2\/product"}],"about":[{"href":"https:\/\/apotekar-online.rs\/en\/wp-json\/wp\/v2\/types\/product"}],"wp:featuredmedia":[{"embeddable":true,"href":"https:\/\/apotekar-online.rs\/en\/wp-json\/wp\/v2\/media\/6790"}],"wp:attachment":[{"href":"https:\/\/apotekar-online.rs\/en\/wp-json\/wp\/v2\/media?parent=6789"}],"wp:term":[{"taxonomy":"product_brand","embeddable":true,"href":"https:\/\/apotekar-online.rs\/en\/wp-json\/wp\/v2\/product_brand?post=6789"},{"taxonomy":"product_cat","embeddable":true,"href":"https:\/\/apotekar-online.rs\/en\/wp-json\/wp\/v2\/product_cat?post=6789"},{"taxonomy":"product_tag","embeddable":true,"href":"https:\/\/apotekar-online.rs\/en\/wp-json\/wp\/v2\/product_tag?post=6789"}],"curies":[{"name":"wp","href":"https:\/\/api.w.org\/{rel}","templated":true}]}}