{"id":6795,"date":"2024-06-08T17:50:29","date_gmt":"2024-06-08T19:50:29","guid":{"rendered":"https:\/\/apotekar-online.rs\/?post_type=product&#038;p=6795"},"modified":"2026-03-05T07:54:47","modified_gmt":"2026-03-05T09:54:47","slug":"eucerin-ultrasensitive-krema-za-suvu-kozu-lica-50-ml","status":"publish","type":"product","link":"https:\/\/apotekar-online.rs\/en\/p\/eucerin-ultrasensitive-krema-za-suvu-kozu-lica-50-ml\/","title":{"rendered":"Eucerin UltraSENSITIVE Cream for dry facial skin, 50 ml"},"content":{"rendered":"","protected":false},"excerpt":{"rendered":"<h5><strong>Product description<\/strong><\/h5>\n<p>Bogata formulacija\u00a0sadr\u017ei\u00a0SymSitive, inovativni aktivni sastojak posebno razvijen za preosetljivu ko\u017eu. SymSitive, kao efikasan regulator osetljivosti, deluje direktno na uzrok poja\u010dane reaktivnosti.\u00a0Kao \u0161to trenutno umiruje ko\u017eu, krema pru\u017ea dugotrajnu negu i za\u0161titu. Ovaj proizvod ima\u00a0\u201epre\u010di\u0161\u0107enu&#8220; formulaciju, \u0161to zna\u010di da sadr\u017ei samo ograni\u010den broj sastojaka. Pakovanje\u00a0je napravljeno tako da \u0161titi od zaga\u0111enja, zahvaljuju\u0107i sistemu dvostrukog ventila.<\/p>\n<h5><strong>Dosage and method of administration<\/strong><\/h5>\n<p>Gently massage in the morning and\/or evening on thoroughly cleansed facial skin.<\/p>\n<h5><strong>Composition<\/strong><\/h5>\n<p>voda, glycerin, butyrospermum parkii butter, panthenol, cetyl palmitate, methyl palmitate, olus oil, pentylene glycol, methylpropanediol, sodium polyacrylate, arginine hcl, 4-t-butylcyclohexanol trans-isomer, caprylyl glycol<\/p>","protected":false},"featured_media":6796,"template":"","meta":[],"product_brand":[],"product_cat":[547,80,178],"product_tag":[445,2703,2589,2704,2532],"class_list":{"0":"post-6795","1":"product","2":"type-product","3":"status-publish","4":"has-post-thumbnail","6":"product_cat-kozmetika-i-nega-za-odrasle","7":"product_cat-koza-kosa-i-nokti","8":"product_cat-nega-lica","9":"product_tag-krema-za-lice","10":"product_tag-nega-i-zastita-koze","11":"product_tag-symsitive","12":"product_tag-trenutno-umiruje-kozu","13":"product_tag-za-suvu-i-osetljivu-kozu","14":"pa_brend-eucerin","16":"first","17":"instock","18":"shipping-taxable","19":"purchasable","20":"product-type-simple"},"ams_default_variation_id":0,"ams_product_points_reward":[],"ams_product_discount_percentage":0,"ams_price_to_display":1958,"ams_acf":[],"jetpack_sharing_enabled":true,"_links":{"self":[{"href":"https:\/\/apotekar-online.rs\/en\/wp-json\/wp\/v2\/product\/6795","targetHints":{"allow":["GET"]}}],"collection":[{"href":"https:\/\/apotekar-online.rs\/en\/wp-json\/wp\/v2\/product"}],"about":[{"href":"https:\/\/apotekar-online.rs\/en\/wp-json\/wp\/v2\/types\/product"}],"wp:featuredmedia":[{"embeddable":true,"href":"https:\/\/apotekar-online.rs\/en\/wp-json\/wp\/v2\/media\/6796"}],"wp:attachment":[{"href":"https:\/\/apotekar-online.rs\/en\/wp-json\/wp\/v2\/media?parent=6795"}],"wp:term":[{"taxonomy":"product_brand","embeddable":true,"href":"https:\/\/apotekar-online.rs\/en\/wp-json\/wp\/v2\/product_brand?post=6795"},{"taxonomy":"product_cat","embeddable":true,"href":"https:\/\/apotekar-online.rs\/en\/wp-json\/wp\/v2\/product_cat?post=6795"},{"taxonomy":"product_tag","embeddable":true,"href":"https:\/\/apotekar-online.rs\/en\/wp-json\/wp\/v2\/product_tag?post=6795"}],"curies":[{"name":"wp","href":"https:\/\/api.w.org\/{rel}","templated":true}]}}