{"id":6797,"date":"2024-06-08T17:55:11","date_gmt":"2024-06-08T19:55:11","guid":{"rendered":"https:\/\/apotekar-online.rs\/?post_type=product&#038;p=6797"},"modified":"2026-03-05T07:54:47","modified_gmt":"2026-03-05T09:54:47","slug":"eucerin-dermopure-zastitni-fluid-spf-30-50-ml","status":"publish","type":"product","link":"https:\/\/apotekar-online.rs\/en\/p\/eucerin-dermopure-zastitni-fluid-spf-30-50-ml\/","title":{"rendered":"Eucerin DermoPure Protective Fluid SPF 30, 50 ml"},"content":{"rendered":"","protected":false},"excerpt":{"rendered":"<p><strong>Product description<\/strong><\/p>\n<p>Za\u0161titni fluid SPF 30 spre\u010dava simptome masne i problemati\u010dne ko\u017ee i smanjuje tragove od akni.\u00a0Deluje protiv tamnih fleka tako \u0161to\u00a0SPF 30 UVA\/UVB filteri spre\u010davaju tamnjenje fleka od akni uzrokovanih suncem i preveniraju njihovo nastajanje.<br \/>\nAntibakterijski dekandiol poma\u017ee u spre\u010davanju simptoma masne i problemati\u010dne ko\u017ee, dok likokalkon A umiruje iritacije.<br \/>\nSebum regulatorna tehnologija pru\u017ea dugotrajan mat izgled. Fluid ima ve\u0107u efikasnost kada se koristi zajedno sa Serumom sa trostrukim efektom.<\/p>\n<p><strong>Dosage and method of use<\/strong><\/p>\n<p>Naneti ujutru ili po potrebi,\u00a0na temeljno o\u010di\u0161\u0107enu ko\u017eu lica. Izbegavati\u00a0regiju oko o\u010diju. Serum je pogodan za upotrebu ispod maske za lice.<\/p>\n<p><strong>Composition<\/strong><\/p>\n<p>aqua, alcohol denat, butylene glycol dicaprylate-dicaprate, c12-15 alkyl benzoate, butyl methoxydibenzoylmethane, dibutyl adipate, bis-ethylhexyloxyphenol methoxyphenyl triazine, silica, ethylhexyl triazone, phenylbenzimidazole sulfonic acid, diethylamino hydroxybenzoyl hexyl benzoate, cetearyl alcohol, copernicia cerifera cera, silica dimethyl silylate, decylene glycol, carnitine, glycyrrhiza inflata root extract, glycerin, dimethicone, carrageenan, hydroxypropyl methylcellulose, xanthan gum, sodium stearoyl glutamate, sodium hydroxide, sodium chloride, trisodium edta, hydroxyacetophenone, phenoxyethanol, ethylhexylglycerin<\/p>","protected":false},"featured_media":6798,"template":"","meta":[],"product_brand":[],"product_cat":[547,80,178],"product_tag":[2706,556,2707,2705,2568,2676],"class_list":{"0":"post-6797","1":"product","2":"type-product","3":"status-publish","4":"has-post-thumbnail","6":"product_cat-kozmetika-i-nega-za-odrasle","7":"product_cat-koza-kosa-i-nokti","8":"product_cat-nega-lica","9":"product_tag-protiv-tamnih-fleka","10":"product_tag-spf-30","11":"product_tag-sprecava-simptome-masne-i-problematicne-koze","12":"product_tag-tragovi-od-akni","13":"product_tag-umiruje-iritacije","14":"product_tag-uva-i-uvb-zastita","15":"pa_brend-eucerin","17":"first","18":"instock","19":"shipping-taxable","20":"purchasable","21":"product-type-simple"},"ams_default_variation_id":0,"ams_product_points_reward":[],"ams_product_discount_percentage":0,"ams_price_to_display":1995,"ams_acf":[],"jetpack_sharing_enabled":true,"_links":{"self":[{"href":"https:\/\/apotekar-online.rs\/en\/wp-json\/wp\/v2\/product\/6797","targetHints":{"allow":["GET"]}}],"collection":[{"href":"https:\/\/apotekar-online.rs\/en\/wp-json\/wp\/v2\/product"}],"about":[{"href":"https:\/\/apotekar-online.rs\/en\/wp-json\/wp\/v2\/types\/product"}],"wp:featuredmedia":[{"embeddable":true,"href":"https:\/\/apotekar-online.rs\/en\/wp-json\/wp\/v2\/media\/6798"}],"wp:attachment":[{"href":"https:\/\/apotekar-online.rs\/en\/wp-json\/wp\/v2\/media?parent=6797"}],"wp:term":[{"taxonomy":"product_brand","embeddable":true,"href":"https:\/\/apotekar-online.rs\/en\/wp-json\/wp\/v2\/product_brand?post=6797"},{"taxonomy":"product_cat","embeddable":true,"href":"https:\/\/apotekar-online.rs\/en\/wp-json\/wp\/v2\/product_cat?post=6797"},{"taxonomy":"product_tag","embeddable":true,"href":"https:\/\/apotekar-online.rs\/en\/wp-json\/wp\/v2\/product_tag?post=6797"}],"curies":[{"name":"wp","href":"https:\/\/api.w.org\/{rel}","templated":true}]}}