{"id":6803,"date":"2024-06-08T18:14:24","date_gmt":"2024-06-08T20:14:24","guid":{"rendered":"https:\/\/apotekar-online.rs\/?post_type=product&#038;p=6803"},"modified":"2026-03-05T07:54:46","modified_gmt":"2026-03-05T09:54:46","slug":"eucerin-dermocapillaire-sampon-za-suvu-kozu-glave-i-suvu-kosu-250-ml","status":"publish","type":"product","link":"https:\/\/apotekar-online.rs\/en\/p\/eucerin-dermocapillaire-sampon-za-suvu-kozu-glave-i-suvu-kosu-250-ml\/","title":{"rendered":"Eucerin DermoCapillaire Shampoo for dry scalp and dry hair, 250 ml"},"content":{"rendered":"","protected":false},"excerpt":{"rendered":"<h5><strong>Product description<\/strong><\/h5>\n<p>Ovaj \u0161ampon je specijalno kreiran za stanja suve i iritirane ko\u017ee glave. Oboga\u0107en je ureom i laktatom, dva hidriraju\u0107a faktora koje\u00a0zdrava ko\u017ea prirodno proizvodi,\u00a0kako bi se obezbedila adekvatna nega koja je potrebna suvoj, iritiranoj ko\u017ei glave.<\/p>\n<h5><strong>Dosage and method of administration<\/strong><\/h5>\n<p>Umasirati \u0161ampon u\u00a0mokru kosu. Ostaviti da deluje par minuta, pa zatim temeljno isprati.<\/p>\n<h5><strong>Composition<\/strong><\/h5>\n<p>aqua, sodium myreth sulfate, urea, decyl glucoside, sodium lactate, sodium cocoamphoacetate, coco glucoside, laureth-9, peg-200 hydrogenated glyceryl palmate, glyceryl oleate, pantenol, mle\u010dna kiselina, polyquaternium-10, sodium benzoate, sodium salicylate, sodim chloride<\/p>","protected":false},"featured_media":6804,"template":"","meta":[],"product_brand":[],"product_cat":[547,80,1073],"product_tag":[2712,808,2711,630],"class_list":{"0":"post-6803","1":"product","2":"type-product","3":"status-publish","4":"has-post-thumbnail","6":"product_cat-kozmetika-i-nega-za-odrasle","7":"product_cat-koza-kosa-i-nokti","8":"product_cat-samponi","9":"product_tag-laktat","10":"product_tag-sampon-za-kosu","11":"product_tag-suva-i-iritirana-koza-glave","12":"product_tag-urea","13":"pa_brend-eucerin","15":"first","16":"instock","17":"shipping-taxable","18":"purchasable","19":"product-type-simple"},"ams_default_variation_id":0,"ams_product_points_reward":[],"ams_product_discount_percentage":0,"ams_price_to_display":1481,"ams_acf":[],"jetpack_sharing_enabled":true,"_links":{"self":[{"href":"https:\/\/apotekar-online.rs\/en\/wp-json\/wp\/v2\/product\/6803","targetHints":{"allow":["GET"]}}],"collection":[{"href":"https:\/\/apotekar-online.rs\/en\/wp-json\/wp\/v2\/product"}],"about":[{"href":"https:\/\/apotekar-online.rs\/en\/wp-json\/wp\/v2\/types\/product"}],"wp:featuredmedia":[{"embeddable":true,"href":"https:\/\/apotekar-online.rs\/en\/wp-json\/wp\/v2\/media\/6804"}],"wp:attachment":[{"href":"https:\/\/apotekar-online.rs\/en\/wp-json\/wp\/v2\/media?parent=6803"}],"wp:term":[{"taxonomy":"product_brand","embeddable":true,"href":"https:\/\/apotekar-online.rs\/en\/wp-json\/wp\/v2\/product_brand?post=6803"},{"taxonomy":"product_cat","embeddable":true,"href":"https:\/\/apotekar-online.rs\/en\/wp-json\/wp\/v2\/product_cat?post=6803"},{"taxonomy":"product_tag","embeddable":true,"href":"https:\/\/apotekar-online.rs\/en\/wp-json\/wp\/v2\/product_tag?post=6803"}],"curies":[{"name":"wp","href":"https:\/\/api.w.org\/{rel}","templated":true}]}}