{"id":6815,"date":"2024-06-08T20:38:59","date_gmt":"2024-06-08T22:38:59","guid":{"rendered":"https:\/\/apotekar-online.rs\/?post_type=product&#038;p=6815"},"modified":"2026-03-05T07:54:46","modified_gmt":"2026-03-05T09:54:46","slug":"eucerin-dezodorans-ph5-roll-on-sa-0-aluminijuma-50-ml","status":"publish","type":"product","link":"https:\/\/apotekar-online.rs\/en\/p\/eucerin-dezodorans-ph5-roll-on-sa-0-aluminijuma-50-ml\/","title":{"rendered":"Eucerin Deodorant pH5 Roll-On with 0% aluminum, 50 ml"},"content":{"rendered":"","protected":false},"excerpt":{"rendered":"<h5><strong>Product description<\/strong><\/h5>\n<p>Blagi dezodorans koji ne sadr\u017ei aluminijum (ACH),\u00a0alkohol, ni parabene. \u010cak i posebno osetljiva ko\u017ea, kao i\u00a0ona sa neurodermatitisom,\u00a0dobro podnosi ovaj proizvod. Ovaj dezodorans je toliko blag da mo\u017ee da se nanese na ko\u017eu odmah nakon brijanja ili epilacije. Ne pe\u010de, ne iritira ko\u017eu, provereno \u0161titi najmanje 24 sata od neprijatnih mirisa. Istovremeno, neupadljiv uniseks miris poja\u010dava ose\u0107aj sve\u017eine.<\/p>\n<h5><strong>Dosage and method of administration<\/strong><\/h5>\n<p>Ujutru nakon tu\u0161iranja, uve\u010de ili po potrebi naneti na suvu ko\u017eu pazuha. Mo\u017ee se koristiti nakon brijanja ili epilacije.<\/p>\n<h5><strong>Composition<\/strong><\/h5>\n<p>voda, glycerin, steareth-2, caprylic-capric-triglyceride, steareth-21, polyquaternium-16, trisodium edta, phenoxyethanol, benzyl alcohol, parfum<\/p>","protected":false},"featured_media":6816,"template":"","meta":[],"product_brand":[],"product_cat":[547,80,177],"product_tag":[1224,2720,439,2719,1232,2527],"class_list":{"0":"post-6815","1":"product","2":"type-product","3":"status-publish","4":"has-post-thumbnail","6":"product_cat-kozmetika-i-nega-za-odrasle","7":"product_cat-koza-kosa-i-nokti","8":"product_cat-nega-tela","9":"product_tag-bez-aluminijuma","10":"product_tag-bez-iritacija","11":"product_tag-bez-parabena","12":"product_tag-blag","13":"product_tag-dezodorans","14":"product_tag-ph5","15":"pa_brend-eucerin","17":"first","18":"instock","19":"shipping-taxable","20":"purchasable","21":"product-type-simple"},"ams_default_variation_id":0,"ams_product_points_reward":[],"ams_product_discount_percentage":0,"ams_price_to_display":1130,"ams_acf":[],"jetpack_sharing_enabled":true,"_links":{"self":[{"href":"https:\/\/apotekar-online.rs\/en\/wp-json\/wp\/v2\/product\/6815","targetHints":{"allow":["GET"]}}],"collection":[{"href":"https:\/\/apotekar-online.rs\/en\/wp-json\/wp\/v2\/product"}],"about":[{"href":"https:\/\/apotekar-online.rs\/en\/wp-json\/wp\/v2\/types\/product"}],"wp:featuredmedia":[{"embeddable":true,"href":"https:\/\/apotekar-online.rs\/en\/wp-json\/wp\/v2\/media\/6816"}],"wp:attachment":[{"href":"https:\/\/apotekar-online.rs\/en\/wp-json\/wp\/v2\/media?parent=6815"}],"wp:term":[{"taxonomy":"product_brand","embeddable":true,"href":"https:\/\/apotekar-online.rs\/en\/wp-json\/wp\/v2\/product_brand?post=6815"},{"taxonomy":"product_cat","embeddable":true,"href":"https:\/\/apotekar-online.rs\/en\/wp-json\/wp\/v2\/product_cat?post=6815"},{"taxonomy":"product_tag","embeddable":true,"href":"https:\/\/apotekar-online.rs\/en\/wp-json\/wp\/v2\/product_tag?post=6815"}],"curies":[{"name":"wp","href":"https:\/\/api.w.org\/{rel}","templated":true}]}}