{"id":6862,"date":"2024-06-19T07:49:28","date_gmt":"2024-06-19T09:49:28","guid":{"rendered":"https:\/\/apotekar-online.rs\/?post_type=product&#038;p=6862"},"modified":"2026-03-05T07:51:37","modified_gmt":"2026-03-05T09:51:37","slug":"cartinorm-biollagen-kesice-20kom","status":"publish","type":"product","link":"https:\/\/apotekar-online.rs\/en\/p\/cartinorm-biollagen-kesice-20kom\/","title":{"rendered":"Cartinorm+ biollagen sachets, 20 pcs"},"content":{"rendered":"","protected":false},"excerpt":{"rendered":"<p><b>Indications:<\/b><\/p>\n<p>-O\u010duvanje zdrave hraskavice i ubla\u017eavanje simptoma ve\u0107 nastale artroze (zahvaljuju\u0107i visokim dozama glukozamin-sulfata i hondroitin-sulfata)<\/p>\n<p>-Za regeneraciju hrskavice uz pomo\u0107 Fortigel bioaktivnog peptida kolagena kod osteoartritisa<\/p>\n<p>-Kod sportista za odr\u017eavanje zdravlja zglobova i pove\u0107anje fizi\u010dkih performansi<\/p>\n<p><b>Operation:<\/b><\/p>\n<p>-Glukozamin je gradivna komponenta hrskavice. Ima povoljne efekte na o\u010duvanje i odr\u017eavanje optimalne funkcije hrskavice i zglobova i to normalizuju\u0107i funkciju hondrocita (\u0107elija hrskavice).<\/p>\n<p>-Hondroitin-sulfat je glavna komponenta hrskavice, konstruktivni sastojak proteoglikana koji obezbe\u0111uje mehani\u010dka i elasti\u010dna svojstva hrskavice. Deficit hondroitin-sulfata u hrskavici je povezan sa pojavom osteoartritisa.<\/p>\n<p>-Kolagen je najzastupljeniji protein u ljudskom organizmu i \u010dini preko 25% proteina. Naravno nisu svi kolageni isti. Fortigel\u00ae bioaktivni peptidi kolagena za razliku od obi\u010dnog hidrolizovanog kolagena tip II koji samo daje gradivni elemenat, vr\u0161i direktnu stimulaciju hondrocita i dovodi do regeneracije hrskavice.<\/p>\n<p>-Vitamin C doprinosi normalnom formiranju kolagena neophodnom za normalnu funkciju kostiju i zglobne hrskavice.<\/p>\n<p><b>Benefiti proizvoda:<\/b><\/p>\n<p>&nbsp;<\/p>\n<p>Prednosti preparata Cartinorm + Biocollagen su prvenstveno u tome \u0161to sadr\u017ei visoke doze aktivnih sastojaka, pa se pije samo jednom dnevno; a tako\u0111e i to \u0161to zbog posebne vrste kolagena koji sadr\u017ei, pored toga \u0161to doprinose o\u010duvanju zdravlja hrskavice, u\u010destvuju i u njenoj regeneraciji.<\/p>\n<p><b>Way of use:<\/b><\/p>\n<p>Sadr\u017eaj jedne kesice rastvoriti u \u010da\u0161i vode. Uzimati u obliku napitka jedanput dnevno.<\/p>\n<p><b>Composition:<\/b><\/p>\n<p>Jedna kesica (10 g) sadr\u017ei 1500 mg glukozamin-sulfata u kristalnoj formi poreklom iz ljuskara, 800 mg hondroitin-sulfata, 5000 mg Fortigel\u00ae bioaktivnih pepida kolagena i 250 mg vitamina C.<\/p>\n<p><i>*Fortigel\u00ae bioaktivni peptidi kolagena , kristalni glukozamin-sulfat (iz ljuskara), zasla\u0111iva\u010di: sorbitol, sukraloza; hondroitin-sulfat, regulator kiselosti: limunska kiselina; L-askorbinska kiselina, arome pomorand\u017ee, limuna i ananasa; sredstvo protiv zgrudnjavanja: silicijum-dioksid.<\/i><\/p>","protected":false},"featured_media":6863,"template":"","meta":[],"product_brand":[],"product_cat":[82],"product_tag":[1290,2756,1702,2757],"class_list":{"0":"post-6862","1":"product","2":"type-product","3":"status-publish","4":"has-post-thumbnail","6":"product_cat-kosti-zglobovi-i-neuropatski-bol","7":"product_tag-artroza","8":"product_tag-collagen","9":"product_tag-glukozamin-sulfat","10":"product_tag-hondroitin-sulfat","11":"pa_brend-goodwill","13":"first","14":"instock","15":"shipping-taxable","16":"purchasable","17":"product-type-simple"},"ams_default_variation_id":0,"ams_product_points_reward":[],"ams_product_discount_percentage":0,"ams_price_to_display":2800,"ams_acf":[],"jetpack_sharing_enabled":true,"_links":{"self":[{"href":"https:\/\/apotekar-online.rs\/en\/wp-json\/wp\/v2\/product\/6862","targetHints":{"allow":["GET"]}}],"collection":[{"href":"https:\/\/apotekar-online.rs\/en\/wp-json\/wp\/v2\/product"}],"about":[{"href":"https:\/\/apotekar-online.rs\/en\/wp-json\/wp\/v2\/types\/product"}],"wp:featuredmedia":[{"embeddable":true,"href":"https:\/\/apotekar-online.rs\/en\/wp-json\/wp\/v2\/media\/6863"}],"wp:attachment":[{"href":"https:\/\/apotekar-online.rs\/en\/wp-json\/wp\/v2\/media?parent=6862"}],"wp:term":[{"taxonomy":"product_brand","embeddable":true,"href":"https:\/\/apotekar-online.rs\/en\/wp-json\/wp\/v2\/product_brand?post=6862"},{"taxonomy":"product_cat","embeddable":true,"href":"https:\/\/apotekar-online.rs\/en\/wp-json\/wp\/v2\/product_cat?post=6862"},{"taxonomy":"product_tag","embeddable":true,"href":"https:\/\/apotekar-online.rs\/en\/wp-json\/wp\/v2\/product_tag?post=6862"}],"curies":[{"name":"wp","href":"https:\/\/api.w.org\/{rel}","templated":true}]}}