{"id":7133,"date":"2024-07-04T09:33:40","date_gmt":"2024-07-04T11:33:40","guid":{"rendered":"https:\/\/apotekar-online.rs\/?post_type=product&#038;p=7133"},"modified":"2026-03-05T07:50:06","modified_gmt":"2026-03-05T09:50:06","slug":"vichy-dercos-energetski-sampon-protiv-gubitka-kose-sa-aktivnim-sastojkom-aminexilom-i-vitaminima-pp-b5-i-b6-200-ml","status":"publish","type":"product","link":"https:\/\/apotekar-online.rs\/en\/p\/vichy-dercos-energetski-sampon-protiv-gubitka-kose-sa-aktivnim-sastojkom-aminexilom-i-vitaminima-pp-b5-i-b6-200-ml\/","title":{"rendered":"Vichy Dercos Energetski \u0161ampon protiv gubitka kose sa aktivnim sastojkom aminexilom i Vitaminima PP, B5 I B6, 200 ml"},"content":{"rendered":"","protected":false},"excerpt":{"rendered":"<p align=\"justify\">Jedini \u0161ampon sa Aminexilom, efikasnim molekulom protiv opadanje kose. Za mu\u0161karce i \u017eene koji imaju problema sa slabim ili ja\u010dim opadanjem kose.<\/p>\n<p align=\"justify\">Aminexil je molekul protiv opadanja koji preporu\u010duje apoteka i koji je rezultat desetogodi\u0161njeg istra\u017eivanja, a za\u0161ti\u0107en je sa dva patenta. Njegova efikasnost je dokazana u pore\u0111enju sa placebom. Spre\u010dava otvrdnjavanje kolagene ovojnice za o\u010duvanje meko\u0107e i elasti\u010dnosti tkiva koja okru\u017euju koren i za njegovo bolje pri\u010dvr\u0161\u0107ivanje u ko\u017eu skalpa.<\/p>\n<p align=\"justify\">Pakovanje sadr\u017ei 200ml.<\/p>\n<p>&nbsp;<\/p>\n<p>Laboratorije Vichy Vam predla\u017eu energetski \u0161ampon, dopunu tretmanima protiv opadanja, koji je jedini \u0161ampon s Aminexilom. Kosa postaje ja\u010da, sna\u017enija od korena do vrhova.<\/p>\n<p>&nbsp;<\/p>\n<p>Njegova hipoalergena formula ne sadr\u017ei parabene.<\/p>\n<p>&nbsp;<\/p>\n<p>Njegova efikasnost je dokazana pod dermatolo\u0161kim nadzorom.<\/p>","protected":false},"featured_media":7134,"template":"","meta":[],"product_brand":[],"product_cat":[1073],"product_tag":[606,811],"class_list":{"0":"post-7133","1":"product","2":"type-product","3":"status-publish","4":"has-post-thumbnail","6":"product_cat-samponi","7":"product_tag-protiv-opadanja-kose","8":"product_tag-sampon","9":"pa_brend-vichy","11":"first","12":"instock","13":"shipping-taxable","14":"purchasable","15":"product-type-simple"},"ams_default_variation_id":0,"ams_product_points_reward":[],"ams_product_discount_percentage":0,"ams_price_to_display":2284.07,"ams_acf":[],"jetpack_sharing_enabled":true,"_links":{"self":[{"href":"https:\/\/apotekar-online.rs\/en\/wp-json\/wp\/v2\/product\/7133","targetHints":{"allow":["GET"]}}],"collection":[{"href":"https:\/\/apotekar-online.rs\/en\/wp-json\/wp\/v2\/product"}],"about":[{"href":"https:\/\/apotekar-online.rs\/en\/wp-json\/wp\/v2\/types\/product"}],"wp:featuredmedia":[{"embeddable":true,"href":"https:\/\/apotekar-online.rs\/en\/wp-json\/wp\/v2\/media\/7134"}],"wp:attachment":[{"href":"https:\/\/apotekar-online.rs\/en\/wp-json\/wp\/v2\/media?parent=7133"}],"wp:term":[{"taxonomy":"product_brand","embeddable":true,"href":"https:\/\/apotekar-online.rs\/en\/wp-json\/wp\/v2\/product_brand?post=7133"},{"taxonomy":"product_cat","embeddable":true,"href":"https:\/\/apotekar-online.rs\/en\/wp-json\/wp\/v2\/product_cat?post=7133"},{"taxonomy":"product_tag","embeddable":true,"href":"https:\/\/apotekar-online.rs\/en\/wp-json\/wp\/v2\/product_tag?post=7133"}],"curies":[{"name":"wp","href":"https:\/\/api.w.org\/{rel}","templated":true}]}}