{"id":7333,"date":"2024-10-08T05:32:31","date_gmt":"2024-10-08T07:32:31","guid":{"rendered":"https:\/\/apotekar-online.rs\/?post_type=product&#038;p=7333"},"modified":"2026-03-05T07:50:02","modified_gmt":"2026-03-05T09:50:02","slug":"one-two-three-zinc-active-cink-pikolinat-60-kapsula","status":"publish","type":"product","link":"https:\/\/apotekar-online.rs\/en\/p\/one-two-three-zinc-active-cink-pikolinat-60-kapsula\/","title":{"rendered":"One Two Three Zinc Active (cink-pikolinat) 60 kapsula"},"content":{"rendered":"","protected":false},"excerpt":{"rendered":"<p>Cink ima ulogu u procesu deobe \u0107elija, doprinosi normalnoj sintezi DNK i proteina, normalnom metabolizmu makronutrijenata, masnih kiselina i ugljenih hidrata.<\/p>\n<div>Doprinosi za\u0161titi \u0107elija od oksidativnog stresa, normalnoj funkciji imunog sistema, normalnoj kognitivnoj funkciji, odr\u017eavanju normalnog vida, normalne kose, ko\u017ee, noktiju i kostiju, normalnoj plodnosti i reprodukciji.<\/div>\n<div>Dodatak ishrani\u00a0 sa cinkom, u obliku cink-pikolinata, koji obezbe\u0111uje visok stepen bioraspolo\u017eivosti i bolje iskori\u0161\u0107enje cinka u organizmu.<\/div>\n<div>\n<p class=\"mainTitle oswald\"><strong>Way of use<\/strong><\/p>\n<div class=\"text\">Popiti 1 kapsulu dnevno sa odgovaraju\u0107om koli\u010dinom te\u010dnosti, nezavisno od obroka.<\/div>\n<div>\n<p class=\"mainTitle oswald\"><strong>Composition<\/strong><\/p>\n<div class=\"text\">15mg cink-pikolinata.<\/div>\n<\/div>\n<\/div>","protected":false},"featured_media":7334,"template":"","meta":[],"product_brand":[],"product_cat":[78,77],"product_tag":[185,2962,2961,2960,2959,2957,2958,2956],"class_list":{"0":"post-7333","1":"product","2":"type-product","3":"status-publish","4":"has-post-thumbnail","6":"product_cat-vitamini-i-minerali","7":"product_cat-imunitet","8":"product_tag-cink","9":"product_tag-cink-pikolinata","10":"product_tag-drzavanju-normalnog-vida","11":"product_tag-normalne-kose","12":"product_tag-normalnoj-funkciji-imunog-sistema","13":"product_tag-normalnom-metabolizmu","14":"product_tag-oksidativnog-stresa","15":"product_tag-ugljenih-hidrata","16":"pa_brend-hemofarm","18":"first","19":"instock","20":"shipping-taxable","21":"purchasable","22":"product-type-simple"},"ams_default_variation_id":0,"ams_product_points_reward":[],"ams_product_discount_percentage":0,"ams_price_to_display":1080,"ams_acf":[],"jetpack_sharing_enabled":true,"_links":{"self":[{"href":"https:\/\/apotekar-online.rs\/en\/wp-json\/wp\/v2\/product\/7333","targetHints":{"allow":["GET"]}}],"collection":[{"href":"https:\/\/apotekar-online.rs\/en\/wp-json\/wp\/v2\/product"}],"about":[{"href":"https:\/\/apotekar-online.rs\/en\/wp-json\/wp\/v2\/types\/product"}],"wp:featuredmedia":[{"embeddable":true,"href":"https:\/\/apotekar-online.rs\/en\/wp-json\/wp\/v2\/media\/7334"}],"wp:attachment":[{"href":"https:\/\/apotekar-online.rs\/en\/wp-json\/wp\/v2\/media?parent=7333"}],"wp:term":[{"taxonomy":"product_brand","embeddable":true,"href":"https:\/\/apotekar-online.rs\/en\/wp-json\/wp\/v2\/product_brand?post=7333"},{"taxonomy":"product_cat","embeddable":true,"href":"https:\/\/apotekar-online.rs\/en\/wp-json\/wp\/v2\/product_cat?post=7333"},{"taxonomy":"product_tag","embeddable":true,"href":"https:\/\/apotekar-online.rs\/en\/wp-json\/wp\/v2\/product_tag?post=7333"}],"curies":[{"name":"wp","href":"https:\/\/api.w.org\/{rel}","templated":true}]}}