{"id":7398,"date":"2024-10-24T06:54:01","date_gmt":"2024-10-24T08:54:01","guid":{"rendered":"https:\/\/apotekar-online.rs\/?post_type=product&#038;p=7398"},"modified":"2026-03-05T07:48:13","modified_gmt":"2026-03-05T09:48:13","slug":"ambi-put-citrus-sredstvo-za-ciscenje-toaleta-750ml","status":"publish","type":"product","link":"https:\/\/apotekar-online.rs\/en\/p\/ambi-put-citrus-sredstvo-za-ciscenje-toaleta-750ml\/","title":{"rendered":"Ambi put citrus sredstvo za \u010di\u0161\u0107enje toaleta 750ml"},"content":{"rendered":"","protected":false},"excerpt":{"rendered":"<p>Izuzetno sredstvo za \u010di\u0161\u0107enje koje je efikasno u borbi protiv svih ne\u010disto\u0107a!<\/p>","protected":false},"featured_media":7399,"template":"","meta":[],"product_brand":[],"product_cat":[982,1462,2790],"product_tag":[1000,987,1545],"class_list":{"0":"post-7398","1":"product","2":"type-product","3":"status-publish","4":"has-post-thumbnail","6":"product_cat-kucna-hemija","7":"product_cat-odrzavanje-kupatila","8":"product_cat-sredstva-za-ciscenje","9":"product_tag-ciscenje","10":"product_tag-kucna-hemija","11":"product_tag-kupatilo","12":"pa_brend-ambi-pur","14":"first","15":"instock","16":"shipping-taxable","17":"purchasable","18":"product-type-simple"},"ams_default_variation_id":0,"ams_product_points_reward":[],"ams_product_discount_percentage":0,"ams_price_to_display":280,"ams_acf":[],"jetpack_sharing_enabled":true,"_links":{"self":[{"href":"https:\/\/apotekar-online.rs\/en\/wp-json\/wp\/v2\/product\/7398","targetHints":{"allow":["GET"]}}],"collection":[{"href":"https:\/\/apotekar-online.rs\/en\/wp-json\/wp\/v2\/product"}],"about":[{"href":"https:\/\/apotekar-online.rs\/en\/wp-json\/wp\/v2\/types\/product"}],"wp:featuredmedia":[{"embeddable":true,"href":"https:\/\/apotekar-online.rs\/en\/wp-json\/wp\/v2\/media\/7399"}],"wp:attachment":[{"href":"https:\/\/apotekar-online.rs\/en\/wp-json\/wp\/v2\/media?parent=7398"}],"wp:term":[{"taxonomy":"product_brand","embeddable":true,"href":"https:\/\/apotekar-online.rs\/en\/wp-json\/wp\/v2\/product_brand?post=7398"},{"taxonomy":"product_cat","embeddable":true,"href":"https:\/\/apotekar-online.rs\/en\/wp-json\/wp\/v2\/product_cat?post=7398"},{"taxonomy":"product_tag","embeddable":true,"href":"https:\/\/apotekar-online.rs\/en\/wp-json\/wp\/v2\/product_tag?post=7398"}],"curies":[{"name":"wp","href":"https:\/\/api.w.org\/{rel}","templated":true}]}}