{"id":7412,"date":"2024-10-25T09:18:47","date_gmt":"2024-10-25T11:18:47","guid":{"rendered":"https:\/\/apotekar-online.rs\/?post_type=product&#038;p=7412"},"modified":"2026-03-05T08:38:28","modified_gmt":"2026-03-05T10:38:28","slug":"roxacet-cold-500mg25mg200mg-prasak-za-oralni-rastvor-u-kesici","status":"publish","type":"product","link":"https:\/\/apotekar-online.rs\/en\/p\/roxacet-cold-500mg25mg200mg-prasak-za-oralni-rastvor-u-kesici\/","title":{"rendered":"Roxacet\u00ae Cold 500mg+25mg+200mg pra\u0161ak za oralni rastvor u kesici"},"content":{"rendered":"","protected":false},"excerpt":{"rendered":"<p><strong>Prodaja ovog leka\u00a0 zabranjena je putem interneta zakonom Republike Srbije, dok je ogla\u0161avanje istog putem interneta dozvoljeno isklju\u010divo<\/strong>\u00a0<strong>as a reminder and has the purpose of informing.<\/strong><\/p>\n<p>1. \u0160ta je lek Roxacet Cold i \u010demu je namenjen<br \/>\nLek Roxacet Cold, pra\u0161ak za oralni rastvor se primenjuje kao simptomatska terapija prehlade, zapaljenja<br \/>\nsluzoko\u017ee nosa (rinitisa), zapaljenja sluzoko\u017ee nosa i \u017edrela (rinofaringitisa) i stanja sli\u010dnih gripu kod<br \/>\nodraslih i dece starije od 15 godina koja su pra\u0107ena slede\u0107im simptomima:<br \/>\n\uf02d bistra sekrecija iz nosa i suzenje o\u010diju,<br \/>\n\uf02d kijavica,<br \/>\n\uf02d glavobolja i\/ili povi\u0161ena telesna temperatura.<br \/>\n2. \u0160ta treba da znate pre nego \u0161to uzmete lek Roxacet Cold<br \/>\nLek Roxacet Cold ne smete koristiti:<br \/>\n\uf02d ukoliko ste alergi\u010dni (preosetljivi) na aktivne supstance ili na bilo koju od pomo\u0107nih supstanci ovog<br \/>\nleka<br \/>\n(navedene u odeljku 6),<br \/>\n\uf02d ukoliko ste mla\u0111i od 15 godina,<br \/>\n\uf02d ukoliko imate odre\u0111eni oblik glaukoma (povi\u0161en pritisak u o\u010dnoj jabu\u010dici),<br \/>\n\uf02d ukoliko ote\u017eano mokrite usled oboljenja prostate ili drugih oboljenja,<br \/>\n\uf02d ukoliko imate te\u0161ko oboljenja jetre (slabost jetre), jer lek sadr\u017ei paracetamol.<br \/>\nOvaj lek ne bi trebalo uzimati tokom trudno\u0107e i dojenja, osim u slu\u010daju kada je propisan od strane lekara.<br \/>\nUKOLIKO NISTE SIGURNI, DA LI SE NE\u0160TO OD PRETHODNO NAVEDENOG ODNOSI NA VAS<br \/>\nOBRATITE SE VA\u0160EM LEKARU ILI FARMACEUTU.<br \/>\nWarnings and precautions<br \/>\nRazgovarajte sa svojim lekarom ili farmaceutom pre nego \u0161to uzmete lek Roxacet Cold.<br \/>\nDoziranje, du\u017eina trajanja terapije do 5 dana i ograni\u010denja primene moraju se strogo po\u0161tovati.<br \/>\nU slu\u010daju predoziranja ili slu\u010dajne primene prevelike doze leka odmah konsultujte Va\u0161eg lekara. Ovaj lek<br \/>\nsadr\u017ei paracetamol. Drugi lekovi tako\u0111e mogu da sadr\u017ee paracetamol, uklju\u010duju\u0107i lekove koji se izdaju<br \/>\nbez lekarskog recepta. Nemojte kombinovati ove lekove kako ne biste prekora\u010dili preporu\u010dene dnevne<br \/>\ndoze (videti odeljak \u201c Kako se uzima lek Roxacet Cold\u201d). Ako je potrebno da uzmete druge lekove koji<br \/>\nsadr\u017ee supstance koje su u ovom leku, obratite se Va\u0161em lekaru ili farmaceutu za savet.<br \/>\nU slu\u010daju gnojne sekrecije iz nosa, dugotrajne povi\u0161ene temperature ili bolova koji traju du\u017ee od 3 dana ili<br \/>\nodsustva pobolj\u0161anja simptoma nakon 5 dana primene leka Roxacet Cold, konsultujte Va\u0161eg lekara.<br \/>\nU slede\u0107im slu\u010dajevima pre primene ovog leka obavestite Va\u0161eg lekara ili farmaceuta:<br \/>\n\uf02d ukoliko imate telesnu masu manje od 50 kg,<br \/>\n\uf02d ukoliko uzimate druge lekove koji sadr\u017ee paracetamol,<br \/>\n\uf02d ukoliko imate oboljenje jetre ili bubrega,<br \/>\n\uf02d u slu\u010daju prekomerne upotrebe alkohola (zloupotrebe alkohola),<br \/>\n\uf02d ukoliko imate preme\u0107aj ishrane (neuhranjenost) ili ako ste dehidrirani,<br \/>\n\uf02d ukoliko imate akutni virusni hepatitis ili u slu\u010daju pojave akutnog virusnog hepatitisa tokom terapije<br \/>\nlekom Roxacet Cold, obavestite Va\u0161eg lekara. Va\u0161 lekar mo\u017ee da prekine terapiju.<br \/>\nVitamin C treba koristiti sa oprezom kod pacijenata sa poreme\u0107ajem metabolizma gvo\u017e\u0111a i kod pacijenata sa<br \/>\nnedostatkom glukozo-6 fosfat dehidrogenaze.<br \/>\nParacetamol mo\u017ee izazvati ozbiljne reakcije na ko\u017ei. U slu\u010daju pojave osipa po ko\u017ei ili drugih znakova<br \/>\nalergije, prestanite sa upotrebom leka i odmah se obratite Va\u0161em lekaru.<br \/>\n3 out of 6<br \/>\nChildren and adolescents<br \/>\nKod dece koja su na terapiji paracetamolom, istovremena primena sa drugim antipiretikom (lek za sni\u017eavanje<br \/>\npovi\u0161ene telesne temperature) je opravdana u slu\u010daju neefikasnosti paracetamola. Kombinovanu primenu<br \/>\nmo\u017ee da propi\u0161e samo lekar, koji \u0107e pratiti stanje pacijenta.<br \/>\nDrugi lekovi i lek Roxacet Cold<br \/>\nObavestite svog lekara ili farmaceuta ukoliko uzimate, donedavno ste uzimali ili \u0107ete mo\u017eda uzimati bilo<br \/>\nwhat other medicines.<br \/>\nObavestite svog lekara ako uzimate lek koji uti\u010de na zgru\u0161avanje krvi (oralni antikoagulans). Lek Roxacet<br \/>\nCold mo\u017ee da poja\u010da dejstvo oralnog antikoagulansa kada se primenjuje u velikoj dozi. Ukoliko je potrebno,<br \/>\nVa\u0161 lekar \u0107e promeniti dozu antikoagulansa.<br \/>\nObavestite lekara da Vi ili Va\u0161e dete uzimate ovaj lek ukoliko treba da radite laboratorijske analize<br \/>\nmokra\u0107ne kiseline ili \u0161e\u0107era u krvi.<br \/>\nKako biste izbegli ne\u017eeljene efekte predoziranja, NEMOJTE KOMBINOVATI druge lekove koji sadr\u017ee<br \/>\nantihistaminike ili paracetamol, BEZ SAVETA LEKARA.<br \/>\nKADA NISTE SIGURNI, OBRATITE SE VA\u0160EM LEKARU ILI FARMACEUTU ZA SAVET.<br \/>\nUzimanje leka Roxacet Cold sa hranom, pi\u0107ima i alkoholom<br \/>\nOvaj lek mo\u017ee da izazove pospanost koja se pove\u0107ava unosom alkohola: po\u017eeljno je zapo\u010deti terapiju uve\u010de i<br \/>\nne uzimati alkoholna pi\u0107a tokom primene leka.<br \/>\nPregnancy, breastfeeding and fertility<br \/>\nUkoliko ste trudni ili dojite, mislite da ste trudni ili planirate trudno\u0107u, obratite se svom lekaru ili farmaceutu<br \/>\nfor advice before taking this medicine.<br \/>\nPregnancy<br \/>\nNe preporu\u010duje se primena ovog leka tokom trudno\u0107e.<br \/>\nUkoliko je neophodno, lek Roxacet Cold mo\u017ee da se upotrebljava u toku trudno\u0107e. Treba da upotrebljavate<br \/>\nnajmanju mogu\u0107u dozu leka koja ubla\u017eava Va\u0161 bol i\/ili smanjuje povi\u0161enu telesnu temperaturu, i to tokom<br \/>\nnajkra\u0107eg mogu\u0107eg vremenskog perioda. Obratite se lekaru ukoliko se bol i\/ili povi\u0161ena telesna temperatura<br \/>\nne smanjuju ili ukoliko je potrebno da \u010de\u0161\u0107e uzimate lek.<br \/>\nBreastfeeding<br \/>\nNe preporu\u010duje se primena ovog leka tokom dojenja.<br \/>\nFertility<br \/>\nPostoji mogu\u0107nost da paracetamol uti\u010de na plodnost \u017eena, \u0161to prestaje nakon prekida terapije.<br \/>\nDriving vehicles and operating machines<br \/>\nPotrebno je obratiti pa\u017enju na rizik od pospanosti, posebno kod osoba koje upravljaju vozilima ili rukuju<br \/>\nma\u0161inama, s obzirom da se tokom primene ovog leka mo\u017ee javiti pospanost ili pad koncentaracije.<br \/>\nOvaj rizik se mo\u017ee pove\u0107ati unosom alkoholnih pi\u0107a, lekova koji sadr\u017ee alkohol ili lekova sa sedativnim<br \/>\ndejstvom.<br \/>\nLek Roxacet Cold sadr\u017ei pomo\u0107ne supstance sa potvr\u0111enim dejstvom<br \/>\nOvaj lek sadr\u017ei 43 mg aspartama u jednoj kesici. Aspartam je izvor fenilalanina, koji mo\u017ee imati \u0161tetno<br \/>\ndejstvo ukoliko imate fenilketonuriju, redak genetski poreme\u0107aj pri kom dolazi do nagomilavana<br \/>\nfenilalanina, jer organizam ne mo\u017ee da ga elimini\u0161e na odgovaraju\u0107i na\u010din.<br \/>\nOvaj lek sadr\u017ei saharozu. Ukoliko Vam je lekar rekao da imate intoleranciju na pojedine \u0161e\u0107ere, obratite se<br \/>\nlekaru pre upotrebe ovog leka.<br \/>\nOvaj lek sadr\u017ei manitol, koji mo\u017ee imati blago laksativno dejstvo.<br \/>\n4 out of 6<br \/>\n3. Kako se uzima lek Roxacet Cold<br \/>\nAlways take this medicine exactly as stated in this leaflet or as explained to you by your doctor<br \/>\nor a pharmacist. If you are not sure, check with your doctor or pharmacist.<br \/>\nDosage<br \/>\nUzrast (telesna masa) Pojedina\u010dna doza Interval izme\u0111u doza Maksimalna dnevna<br \/>\ndoza<br \/>\nOdrasli i deca starija od<br \/>\n15 godina (&gt; 50 kg)<br \/>\n1 sachet<br \/>\n(500 mg paracetamola,<br \/>\n25 mg feniramina,<br \/>\n200 mg vitamina C)<br \/>\nNajmanje 4 sata 3 kesice<br \/>\n(1500 mg paracetamola,<br \/>\n75 mg feniramina,<br \/>\n600 mg vitamina C)<br \/>\nUkupna doza paracetamola ne sme da bude ve\u0107a od 4000 mg dnevno. Ve\u0107a doza mo\u017ee dovesti do ozbiljnih<br \/>\nposledica po Va\u0161u jetru.<br \/>\nDa biste izbegli rizik od predoziranja, proverite odsustvo paracetamola, vitamina C i\/ili feniramina u sastavu<br \/>\ndrugih lekova, uklju\u010duju\u0107i i lekove koji se izdaju bez lekarskog recepta.<br \/>\nPacijenti sa oboljenjem bubrega ili jetre<br \/>\nPre nego \u0161to po\u010dnete da uzimate ovaj lek, posavetujte se sa svojim lekarom ili farmaceutom.<br \/>\nU slu\u010daju te\u0161ke slabosti bubrega (klirens kreatinina &lt; 10 mL\/min), interval izme\u0111u dve doze mora da bude<br \/>\nnajmanje 8 sati).<br \/>\nMethod of application<br \/>\nFor oral use.<br \/>\nSadr\u017eaj kesice treba razmutiti u dovoljnoj koli\u010dini tople ili hladne vode.<br \/>\nU terapiji stanja sli\u010dnih gripu preporu\u010duje se upotreba leka rastvorenog u toploj vodi, najbolje uve\u010de.<br \/>\nU\u010destalost doziranja<br \/>\nUzima se 1 kesica i ukoliko je potrebno doza se ponavlja nakon najmanje 4 sata, vode\u0107i ra\u010duna da se ne<br \/>\nuzme vi\u0161e od 3 kesice na dan.<br \/>\nDuration of therapy<br \/>\nMaksimalna du\u017eina trajanja terapije je 5 dana.<br \/>\nUkoliko se ne ose\u0107ate bolje ili se ose\u0107ate lo\u0161ije posle 5 dana, morate se obratiti svom lekaru.<br \/>\nAko ste uzeli vi\u0161e leka Roxacet Cold nego \u0161to treba<br \/>\nUkoliko ste uzeli ve\u0107u dozu leka Roxacet nego \u0161to je trebalo, PREKINITE TERAPIJU I ODMAH<br \/>\nKONSULTUJTE LEKARA. Predoziranje mo\u017ee dovesti do smrti.<br \/>\nAko ste zaboravili da uzmete lek Roxacet Cold<br \/>\nNE UZIMAJTE DUPLU DOZU DA BISTE NADOKNADILI PROPU\u0160TENU DOZU.<br \/>\nAko naglo prestanete da uzimate lek Roxacet Cold<br \/>\nNot applicable.<br \/>\nAko imate dodatnih pitanja o primeni ovog leka, obratite se svom lekaru ili farmaceutu<br \/>\n4. Possible side effects<br \/>\nLike all medicines, this medicine can cause side effects, although not everybody gets them.<br \/>\npatients taking this medicine.<br \/>\n5 out of 6<br \/>\nPovezano sa prisustvom paracetamola:<br \/>\nRetka ne\u017eeljena dejstva (mogu da se jave kod najvi\u0161e 1 na 1000 pacijenata koji uzimaju lek): osip na ko\u017ei ili<br \/>\ncrvenilo ili alergijska reakcija, pra\u0107ena naglim oticanjem lica i vrata ili iznenadnim ose\u0107ajem slabosti sa<br \/>\nsmanjenjem krvnog pritiska. Le\u010denje treba odmah prekinuti, obratite se lekaru i ne uzimajte vi\u0161e nikada<br \/>\nlekove koji sadr\u017ee paracetamol.<br \/>\nVery rare side effects (may occur in up to 1 in 10,000 patients taking the drug):<br \/>\nozbiljne reakcije na ko\u017ei. Le\u010denje treba odmah prekinuti, obratite se lekaru i ne uzimajte vi\u0161e nikada lekove<br \/>\nkoji sadr\u017ee paracetamol.<br \/>\nVeoma retko, prime\u0107ene su promene u vrednostima laboratorijskih testova koje su uslovile redovnu kontrolu<br \/>\nkrvne slike, npr: izuzetno male koncentracije odre\u0111enih \u0107elija krvi (trombocita i belih krvnih \u0107elija) koje<br \/>\nmogu da dovedu do krvarenja iz nosa ili desni. U tom slu\u010daju se obratite lekaru.<br \/>\nPrijavljeni su poreme\u0107aji koagulacije.<br \/>\nPovezano sa prisustvom feniramina:<br \/>\nNervous system disorders:<br \/>\n&#8211; smanjena pa\u017enja ili pospanost, vi\u0161e izra\u017eeni na po\u010detku terapije<br \/>\n&#8211; antiholinergi\u010dki efekti kao \u0161to su suvo\u0107a sluzoko\u017ee usta, zatvor, poreme\u0107aji vida, palpitacije (subjektivni<br \/>\nose\u0107aj lupanja srca), zadr\u017eavanje urina<br \/>\n&#8211; smanjenje krvnog pritiska pri ustajanju, koje mo\u017ee biti pra\u0107eno vrtoglavicom<br \/>\n&#8211; poreme\u0107aj ravnote\u017ee, vrtoglavica, oslabljeno pam\u0107enje ili koncentracija, u\u010destalije kod osoba starije<br \/>\n\u017eivotne<br \/>\ndobi<br \/>\n&#8211; poreme\u0107aj koordinacije pokreta, nevoljno drhtanje<br \/>\n&#8211; zbunjenost, halucinacije (vidne ili slu\u0161ne obmane ili opa\u017eanje stvari koje realno ne postoje)<br \/>\n&#8211; re\u0111e, efekti ekscitacije: uznemirenost, nervoza, nesanica<br \/>\nPoreme\u0107aji imunskog sistema (reakcije preosetljivosti) (retko):<br \/>\n&#8211; crevenilo, svrab, ekcem, crvenilo ko\u017ee u vidu ta\u010dkastih krvarenja ili ve\u0107ih podliva, urtikarija<br \/>\n&#8211; otok, re\u0111e akutni edem (otok) ko\u017ee i sluzoko\u017ee usled reakcije preosetljivosti (Quincke-ov edem)<br \/>\n&#8211; anafilakti\u010dki \u0161ok<br \/>\nPoreme\u0107aji krvi i limfnog sistema:<br \/>\n&#8211; leukocitopenija (smanjen broj belih krvnih zrnaca), neutropenija (smanjenje broja granulocita)<br \/>\n&#8211; trombocitopenija (smanjen broj trombocita)<br \/>\n&#8211; pove\u0107ana destrukcija eritrocita u cirkulaciji (hemoliti\u010dka anemija)<br \/>\nReporting adverse reactions<br \/>\nIf you experience any unwanted reaction, you should inform your doctor, pharmacist or<br \/>\nnurse. This includes any possible side effects that are not listed in this guide.<br \/>\nBy reporting side effects, you can help evaluate the safety of this medicine. Doubt on<br \/>\nYou can report adverse reactions to the Agency for Medicines and Medical Devices of Serbia (ALIMS):<br \/>\nAgency for Medicines and Medical Devices of Serbia<br \/>\nNational Center for Pharmacovigilance<br \/>\nVojvode Stepe 458, 11221 Belgrade<br \/>\nRepublic of Serbia<br \/>\nwebsite: www.alims.gov.rs<br \/>\ne-mail: nezeljene.reakcije@alims.gov.rs<br \/>\n5. Kako \u010duvati lek Roxacet Cold<br \/>\n\u010cuvati na temperaturi do 25 \u00b0C.<br \/>\nKeep the medicine out of the sight and reach of children.<br \/>\nRok upotrebe nakon rastvaranja: upotrebiti odmah.<br \/>\n6 out of 6<br \/>\nNe smete koristiti lek Roxacet Cold posle isteka roka upotrebe nazna\u010denog na spolja\u0161njem i unutra\u0161njem<br \/>\npakovanju nakon &#8222;Va\u017ei do&#8220;. Datum isteka roka upotrebe se odnosi na poslednji dan navedenog meseca.<br \/>\nUnusable medicines are handed over to the pharmacy where the notice that they are to be collected is displayed in that pharmacy<br \/>\nunusable medicines from citizens. Unusable medicines must not be thrown into the sewer or together with<br \/>\ncommunal waste. These measures will help protect the environment.<br \/>\n6. Contents of the package and other information<br \/>\n\u0160ta sadr\u017ei lek Roxacet Cold<br \/>\nAktivne supstance su paracetamol, feniramin-malet i askorbinska kiselina.<br \/>\nJedna kesica pra\u0161ka za oralni rastvor sadr\u017ei 500 mg paracetamola, 25 mg feniramin-maleata i 200 mg<br \/>\naskorbinske kiseline (vitamina C).<br \/>\nPomo\u0107ne supstance su: manitol; limunska kiselina; povidon K30; magnezijum-citrat; aspartam; aroma<br \/>\nCaribbean *.<br \/>\n* Sastav arome Caribbean: etarska ulja limuna i narand\u017ee; narand\u017eina pulpa; vanilin; citral; etil-acetat; etilpropionat; maltol; etil-butirat; gama-nonalakton; limunska kiselina (E 330); maltodekstrin; arapska guma<br \/>\n(E414); rum i saharoza.<br \/>\nKako izgleda lek Roxacet Cold i sadr\u017eaj pakovanja<br \/>\nPra\u0161ak za oralni rastvor u kesici.<br \/>\nBeo do blago \u017eut pra\u0161ak karakteristi\u010dnog mirisa na citrusno vo\u0107e i rum.<br \/>\nIzgled nakon rastvaranja: beo do blago \u017eut opalescentan rastvor.<br \/>\nUnutra\u0161nje pakovanje leka je kesica od papir\/aluminijum\/polietilena.<br \/>\nSpolja\u0161nje pakovanje je slo\u017eiva kartonska kutija u kojoj se nalazi 8 kesica i Uputstvo za lek.<br \/>\nLicense holder and manufacturer<br \/>\nGALENIKA AD BEOGRAD, Batajni\u010dki drum b.b., Beograd<br \/>\nThis instruction was last approved<br \/>\nMart, 2023.<br \/>\nMode of administration of the drug:<br \/>\nThe drug is issued without a doctor&#039;s prescription.<br \/>\nLicense number and date:<br \/>\n515-01-01108-22-001 od 09.03.2023<\/p>","protected":false},"featured_media":7413,"template":"","meta":[],"product_brand":[3081],"product_cat":[151,3054],"product_tag":[1709,2091,642,2979,655],"class_list":{"0":"post-7412","1":"product","2":"type-product","3":"status-publish","4":"has-post-thumbnail","6":"product_brand-galenika","7":"product_cat-prehlada-i-kasalj","8":"product_cat-akcija","9":"product_tag-betty","10":"product_tag-kijavica","11":"product_tag-prehlada-i-grip","12":"product_tag-rinitis","13":"product_tag-zapusen-nos","14":"pa_brend-galenika","16":"first","17":"instock","18":"shipping-taxable","19":"product-type-simple"},"ams_default_variation_id":0,"ams_product_points_reward":[],"ams_product_discount_percentage":0,"ams_price_to_display":0,"ams_acf":[],"jetpack_sharing_enabled":true,"_links":{"self":[{"href":"https:\/\/apotekar-online.rs\/en\/wp-json\/wp\/v2\/product\/7412","targetHints":{"allow":["GET"]}}],"collection":[{"href":"https:\/\/apotekar-online.rs\/en\/wp-json\/wp\/v2\/product"}],"about":[{"href":"https:\/\/apotekar-online.rs\/en\/wp-json\/wp\/v2\/types\/product"}],"wp:featuredmedia":[{"embeddable":true,"href":"https:\/\/apotekar-online.rs\/en\/wp-json\/wp\/v2\/media\/7413"}],"wp:attachment":[{"href":"https:\/\/apotekar-online.rs\/en\/wp-json\/wp\/v2\/media?parent=7412"}],"wp:term":[{"taxonomy":"product_brand","embeddable":true,"href":"https:\/\/apotekar-online.rs\/en\/wp-json\/wp\/v2\/product_brand?post=7412"},{"taxonomy":"product_cat","embeddable":true,"href":"https:\/\/apotekar-online.rs\/en\/wp-json\/wp\/v2\/product_cat?post=7412"},{"taxonomy":"product_tag","embeddable":true,"href":"https:\/\/apotekar-online.rs\/en\/wp-json\/wp\/v2\/product_tag?post=7412"}],"curies":[{"name":"wp","href":"https:\/\/api.w.org\/{rel}","templated":true}]}}