{"id":7446,"date":"2024-11-10T15:29:09","date_gmt":"2024-11-10T17:29:09","guid":{"rendered":"https:\/\/apotekar-online.rs\/?post_type=product&#038;p=7446"},"modified":"2026-03-05T07:48:11","modified_gmt":"2026-03-05T09:48:11","slug":"magnezijum-bisglicinat-100mg-60-tableta","status":"publish","type":"product","link":"https:\/\/apotekar-online.rs\/en\/p\/magnezijum-bisglicinat-100mg-60-tableta\/","title":{"rendered":"Magnezijum Bisglicinat 100mg, 60 tableta"},"content":{"rendered":"","protected":false},"excerpt":{"rendered":"<p style=\"font-weight: 400;\"><b><strong>Strong Nature\u00ae Magnezijum Bisglicinat<\/strong><\/b>\u00a0sadr\u017ei magnezijum koji je vezan za aminokiselinu glicin, usled \u010dega ima najve\u0107u bioraspolo\u017eivost &#8211; najve\u0107u sposobnost apsorpcije i iskoristljivosti. Stoga se kod suplementacije magnezijumom, magnezijum bisglicinatu daje prednost u odnosu na magnezijum oksid ili magnezijum citrat.<\/p>\n<p style=\"font-weight: 400;\">Magnezijum je jedan od najva\u017enijih minerala koji ima mnogobrojne funkcije u ljudskom organizmu. \u010cetvrti je najzastupljeniji mineral u na\u0161im telima. U\u010destvuje u vi\u0161e od 300 enzimskih reakcija, ima klju\u010dnu ulogu u metabolizmu adenozin trifofata (ATP), jedinjenja koje se nalazi u svim \u0107elijama i koje je odgovorno za \u010duvanje i unutar\u0107elijski prenos energije. Magnezijum je neophodan za sintezu DNK i RNK, reprodukciju i sintezu proteina, za regulisanje mi\u0161i\u0107nih kontrakcija, krvnog pritiska, metabolizma insulina, rad sr\u010danog mi\u0161i\u0107a.<\/p>\n<p style=\"font-weight: 400;\">Od presudnog je zna\u010daja za normalno funkcionisanje nervnog sistema. Pove\u0107ava otpornost na stres, pobolj\u0161ava kvalitet sna, smanjuje iscrpljenost, psihi\u010dki i fizi\u010dki umor. Doprinosi smanjenju bolova i otklanjanju migrena i u\u010destalih glavobolja, kao i nervne napetosti (nervoze).<\/p>\n<p style=\"font-weight: 400;\">Magnezijum doprinosi:<\/p>\n<ul style=\"font-weight: 400;\">\n<li>Normalnoj funkciji mi\u0161i\u0107a<\/li>\n<li>Odr\u017eavanju normalnih kostiju i zuba<\/li>\n<li>Smanjenju umora i iscrpljenosti i normalnom metabolizmu energije<\/li>\n<li>Normalnoj psiholo\u0161koj funkciji<\/li>\n<li>Normalnoj funkciji nervnog sistema<\/li>\n<li>Normalnoj sintezi proteina<\/li>\n<\/ul>\n<p style=\"font-weight: 400;\"><b><strong>Dosage and method of use:\u00a0<\/strong><\/b><br \/>\n\u2022\u00a0Deca od 3 do 10 godina: 1-2 tablete dnevno<br \/>\n\u2022 Deca od 10 do 18 godina: 1-3 tablete dnevno<br \/>\n\u2022 Odrasli: 1-4 tablete dnevno<br \/>\nZa primenu kod dece, tableta se mo\u017ee najpre usitniti \/ zgnje\u010diti, a zatim razmutiti u vodi ili vo\u0107nom soku..<\/p>\n<p style=\"font-weight: 400;\"><b><strong>Composition:<\/strong><\/b>\u00a0Magnezijum (kao magnezijum-bisglicinat) &#8211; 100 mg<\/p>\n<p><span style=\"font-weight: 400;\">1 tableta sadr\u017ei: 833,33 mg magnezijum bisglicinata, \u0161to je jednako 100 mg elementarnog magnezijuma<\/span><\/p>\n<p style=\"font-weight: 400;\"><b><strong>Warnings:<\/strong><\/b><\/p>\n<p style=\"font-weight: 400;\">Ne preporu\u010duje se deci mla\u0111oj od 3 godine, osobama sa bubre\u017enom insuficijencijom ili atrioventrikularnim (AV) blokom visokog stepena, kao ni onima preosetljivim na bilo koji od sastojaka preparata. U slu\u010daju primene bisfosfonata, tetraciklinskih i hinolonskih antibiotika, uzimanje preparata magnezijuma se preporu\u010duje 2 sata pre ili 4 do 6 sati nakon uzimanja leka. Osobe na hroni\u010dnoj terapiji odre\u0111enim lekom treba da konsultuju lekara pre upotrebe preparata. Preporu\u010dena dnevna doza ne sme se prekora\u010diti.<\/p>\n<p style=\"font-weight: 400;\"><b><strong>Note:<\/strong><\/b>\u00a0Proizvod nije zamena za raznovrsnu ishranu i zdrav na\u010din \u017eivota. \u010cuvati van doma\u0161aja male dece. \u010cuvati na temperaturi do 25 \u00b0C, za\u0161ti\u0107eno od svetlosti i vlage.<\/p>\n<p style=\"font-weight: 400;\"><b><strong>Packaging:<\/strong><\/b>\u00a060 tableta<\/p>","protected":false},"featured_media":7448,"template":"","meta":[],"product_brand":[],"product_cat":[78,84,85],"product_tag":[568,2972,636,2932,990],"class_list":{"0":"post-7446","1":"product","2":"type-product","3":"status-publish","4":"has-post-thumbnail","6":"product_cat-vitamini-i-minerali","7":"product_cat-zdravlje-muskaraca","8":"product_cat-zdravlje-zena","9":"product_tag-akcija","10":"product_tag-magnezijum-bisglicinat","11":"product_tag-napetost","12":"product_tag-napetost-misica","13":"product_tag-nervoza","14":"pa_brend-strong-nature","16":"first","17":"instock","18":"shipping-taxable","19":"purchasable","20":"product-type-simple"},"ams_default_variation_id":0,"ams_product_points_reward":[],"ams_product_discount_percentage":0,"ams_price_to_display":1560,"ams_acf":[],"jetpack_sharing_enabled":true,"_links":{"self":[{"href":"https:\/\/apotekar-online.rs\/en\/wp-json\/wp\/v2\/product\/7446","targetHints":{"allow":["GET"]}}],"collection":[{"href":"https:\/\/apotekar-online.rs\/en\/wp-json\/wp\/v2\/product"}],"about":[{"href":"https:\/\/apotekar-online.rs\/en\/wp-json\/wp\/v2\/types\/product"}],"wp:featuredmedia":[{"embeddable":true,"href":"https:\/\/apotekar-online.rs\/en\/wp-json\/wp\/v2\/media\/7448"}],"wp:attachment":[{"href":"https:\/\/apotekar-online.rs\/en\/wp-json\/wp\/v2\/media?parent=7446"}],"wp:term":[{"taxonomy":"product_brand","embeddable":true,"href":"https:\/\/apotekar-online.rs\/en\/wp-json\/wp\/v2\/product_brand?post=7446"},{"taxonomy":"product_cat","embeddable":true,"href":"https:\/\/apotekar-online.rs\/en\/wp-json\/wp\/v2\/product_cat?post=7446"},{"taxonomy":"product_tag","embeddable":true,"href":"https:\/\/apotekar-online.rs\/en\/wp-json\/wp\/v2\/product_tag?post=7446"}],"curies":[{"name":"wp","href":"https:\/\/api.w.org\/{rel}","templated":true}]}}