{"id":7501,"date":"2024-11-27T09:01:21","date_gmt":"2024-11-27T11:01:21","guid":{"rendered":"https:\/\/apotekar-online.rs\/?post_type=product&#038;p=7501"},"modified":"2026-03-05T08:26:29","modified_gmt":"2026-03-05T10:26:29","slug":"propomucil-sprej-za-nos-20ml","status":"publish","type":"product","link":"https:\/\/apotekar-online.rs\/en\/p\/propomucil-sprej-za-nos-20ml\/","title":{"rendered":"PropoMucil sprej za nos 20ml"},"content":{"rendered":"","protected":false},"excerpt":{"rendered":"<p>PropoMucil sprej za nos sadr\u017ei pre\u010di\u0161\u0107eni propolis koji poma\u017ee eliminaciju virusa i bakterija i prirodni N-acetilcistein koji razla\u017ee sekret. Zajedno \u0161tite sluzoko\u017eu nosa i olak\u0161avaju disanje.<\/p>\n<p>Sastav: N-acetilcistein, propolis standarizovan na 12% ukupnih polifenola;<\/p>\n<p>PropoMucil sprej za nos sadr\u017ei pre\u010di\u0161cen standardizovan propolis (antimikrobik) sa prirodnim N-acetilcisteinom (NAC) koji razla\u017ee i izbacuje sekret. Poma\u017ee da se re\u0161ite sekreta i olak\u0161ate disanje. PropoMucil sprej za nos poma\u017ee da se brzo i sna\u017eno razredi sekret u nosu, smanji zapu\u0161enost nosa i upalu sluznice, olak\u0161ava simpotme pritiska u sinusima i u nosu. Tako\u0111e uklanja bakterije, viruse i gljivice iz nosa. Mo\u017ee u kombinaciji sa antihistaminicima i kortikosteroidima. Ne izaziva zavisnost i mo\u017ee se koristiti u dugom vremenskom periodu.<\/p>\n<p>The use of :<br \/>\nOdrasli i deca starija od 12 godina po potrebi, najvi\u0161e dnevno 6 puta po 2 prskanja.<br \/>\nDeca od 3 do 12 godina 1po potrebi, najvi\u0161e dnevno 4 puta po 2 prskanja;<\/p>\n<p>&nbsp;<\/p>","protected":false},"featured_media":7502,"template":"","meta":[],"product_brand":[],"product_cat":[151,169],"product_tag":[1708,181,1776,2258,655],"class_list":{"0":"post-7501","1":"product","2":"type-product","3":"status-publish","4":"has-post-thumbnail","6":"product_cat-prehlada-i-kasalj","7":"product_cat-higijena-nosa-i-ociju","8":"product_tag-n-acetilcistein","9":"product_tag-prehlada","10":"product_tag-propomucil","11":"product_tag-sprej-nos","12":"product_tag-zapusen-nos","13":"pa_brend-abela-pharm","15":"first","16":"instock","17":"shipping-taxable","18":"purchasable","19":"product-type-simple"},"ams_default_variation_id":0,"ams_product_points_reward":[],"ams_product_discount_percentage":0,"ams_price_to_display":504,"ams_acf":[],"jetpack_sharing_enabled":true,"_links":{"self":[{"href":"https:\/\/apotekar-online.rs\/en\/wp-json\/wp\/v2\/product\/7501","targetHints":{"allow":["GET"]}}],"collection":[{"href":"https:\/\/apotekar-online.rs\/en\/wp-json\/wp\/v2\/product"}],"about":[{"href":"https:\/\/apotekar-online.rs\/en\/wp-json\/wp\/v2\/types\/product"}],"wp:featuredmedia":[{"embeddable":true,"href":"https:\/\/apotekar-online.rs\/en\/wp-json\/wp\/v2\/media\/7502"}],"wp:attachment":[{"href":"https:\/\/apotekar-online.rs\/en\/wp-json\/wp\/v2\/media?parent=7501"}],"wp:term":[{"taxonomy":"product_brand","embeddable":true,"href":"https:\/\/apotekar-online.rs\/en\/wp-json\/wp\/v2\/product_brand?post=7501"},{"taxonomy":"product_cat","embeddable":true,"href":"https:\/\/apotekar-online.rs\/en\/wp-json\/wp\/v2\/product_cat?post=7501"},{"taxonomy":"product_tag","embeddable":true,"href":"https:\/\/apotekar-online.rs\/en\/wp-json\/wp\/v2\/product_tag?post=7501"}],"curies":[{"name":"wp","href":"https:\/\/api.w.org\/{rel}","templated":true}]}}