{"id":7673,"date":"2025-01-31T12:36:23","date_gmt":"2025-01-31T14:36:23","guid":{"rendered":"https:\/\/apotekar-online.rs\/?post_type=product&#038;p=7673"},"modified":"2026-04-05T18:18:23","modified_gmt":"2026-04-05T20:18:23","slug":"gasimetin-simetikon-kapi-0-30ml","status":"publish","type":"product","link":"https:\/\/apotekar-online.rs\/en\/p\/gasimetin-simetikon-kapi-0-30ml\/","title":{"rendered":"Gasimetin simethicone drops 0+ 30ml"},"content":{"rendered":"","protected":false},"excerpt":{"rendered":"<p><b>Gasimetin kapi 0+\u00a0<\/b>su medicinsko sredstvo na bazi simetikona koje se koristi u le\u010denju i prevenciji gr\u010deva nastalih usled nakupljanja gasova kod beba, dece i odraslih. Jedna doza \u2013 20 kapi sadr\u017ei 40 mg simetikona. Simetikon deluje tako \u0161to mehani\u010dki razgra\u0111uje mehuri\u0107e gasa u gastrointestinalnom traktu i poma\u017ee njihovu eliminaciju. Svojim delovanjem uti\u010de i na ubla\u017eavanje tegoba kod dispepsije, meteorizma(nadutosti) i flatulencije (ispu\u0161tanja gasova).<\/p>\n<p><strong>Gasimetin kapi<\/strong>\u00a0su potpuno bezbedne jer se simetikon nakon oralne primene ne resorbuje. Formulisane su:<\/p>\n<ul>\n<li>Gluten free<\/li>\n<li>Bez \u0161e\u0107era<\/li>\n<li>Bez laktoze<\/li>\n<li>Sa ukusom jagode<\/li>\n<\/ul>\n<p>Simetikon je povr\u0161inski aktivna materija koja nema sistemsko delovanje i koja smanjuje povr\u0161inski napon mehuric\u0301a gasa u himusu i mukusu digestivnog trakta. Ovo dejstvo rezultira spajanjem i disperzijom mehuric\u0301a gasa, pa tako oslobo\u0111eni gasovi mogu biti resorbovani preko zida creva i eliminisani intestinalnom peristaltikom.<\/p>\n<p><u>Note<\/u>: simetikon\u00a0<u>ne\u00a0<\/u><u>smanjuje<\/u>\u00a0<u>samu<\/u>\u00a0<u>produkciju<\/u>\u00a0<u>gasa<\/u>\u00a0u gastrointestinalnom traktu i ne ubla\u017eava stanja poput intolerancije na laktozu ili ne\u017eeljena dejstva lekova koji povec\u0301avaju stvaranje mehuric\u0301a gasa u gastrointestinalnom traktu<\/p>\n<p>Gasimetin Simetikon kapi su medicinsko sredstvo indikovano u le\u010denju i prevenciji dispepti\u010dnih tegoba, meteorizma, aerofagije i gr\u010deva usled gasova kod beba, dece i odraslih.<\/p>\n<p>Dosage and method of administration:<\/p>\n<p>Sadr\u017eaj simetikona u rastvoru je 40mg\/ml.<\/p>\n<p>Jedna doza: 20 kapi Gasimetin simetikon kapi (1ml)<\/p>\n<p>Jedna doza: 20 kapi sadr\u017ei 40mg simetikona<\/p>\n<p>Odrasli (12 i vi\u0161e godina): 20-40 kapi, po potrebi razbla\u017eenih u te\u010dnosti najbolje nakon obroka, 2-4 puta dnevno ili prema savetu lekara<\/p>\n<p>Deca (2-12 godina): 20 kapi, po potrebi razbla\u017eenih u te\u010dnosti najbolje nakon obroka, 1-3 puta dnevno ili prema savetu lekara<\/p>\n<p>Bebe (0-2 godine): 20kapi, po potrebi razbla\u017eenih u te\u010dnosti najbolje nakon obroka, 1-2 puta dnevno ili prema savetu lekara<\/p>\n<p>Pre upotrebe proizvod dobro promu\u0107kati. Nakon upotrebe bo\u010dicu dobro zatvoriti.<\/p>\n<p>\u010cuvanje: \u010cuvati na sobnoj temperaturi. Proizvod \u010duvati dobro zatvoren i dr\u017eati dalje od izvora toplote. Nakon otvaranja, ne koristiti proizvod du\u017ee od 30 dana.<\/p>\n<p>Kontraindikacije: Ne koristiti proizvod u slu\u010daju preosetljivosti na sastojke proizvoda.<\/p>\n<p><strong>Composition:<\/strong>Sastav: voda, simetikon (40 mg\/m1), natrijum benzoat, kalijum sorbat, natrijum saharin, karboksimetil celuloza, limunska kiselina, silicijum i aroma.<\/p>\n<p>&nbsp;<\/p>","protected":false},"featured_media":7675,"template":"","meta":[],"product_brand":[],"product_cat":[340,156],"product_tag":[1047,264,1769],"class_list":{"0":"post-7673","1":"product","2":"type-product","3":"status-publish","4":"has-post-thumbnail","6":"product_cat-deciji-program","7":"product_cat-grcevi-kod-beba","8":"product_tag-grcevi-u-stomaku","9":"product_tag-nadutost","10":"product_tag-simetikon","11":"pa_brend-esensa","13":"first","14":"instock","15":"shipping-taxable","16":"purchasable","17":"product-type-simple"},"ams_default_variation_id":0,"ams_product_points_reward":[],"ams_product_discount_percentage":0,"ams_price_to_display":756,"ams_acf":[],"jetpack_sharing_enabled":true,"_links":{"self":[{"href":"https:\/\/apotekar-online.rs\/en\/wp-json\/wp\/v2\/product\/7673","targetHints":{"allow":["GET"]}}],"collection":[{"href":"https:\/\/apotekar-online.rs\/en\/wp-json\/wp\/v2\/product"}],"about":[{"href":"https:\/\/apotekar-online.rs\/en\/wp-json\/wp\/v2\/types\/product"}],"wp:featuredmedia":[{"embeddable":true,"href":"https:\/\/apotekar-online.rs\/en\/wp-json\/wp\/v2\/media\/7675"}],"wp:attachment":[{"href":"https:\/\/apotekar-online.rs\/en\/wp-json\/wp\/v2\/media?parent=7673"}],"wp:term":[{"taxonomy":"product_brand","embeddable":true,"href":"https:\/\/apotekar-online.rs\/en\/wp-json\/wp\/v2\/product_brand?post=7673"},{"taxonomy":"product_cat","embeddable":true,"href":"https:\/\/apotekar-online.rs\/en\/wp-json\/wp\/v2\/product_cat?post=7673"},{"taxonomy":"product_tag","embeddable":true,"href":"https:\/\/apotekar-online.rs\/en\/wp-json\/wp\/v2\/product_tag?post=7673"}],"curies":[{"name":"wp","href":"https:\/\/api.w.org\/{rel}","templated":true}]}}