{"id":7872,"date":"2025-04-06T09:20:37","date_gmt":"2025-04-06T11:20:37","guid":{"rendered":"https:\/\/apotekar-online.rs\/?post_type=product&#038;p=7872"},"modified":"2026-03-05T08:26:26","modified_gmt":"2026-03-05T10:26:26","slug":"novalac-prenatalne-kapsule-30-komada","status":"publish","type":"product","link":"https:\/\/apotekar-online.rs\/en\/p\/novalac-prenatalne-kapsule-30-komada\/","title":{"rendered":"Novalac Prenatalne kapsule, 30 komada"},"content":{"rendered":"","protected":false},"excerpt":{"rendered":"<p>Novalac prenatalne kapsule sadr\u017ee\u00a0najva\u017enije hranljive materije potrebne pri planiranju trudno\u0107e, kao i tokom trudno\u0107e i dojenja.\u00a0Namenjene su za zdrav razvoj deteta, a prednosti ovih prenatalnih kapsula su vi\u0161estruke. Najnovija generacija folne kiseline Quatrefolic osigurava najve\u0107u biolo\u0161ku raspolo\u017eivost od \u010dak 95%. Gvo\u017e\u0111e u obliku Lipofera ne izaziva mu\u010dnine, niti metalan ose\u0107aj u ustima.\u00a0Sadr\u017ei DHA za pravilan razvoj vida i mozga odoj\u010deta. Pakovanje sadr\u017ei 30 kapsula.<\/p>\n<h5><strong>Dosage and method of use:<\/strong><\/h5>\n<p>Popiti jednu kapsulu dnevno sa dovoljnom koli\u010dinom te\u010dnosti.<\/p>\n<h5><strong>Composition<\/strong><\/h5>\n<p>Folati &#8211; 600\u00b5g; (Folna kiselina-300\u03bcg; 6S)-5-metiltetrahidrofolni glukozaminat, \u0161to odgovara 556\u03bcg), DHA (dokozaheksaenska kiselina) &#8211; 200 mg; gvo\u017e\u0111e &#8211; 14 mg; magnezijum &#8211; 56 mg; tiamin &#8211; 1,4 mg; riboflavin &#8211; 1,4 mg; niacin &#8211; 18 mg; pantotenska kiselina &#8211; 6 mg; vitamin B6 &#8211; 1,9 mg; biotin &#8211; 30 \u03bcg; vitamin B12 &#8211; 2,6 \u03bcg; vitamin C &#8211; 40 mg; vitamin D3 &#8211; 10 \u03bcg; vitamin E &#8211; 15 mg; cink &#8211; 11 mg; jod &#8211; 150 \u03bcg; selen &#8211; 50 \u03bcg.<\/p>","protected":false},"featured_media":7873,"template":"","meta":[],"product_brand":[],"product_cat":[380,89,78,85],"product_tag":[279,427,325],"class_list":{"0":"post-7872","1":"product","2":"type-product","3":"status-publish","4":"has-post-thumbnail","6":"product_cat-trudnice-suplementi","7":"product_cat-trudnoca-i-dojenje","8":"product_cat-vitamini-i-minerali","9":"product_cat-zdravlje-zena","10":"product_tag-folna-kiselina","11":"product_tag-trudnice","12":"product_tag-zdravlje-zena","13":"pa_brend-novalac","15":"first","16":"instock","17":"shipping-taxable","18":"purchasable","19":"product-type-simple"},"ams_default_variation_id":0,"ams_product_points_reward":[],"ams_product_discount_percentage":0,"ams_price_to_display":1706.1,"ams_acf":[],"jetpack_sharing_enabled":true,"_links":{"self":[{"href":"https:\/\/apotekar-online.rs\/en\/wp-json\/wp\/v2\/product\/7872","targetHints":{"allow":["GET"]}}],"collection":[{"href":"https:\/\/apotekar-online.rs\/en\/wp-json\/wp\/v2\/product"}],"about":[{"href":"https:\/\/apotekar-online.rs\/en\/wp-json\/wp\/v2\/types\/product"}],"wp:featuredmedia":[{"embeddable":true,"href":"https:\/\/apotekar-online.rs\/en\/wp-json\/wp\/v2\/media\/7873"}],"wp:attachment":[{"href":"https:\/\/apotekar-online.rs\/en\/wp-json\/wp\/v2\/media?parent=7872"}],"wp:term":[{"taxonomy":"product_brand","embeddable":true,"href":"https:\/\/apotekar-online.rs\/en\/wp-json\/wp\/v2\/product_brand?post=7872"},{"taxonomy":"product_cat","embeddable":true,"href":"https:\/\/apotekar-online.rs\/en\/wp-json\/wp\/v2\/product_cat?post=7872"},{"taxonomy":"product_tag","embeddable":true,"href":"https:\/\/apotekar-online.rs\/en\/wp-json\/wp\/v2\/product_tag?post=7872"}],"curies":[{"name":"wp","href":"https:\/\/api.w.org\/{rel}","templated":true}]}}