{"id":7896,"date":"2025-05-27T10:53:52","date_gmt":"2025-05-27T12:53:52","guid":{"rendered":"https:\/\/apotekar-online.rs\/?post_type=product&#038;p=7896"},"modified":"2026-03-05T08:26:26","modified_gmt":"2026-03-05T10:26:26","slug":"burra-sun-body-milk-spf50-200ml","status":"publish","type":"product","link":"https:\/\/apotekar-online.rs\/en\/p\/burra-sun-body-milk-spf50-200ml\/","title":{"rendered":"Burra sun body milk SPF50+ 200ml"},"content":{"rendered":"","protected":false},"excerpt":{"rendered":"<p><strong>BURRA Sun mleko za telo SPF 50+<\/strong>\u00a0<strong>\u0161titi ko\u017eu lica i tela\u00a0<\/strong>from the\u00a0<strong>\u0161tetnog zra\u010denja<\/strong>\u00a0u \u0161irokom opsegu\u00a0<strong>ultraljubi\u010dastih\u00a0<\/strong>(UVA\/UVB) i\u00a0<strong>infracrvenih<\/strong>\u00a0(IR-A)\u00a0<strong>zraka<\/strong>. Pored hemijskih, sadr\u017ei inkapsulirani titan-dioksid kao fizi\u010dki filter i mati\u010dne \u0107elije planinske brusnice koje obezbe\u0111uju odbranu od IR-A zra\u010denja. Zahvaljuju\u0107i prisustvu fizi\u010dkog, smanjena je koncentracija<strong>\u00a0hemijskih filtera<\/strong>\u00a0u proizvodu, pa je znatno smanjenjen rizik od eventualnih alergijskih reakcija na hemijske filtere. Tehnolo\u0161ki je postignuto da je titan-dioksid, fizi\u010dki UVA\/UVB filter oblo\u017een i inkorporiran, pa proizvod ne ostavlja bele tragove na ko\u017ei. Mati\u010dne \u0107elije planinske brusnice, \u0161tite od IR-A zraka i zajedno sa ektoinom deluju antioksidativno preveniraju\u0107i nastajanje fotostarenja ko\u017ee i dehidrataciju ko\u017ee.<\/p>\n<p>Zbog visokog potencijala za\u0161tite od sunca i intenzivne hidratacije,\u00a0<strong>BURRA Sun mleko za telo SPF 50+<\/strong>\u00a0se preporu\u010duje za za\u0161titu\u00a0<strong>de\u010dije i osetljive ko\u017ee<\/strong>\u00a0odraslih.<\/p>\n<p>Recommended for:<\/p>\n<ul>\n<li>za\u0161titu ko\u017ee lica i tela od UVA\/UVB i IR zraka<\/li>\n<li>decu i odrasle<\/li>\n<li>hidrataciju i prevenciju fotostarenja ko\u017ee<\/li>\n<li>visok stepen za\u0161tite ko\u017ee lica i tela od UVA\/UVB\/IR-A zraka<\/li>\n<li>sa ektoinom koji \u0161titi ko\u017eu od fotostarenja<\/li>\n<li>lako se razmazuje, ne ostavlja bele tragove<\/li>\n<li>prilago\u0111eno svim uzrastima<\/li>\n<li>without parabens<\/li>\n<\/ul>\n<p><strong>Composition:<\/strong><\/p>\n<p>butil metoksidibenzoilmetan (UVA filter), oktokrilen (UVB filter), etilheksil metoksicinamat (UVB filter), titan dioksid (fizi\u010dki UVA\/UVB filter), ekstrakt mati\u010dnih \u0107elija planinske brusnice, ektoin, \u0161i buter, skvalan, vitamin E<\/p>\n<p><strong>Packaging: 200ml<\/strong><\/p>","protected":false},"featured_media":7897,"template":"","meta":[],"product_brand":[],"product_cat":[2522],"product_tag":[2476,847,2475,548],"class_list":{"0":"post-7896","1":"product","2":"type-product","3":"status-publish","4":"has-post-thumbnail","6":"product_cat-preparati-za-suncanje","7":"product_tag-preparati-za-suncanje","8":"product_tag-suncanje","9":"product_tag-sunce","10":"product_tag-zastita","11":"pa_brend-esensa","13":"first","14":"instock","15":"shipping-taxable","16":"purchasable","17":"product-type-simple"},"ams_default_variation_id":0,"ams_product_points_reward":[],"ams_product_discount_percentage":0,"ams_price_to_display":1100,"ams_acf":[],"jetpack_sharing_enabled":true,"_links":{"self":[{"href":"https:\/\/apotekar-online.rs\/en\/wp-json\/wp\/v2\/product\/7896","targetHints":{"allow":["GET"]}}],"collection":[{"href":"https:\/\/apotekar-online.rs\/en\/wp-json\/wp\/v2\/product"}],"about":[{"href":"https:\/\/apotekar-online.rs\/en\/wp-json\/wp\/v2\/types\/product"}],"wp:featuredmedia":[{"embeddable":true,"href":"https:\/\/apotekar-online.rs\/en\/wp-json\/wp\/v2\/media\/7897"}],"wp:attachment":[{"href":"https:\/\/apotekar-online.rs\/en\/wp-json\/wp\/v2\/media?parent=7896"}],"wp:term":[{"taxonomy":"product_brand","embeddable":true,"href":"https:\/\/apotekar-online.rs\/en\/wp-json\/wp\/v2\/product_brand?post=7896"},{"taxonomy":"product_cat","embeddable":true,"href":"https:\/\/apotekar-online.rs\/en\/wp-json\/wp\/v2\/product_cat?post=7896"},{"taxonomy":"product_tag","embeddable":true,"href":"https:\/\/apotekar-online.rs\/en\/wp-json\/wp\/v2\/product_tag?post=7896"}],"curies":[{"name":"wp","href":"https:\/\/api.w.org\/{rel}","templated":true}]}}