{"id":8279,"date":"2025-12-03T09:22:57","date_gmt":"2025-12-03T11:22:57","guid":{"rendered":"https:\/\/apotekar-online.rs\/?post_type=product&#038;p=8279"},"modified":"2026-03-05T08:26:25","modified_gmt":"2026-03-05T10:26:25","slug":"bgb-fermental-15-kapsula","status":"publish","type":"product","link":"https:\/\/apotekar-online.rs\/en\/p\/bgb-fermental-15-kapsula\/","title":{"rendered":"BGB Fermental 15 kapsula"},"content":{"rendered":"","protected":false},"excerpt":{"rendered":"<p>Fermental je jedinstveni proizvod koji u sebi objedinjuje korisne efekte 5 razli\u010ditih sojeva probiotika sa protivupalnim delovanjem aloje i vitaminima B grupe. Koristan je za fiziolo\u0161ko funkcionisanje intestinalnog trakta i ravnote\u017eu bakterijske flore\u00a0koja se \u010desto poremeti ishranom ili terapijom antibioticima. Njegova formula sadr\u017ei gastroprotektivne mle\u010dne fermente (gastroguard), \u0161to zna\u010di da oni neo\u0161te\u0107eni prolaze kroz \u017eeludac i dospevaju u crevni trakt, gde ispoljavaju svoja korisna svojstva, \u0161to proizvodu pru\u017ea sigurno dejstvo na intestinalnom nivou.\u00a0Jedinstvena kombinacija probiotika sa vitaminima B grupe i alojom u Fermental kapsulama zaustavlja dijareju i obnavlja uni\u0161tenu crevnu mikrofloru, spre\u010dava nedostatak vitamina B koji dijareja mo\u017ee da izazove, smanjuje infekciju Helicobacter pylori, ubla\u017eava simptome alergijskih reakcija, povoljno deluje kod kolitisa i iritabilnog kolona, spre\u010dava formiranje prekanceroznih enzima u debelom crevu i povoljno uti\u010de na normalno funkcionisanje imunolo\u0161kog sistema.\u00a0Proizvod je prilago\u0111en vegeterijanskom na\u010dinu ishrane.\u00a0Ne sadr\u017ei gluten ni GMO.<\/p>\n<p><strong>Dosage and method of administration<\/strong><\/p>\n<p>1 capsule per day<\/p>\n<p><strong>Composition<\/strong><\/p>\n<p>Aloe vera ekstrakt 200:1 20 mg; niacin (vitamin PP) 5,4 mg; vitamin B5\u00a01,8 mg; vitamin B6 0,6 mg; vitamin B2 0,48mg; vitamin B1\u00a00,42mg, me\u0161avina probiotskih bakterija\u00a0ne manje od 2 milijarde (L.rhamnosus, L.acidophilus, S.thermophilus, B.bifidum, L.bulgaricus).<\/p>","protected":false},"featured_media":8280,"template":"","meta":[],"product_brand":[],"product_cat":[81,78],"product_tag":[706,337],"class_list":{"0":"post-8279","1":"product","2":"type-product","3":"status-publish","4":"has-post-thumbnail","6":"product_cat-probiotici-i-enzimi","7":"product_cat-vitamini-i-minerali","8":"product_tag-kompleks-b-vitamina","9":"product_tag-probiotik","11":"first","12":"instock","13":"sale","14":"shipping-taxable","15":"purchasable","16":"product-type-simple"},"ams_default_variation_id":0,"ams_product_points_reward":[],"ams_product_discount_percentage":15,"ams_price_to_display":522.75,"ams_acf":[],"jetpack_sharing_enabled":true,"_links":{"self":[{"href":"https:\/\/apotekar-online.rs\/en\/wp-json\/wp\/v2\/product\/8279","targetHints":{"allow":["GET"]}}],"collection":[{"href":"https:\/\/apotekar-online.rs\/en\/wp-json\/wp\/v2\/product"}],"about":[{"href":"https:\/\/apotekar-online.rs\/en\/wp-json\/wp\/v2\/types\/product"}],"wp:featuredmedia":[{"embeddable":true,"href":"https:\/\/apotekar-online.rs\/en\/wp-json\/wp\/v2\/media\/8280"}],"wp:attachment":[{"href":"https:\/\/apotekar-online.rs\/en\/wp-json\/wp\/v2\/media?parent=8279"}],"wp:term":[{"taxonomy":"product_brand","embeddable":true,"href":"https:\/\/apotekar-online.rs\/en\/wp-json\/wp\/v2\/product_brand?post=8279"},{"taxonomy":"product_cat","embeddable":true,"href":"https:\/\/apotekar-online.rs\/en\/wp-json\/wp\/v2\/product_cat?post=8279"},{"taxonomy":"product_tag","embeddable":true,"href":"https:\/\/apotekar-online.rs\/en\/wp-json\/wp\/v2\/product_tag?post=8279"}],"curies":[{"name":"wp","href":"https:\/\/api.w.org\/{rel}","templated":true}]}}