{"id":8283,"date":"2025-12-03T09:34:20","date_gmt":"2025-12-03T11:34:20","guid":{"rendered":"https:\/\/apotekar-online.rs\/?post_type=product&#038;p=8283"},"modified":"2026-03-05T08:26:25","modified_gmt":"2026-03-05T10:26:25","slug":"hemorrhial-plus-gel-30-ml","status":"publish","type":"product","link":"https:\/\/apotekar-online.rs\/en\/p\/hemorrhial-plus-gel-30-ml\/","title":{"rendered":"Hemorrhial Plus gel 30 ml"},"content":{"rendered":"","protected":false},"excerpt":{"rendered":"<h5><strong>Product description<\/strong><\/h5>\n<p>Hemorrhial Plus\u00a0gel je medicinsko sredstvo namenjeno za simptomatsku terapiju hemoroida, analnih fisura, svraba i proktitisa. \u0160titi ugro\u017eene analne i perianalne povr\u0161ine ograni\u010davanjem kontakta sa spoljnim faktorima, kako bi se ubla\u017eili simptomi koji se javljaju usled lezija i fisura, spre\u010dila infekcija rane i pojava recidiva. Ubla\u017eava bol, peckanje i svrab i spre\u010dava pojavu iritacije i lezija koje su posledica trenja u perianalnoj oblasti.\u00a0Hijaluronska kiselina\u00a0ima epiteliziraju\u0107e dejstvo.\u00a0Hlorheksidin\u00a0deluje antisepti\u010dno i spre\u010dava razvoj infekcije.\u00a0Dihidrokvercetin\u00a0deluje antioksidativno i vaskuloprotektivno.\u00a0Etarsko ulje nane\u00a0ima antiinflamatorno delovanje. Mentol daje prijatan ose\u0107aj hla\u0111enja.<\/p>\n<h5><strong>Dosage and method of administration<\/strong><\/h5>\n<p>Gel je pogodan za analnu, perianalnu i endorektalnu upotrebu. Analna i perianalna upotreba: naneti proizvod laganom masa\u017eom na zahvac\u0301eno podru\u010dje, 2 do 3 puta dnevno. Endorektalna upotreba: uz pomo\u0107 intrarektalne kanile, naneti proizvod 1 do 2 puta dnevno.<\/p>","protected":false},"featured_media":8284,"template":"","meta":[],"product_brand":[],"product_cat":[79],"product_tag":[276],"class_list":{"0":"post-8283","1":"product","2":"type-product","3":"status-publish","4":"has-post-thumbnail","6":"product_cat-srce-krvni-sudovi-i-holesterol","7":"product_tag-hemoroidi","8":"pa_brend-max-medica","10":"first","11":"instock","12":"shipping-taxable","13":"purchasable","14":"product-type-simple"},"ams_default_variation_id":0,"ams_product_points_reward":[],"ams_product_discount_percentage":0,"ams_price_to_display":1278,"ams_acf":[],"jetpack_sharing_enabled":true,"_links":{"self":[{"href":"https:\/\/apotekar-online.rs\/en\/wp-json\/wp\/v2\/product\/8283","targetHints":{"allow":["GET"]}}],"collection":[{"href":"https:\/\/apotekar-online.rs\/en\/wp-json\/wp\/v2\/product"}],"about":[{"href":"https:\/\/apotekar-online.rs\/en\/wp-json\/wp\/v2\/types\/product"}],"wp:featuredmedia":[{"embeddable":true,"href":"https:\/\/apotekar-online.rs\/en\/wp-json\/wp\/v2\/media\/8284"}],"wp:attachment":[{"href":"https:\/\/apotekar-online.rs\/en\/wp-json\/wp\/v2\/media?parent=8283"}],"wp:term":[{"taxonomy":"product_brand","embeddable":true,"href":"https:\/\/apotekar-online.rs\/en\/wp-json\/wp\/v2\/product_brand?post=8283"},{"taxonomy":"product_cat","embeddable":true,"href":"https:\/\/apotekar-online.rs\/en\/wp-json\/wp\/v2\/product_cat?post=8283"},{"taxonomy":"product_tag","embeddable":true,"href":"https:\/\/apotekar-online.rs\/en\/wp-json\/wp\/v2\/product_tag?post=8283"}],"curies":[{"name":"wp","href":"https:\/\/api.w.org\/{rel}","templated":true}]}}