{"id":8349,"date":"2026-01-21T07:21:31","date_gmt":"2026-01-21T09:21:31","guid":{"rendered":"https:\/\/apotekar-online.rs\/?post_type=product&#038;p=8349"},"modified":"2026-03-05T08:27:39","modified_gmt":"2026-03-05T10:27:39","slug":"pepto-soda-mint-zasladj-eff20","status":"publish","type":"product","link":"https:\/\/apotekar-online.rs\/en\/p\/pepto-soda-mint-zasladj-eff20\/","title":{"rendered":"Pepto Soda Mint 20 \u0161ume\u0107ih tableta"},"content":{"rendered":"","protected":false},"excerpt":{"rendered":"<p><strong>Pepto Soda Mint<\/strong>\u00a0je jedinstveni dodatak ishrani u vidu \u0161ume\u0107ih tableta \u010diji je aktivni sastojak soda bikarbona i koristi se za neutralisanje hlorovodoni\u010dne kiseline u \u017eelucu. Pepto Soda doprinosi smanjenju goru\u0161ice, otklanjanju tegoba koje prate prekomerno lu\u010denje \u017eeluda\u010dne kiseline.<\/p>\n<p>Lako se rastvara i ima prijatan ukus mente.<\/p>\n<p>Pakovanje\/neto koli\u010dina: 20 \u0161ume\u0107ih tableta 80 g<\/p>\n<h3>DOSAGE<\/h3>\n<p>Uzimati do 2 tablete dnevno, 1-2 sata posle jela ili po potrebi.<br \/>\nTabletu rastvoriti u \u010da\u0161i sa 100 ml vode.<\/p>\n<h3>SASTOJCI (INCI):<\/h3>\n<p>Natrijum-bikarbonat (soda bikarbona); regulator kiselosti \u2013 limunska kiselina; sredstva za pove\u0107anje zapremine \u2013 sorbitol u prahu, maltodekstrin; sredstvo protiv zgrudvavanja \u2013 polietilenglikol; zasla\u0111iva\u010d \u2013 natrijum-ciklamat; aroma spearmint.<\/p>\n<h3>WARNING<\/h3>\n<p>Preparat se ne preporu\u010duje osobama koje imaju visok krvni pritisak, kardiovaskularna ili oboljenja bubrega, kao ni osobama preosetljivim na neki od sastojaka. U slu\u010daju predoziranja ili pojave preosetljivosti na bilo koji sastojak, potrebno je prekinuti uzimanje i odmah potra\u017eiti pomo\u0107 lekara. Primena preparata kod dece, trudnica i dojilja zahteva poseban oprez i isklju\u010divo uz preporuku i pod nadzorom lekara. Ne preporu\u010duje se primena du\u017ee od 2 nedelje, osim po savetu lekara. Prekomerna upotreba proizvoda mo\u017ee da izazove laksativni efekat. Preporu\u010dena dnevna doza se ne sme prekora\u010diti!<\/p>\n<p><strong>Notes:<\/strong>\u00a0Dodaci ishrani nisu zamena za uravnote\u017eenu i raznovrsnu ishranu. \u010cuvati van doma\u0161aja dece.<\/p>\n<p><strong>Storage method:<\/strong>\u00a0\u010cuvati u originalnom pakovanju, za\u0161ti\u0107eno od svetlosti i vlage, na sobnoj temperaturi.<\/p>\n<p><strong>Manufacturer:<\/strong>\u00a0za Goodwill Pharma d.o.o. Matije Gupca 14, 24000 Subotica, Republika Srbija, proizvodi i pakuje: Stojanovi\u0107 Pharm d.o.o., Alberta Ajn\u0161tajna 44, Novi Sad, Republika Srbija.<\/p>\n<p>Proizvedeno u: Republici Srbiji.<\/p>\n<p><strong>Broj i datum upisa u bazu Ministarstva zdravlja Republike Srbije:\u00a0<\/strong>17100\/2020 od 26.08.2020.<\/p>","protected":false},"featured_media":8350,"template":"","meta":[],"product_brand":[3080],"product_cat":[126],"product_tag":[3065],"class_list":{"0":"post-8349","1":"product","2":"type-product","3":"status-publish","4":"has-post-thumbnail","6":"product_brand-goodwill-pharma","7":"product_cat-preparati-za-gorusicu-i-otezano-varenje","8":"product_tag-goodwill","10":"first","11":"instock","12":"shipping-taxable","13":"purchasable","14":"product-type-simple"},"ams_default_variation_id":0,"ams_product_points_reward":[],"ams_product_discount_percentage":0,"ams_price_to_display":510,"ams_acf":[],"jetpack_sharing_enabled":true,"_links":{"self":[{"href":"https:\/\/apotekar-online.rs\/en\/wp-json\/wp\/v2\/product\/8349","targetHints":{"allow":["GET"]}}],"collection":[{"href":"https:\/\/apotekar-online.rs\/en\/wp-json\/wp\/v2\/product"}],"about":[{"href":"https:\/\/apotekar-online.rs\/en\/wp-json\/wp\/v2\/types\/product"}],"wp:featuredmedia":[{"embeddable":true,"href":"https:\/\/apotekar-online.rs\/en\/wp-json\/wp\/v2\/media\/8350"}],"wp:attachment":[{"href":"https:\/\/apotekar-online.rs\/en\/wp-json\/wp\/v2\/media?parent=8349"}],"wp:term":[{"taxonomy":"product_brand","embeddable":true,"href":"https:\/\/apotekar-online.rs\/en\/wp-json\/wp\/v2\/product_brand?post=8349"},{"taxonomy":"product_cat","embeddable":true,"href":"https:\/\/apotekar-online.rs\/en\/wp-json\/wp\/v2\/product_cat?post=8349"},{"taxonomy":"product_tag","embeddable":true,"href":"https:\/\/apotekar-online.rs\/en\/wp-json\/wp\/v2\/product_tag?post=8349"}],"curies":[{"name":"wp","href":"https:\/\/api.w.org\/{rel}","templated":true}]}}