{"id":8355,"date":"2026-01-21T07:38:33","date_gmt":"2026-01-21T09:38:33","guid":{"rendered":"https:\/\/apotekar-online.rs\/?post_type=product&#038;p=8355"},"modified":"2026-04-03T16:41:28","modified_gmt":"2026-04-03T18:41:28","slug":"livsane-oral-odrasli-propol-sp-30ml","status":"publish","type":"product","link":"https:\/\/apotekar-online.rs\/en\/p\/livsane-oral-odrasli-propol-sp-30ml\/","title":{"rendered":"LIVSANE Propolis Oralni sprej, 30 ml"},"content":{"rendered":"","protected":false},"excerpt":{"rendered":"<p data-start=\"195\" data-end=\"527\">LIVSANE Propolis oralni sprej je dodatak ishrani namenjen oralnoj upotrebi, sa pa\u017eljivo odabranom kombinacijom propolisa i biljnih ekstrakata. Formulacija sadr\u017ei ekstrakt propolisa, list pitome nane i list \u017ealfije, uz dodatak mentola i etarskog ulja \u017ealfije, koji pru\u017eaju ose\u0107aj osve\u017eenja u usnoj duplji i grlu.<\/p>\n<p data-start=\"529\" data-end=\"826\">Pitoma nana doprinosi opu\u0161tanju i normalnoj funkciji imunskog sistema, dok \u017ealfija tradicionalno ima zna\u010dajnu ulogu u o\u010duvanju zdravlja usne duplje i gornjih disajnih puteva. Sprej je namenjen odraslima i deci starijoj od 12 godina, posebno u periodima poja\u010danog optere\u0107enja respiratornog sistema.<\/p>\n<h3 data-start=\"833\" data-end=\"862\">Dosage and method of administration<\/h3>\n<ul data-start=\"864\" data-end=\"1086\">\n<li data-start=\"864\" data-end=\"1086\">\n<p data-start=\"866\" data-end=\"1086\">Adults and children over 12 years old:<br data-start=\"902\" data-end=\"905\" \/>Raspr\u0161iti po 2 potiska spreja direktno u usta.<br data-start=\"951\" data-end=\"954\" \/>Prvog dana primene, u prva dva sata koristiti na svakih 30 minuta, a zatim 3\u20134 puta dnevno.<br data-start=\"1045\" data-end=\"1048\" \/>Maksimalno 8 primena tokom prvog dana.<\/p>\n<\/li>\n<\/ul>\n<h3 data-start=\"1093\" data-end=\"1103\">Composition<\/h3>\n<ul data-start=\"1105\" data-end=\"1481\">\n<li data-start=\"1105\" data-end=\"1217\">\n<p data-start=\"1107\" data-end=\"1217\">Visoko pre\u010di\u0161\u0107eni ekstrakt propolisa u razbla\u017eenom etanolu (DER 1:9), standardizovan na 10% \u010distog propolisa<\/p>\n<\/li>\n<li data-start=\"1218\" data-end=\"1293\">\n<p data-start=\"1220\" data-end=\"1293\">Etanolno-vodeni ekstrakt lista pitome nane (<em data-start=\"1264\" data-end=\"1281\">Mentha piperita<\/em>), DER 1:5<\/p>\n<\/li>\n<li data-start=\"1294\" data-end=\"1368\">\n<p data-start=\"1296\" data-end=\"1368\">Etanolno-vodeni ekstrakt lista \u017ealfije (<em data-start=\"1336\" data-end=\"1356\">Salvia officinalis<\/em>), DER 1:5<\/p>\n<\/li>\n<li data-start=\"1369\" data-end=\"1379\">\n<p data-start=\"1371\" data-end=\"1379\">Menthol<\/p>\n<\/li>\n<li data-start=\"1380\" data-end=\"1404\">\n<p data-start=\"1382\" data-end=\"1404\">Sage essential oil<\/p>\n<\/li>\n<li data-start=\"1405\" data-end=\"1442\">\n<p data-start=\"1407\" data-end=\"1442\">Sorbitol, etanol, pre\u010di\u0161\u0107ena voda<\/p>\n<\/li>\n<li data-start=\"1443\" data-end=\"1460\">\n<p data-start=\"1445\" data-end=\"1460\">Aroma kajsije<\/p>\n<\/li>\n<li data-start=\"1461\" data-end=\"1481\">\n<p data-start=\"1463\" data-end=\"1481\">Natrijum-benzoat<\/p>\n<\/li>\n<\/ul>\n<h3 data-start=\"1488\" data-end=\"1500\">Note<\/h3>\n<p data-start=\"1502\" data-end=\"1617\">Dodatak ishrani nije zamena za raznovrsnu i uravnote\u017eenu ishranu i zdrav na\u010din \u017eivota.<br data-start=\"1588\" data-end=\"1591\" \/>Proizvod sadr\u017ei alkohol.<\/p>","protected":false},"featured_media":8356,"template":"","meta":[],"product_brand":[3090],"product_cat":[121,3054,77],"product_tag":[1709,2515],"class_list":{"0":"post-8355","1":"product","2":"type-product","3":"status-publish","4":"has-post-thumbnail","6":"product_brand-livsane","7":"product_cat-higijena-usta-i-zuba","8":"product_cat-akcija","9":"product_cat-imunitet","10":"product_tag-betty","11":"product_tag-livsane","13":"first","14":"instock","15":"sale","16":"shipping-taxable","17":"purchasable","18":"product-type-simple"},"ams_default_variation_id":0,"ams_product_points_reward":[],"ams_product_discount_percentage":20,"ams_price_to_display":506.73,"ams_acf":[],"jetpack_sharing_enabled":true,"_links":{"self":[{"href":"https:\/\/apotekar-online.rs\/en\/wp-json\/wp\/v2\/product\/8355","targetHints":{"allow":["GET"]}}],"collection":[{"href":"https:\/\/apotekar-online.rs\/en\/wp-json\/wp\/v2\/product"}],"about":[{"href":"https:\/\/apotekar-online.rs\/en\/wp-json\/wp\/v2\/types\/product"}],"wp:featuredmedia":[{"embeddable":true,"href":"https:\/\/apotekar-online.rs\/en\/wp-json\/wp\/v2\/media\/8356"}],"wp:attachment":[{"href":"https:\/\/apotekar-online.rs\/en\/wp-json\/wp\/v2\/media?parent=8355"}],"wp:term":[{"taxonomy":"product_brand","embeddable":true,"href":"https:\/\/apotekar-online.rs\/en\/wp-json\/wp\/v2\/product_brand?post=8355"},{"taxonomy":"product_cat","embeddable":true,"href":"https:\/\/apotekar-online.rs\/en\/wp-json\/wp\/v2\/product_cat?post=8355"},{"taxonomy":"product_tag","embeddable":true,"href":"https:\/\/apotekar-online.rs\/en\/wp-json\/wp\/v2\/product_tag?post=8355"}],"curies":[{"name":"wp","href":"https:\/\/api.w.org\/{rel}","templated":true}]}}