{"id":8357,"date":"2026-01-21T08:26:15","date_gmt":"2026-01-21T10:26:15","guid":{"rendered":"https:\/\/apotekar-online.rs\/?post_type=product&#038;p=8357"},"modified":"2026-03-05T08:27:39","modified_gmt":"2026-03-05T10:27:39","slug":"gastral-protect-tbl-a15","status":"publish","type":"product","link":"https:\/\/apotekar-online.rs\/en\/p\/gastral-protect-tbl-a15\/","title":{"rendered":"Gastral Protect tablete za \u017evakanje 15 kom"},"content":{"rendered":"","protected":false},"excerpt":{"rendered":"<p data-start=\"252\" data-end=\"587\">Gastral Protect je dodatak ishrani sa jedinstvenom, patentiranom formulacijom, namenjen osobama koje imaju tegobe povezane sa poja\u010danom kiselo\u0161\u0107u \u017eeluca. Deluje tako \u0161to doprinosi normalizaciji pH vrednosti \u017eeluda\u010dnog sadr\u017eaja i formira za\u0161titni sloj na sluzoko\u017ei \u017eeluca, \u010dime poma\u017ee u o\u010duvanju njenog integriteta.<\/p>\n<p data-start=\"589\" data-end=\"740\">Preparat istovremeno ubla\u017eava neprijatne simptome i \u0161titi \u017eeluda\u010dnu sluzoko\u017eu od spolja\u0161njih faktora, uklju\u010duju\u0107i dugotrajnu upotrebu pojedinih lekova.<\/p>\n<hr data-start=\"742\" data-end=\"745\" \/>\n<h3 data-start=\"747\" data-end=\"758\">Action<\/h3>\n<p data-start=\"760\" data-end=\"776\">Gastral Protect:<\/p>\n<ul data-start=\"777\" data-end=\"1117\">\n<li data-start=\"777\" data-end=\"818\">\n<p data-start=\"779\" data-end=\"818\">doprinosi za\u0161titi gastri\u010dne sluzoko\u017ee<\/p>\n<\/li>\n<li data-start=\"819\" data-end=\"860\">\n<p data-start=\"821\" data-end=\"860\">poma\u017ee u regulaciji kiseline u \u017eelucu<\/p>\n<\/li>\n<li data-start=\"861\" data-end=\"904\">\n<p data-start=\"863\" data-end=\"904\">doprinosi smanjenju oksidativnog stresa<\/p>\n<\/li>\n<li data-start=\"905\" data-end=\"967\">\n<p data-start=\"907\" data-end=\"967\">ubla\u017eava simptome gastritisa i gastroezofagealnog refluksa<\/p>\n<\/li>\n<li data-start=\"968\" data-end=\"1117\">\n<p data-start=\"970\" data-end=\"1117\">poma\u017ee u za\u0161titi sluzoko\u017ee \u017eeluca od \u0161tetnog delovanja lekova, naro\u010dito nesteroidnih antiinflamatornih lekova (NSAIL), kortikosteroida i alkohola<\/p>\n<\/li>\n<\/ul>\n<hr data-start=\"1119\" data-end=\"1122\" \/>\n<h3 data-start=\"1124\" data-end=\"1165\">Preporu\u010duje se kod slede\u0107ih simptoma:<\/h3>\n<ul data-start=\"1166\" data-end=\"1262\">\n<li data-start=\"1166\" data-end=\"1178\">\n<p data-start=\"1168\" data-end=\"1178\">mustard<\/p>\n<\/li>\n<li data-start=\"1179\" data-end=\"1214\">\n<p data-start=\"1181\" data-end=\"1214\">bol u \u017eelucu i iza grudne kosti<\/p>\n<\/li>\n<li data-start=\"1215\" data-end=\"1250\">\n<p data-start=\"1217\" data-end=\"1250\">ose\u0107aj te\u017eine i ote\u017eano varenje<\/p>\n<\/li>\n<li data-start=\"1251\" data-end=\"1262\">\n<p data-start=\"1253\" data-end=\"1262\">nausea<\/p>\n<\/li>\n<\/ul>\n<hr data-start=\"1264\" data-end=\"1267\" \/>\n<h3 data-start=\"1269\" data-end=\"1305\">Aktivni sastojci i njihova uloga<\/h3>\n<ul data-start=\"1307\" data-end=\"1797\">\n<li data-start=\"1307\" data-end=\"1398\">\n<p data-start=\"1309\" data-end=\"1398\"><strong data-start=\"1309\" data-end=\"1327\">Biljni kitosan<\/strong> \u2013 doprinosi pove\u0107anju lokalnog pH vrednosti vezivanjem jona vodonika<\/p>\n<\/li>\n<li data-start=\"1399\" data-end=\"1487\">\n<p data-start=\"1401\" data-end=\"1487\"><strong data-start=\"1401\" data-end=\"1423\">N-acetil-L-cistein<\/strong> \u2013 doprinosi smanjenju oksidativnog stresa i za\u0161titi sluzoko\u017ee<\/p>\n<\/li>\n<li data-start=\"1488\" data-end=\"1592\">\n<p data-start=\"1490\" data-end=\"1592\"><strong data-start=\"1490\" data-end=\"1504\">L-karnitin<\/strong> \u2013 ima gastroprotektivnu ulogu, naro\u010dito kod iritacije izazvane lekovima ili alkoholom<\/p>\n<\/li>\n<li data-start=\"1593\" data-end=\"1699\">\n<p data-start=\"1595\" data-end=\"1699\"><strong data-start=\"1595\" data-end=\"1605\">Pektin<\/strong> \u2013 u kiselom okru\u017eenju \u017eeluca formira gel koji se vezuje za sluzoko\u017eu i stvara za\u0161titni film<\/p>\n<\/li>\n<li data-start=\"1700\" data-end=\"1797\">\n<p data-start=\"1702\" data-end=\"1797\"><strong data-start=\"1702\" data-end=\"1722\">Magnezijum oksid<\/strong> \u2013 ima alkalizuju\u0107e dejstvo i doprinosi neutralizaciji \u017eeluda\u010dne kiseline<\/p>\n<\/li>\n<\/ul>\n<hr data-start=\"1799\" data-end=\"1802\" \/>\n<h3 data-start=\"1804\" data-end=\"1822\">Way of use<\/h3>\n<ul data-start=\"1824\" data-end=\"1870\">\n<li data-start=\"1824\" data-end=\"1870\">\n<p data-start=\"1826\" data-end=\"1870\">Sa\u017evakati <strong data-start=\"1836\" data-end=\"1870\">2 tablete nakon glavnih obroka<\/strong><\/p>\n<\/li>\n<\/ul>\n<hr data-start=\"1872\" data-end=\"1875\" \/>\n<h3 data-start=\"1877\" data-end=\"1887\">Composition<\/h3>\n<p data-start=\"1889\" data-end=\"2140\">Magnezijum oksid, pektin, L-karnitin hidrohlorid, N-acetil-L-cistein, biljni kitosan, izomalt, sukraloza, magnezijumove soli masnih kiselina, silicijum-dioksid, hidroksipropilmetilceluloza, celuloza, masne kiseline, glicerol, titanijum-dioksid, aroma.<\/p>\n<hr data-start=\"2142\" data-end=\"2145\" \/>\n<h3 data-start=\"2147\" data-end=\"2170\">Additional information<\/h3>\n<ul data-start=\"2172\" data-end=\"2398\">\n<li data-start=\"2172\" data-end=\"2207\">\n<p data-start=\"2174\" data-end=\"2207\">Prijatan ukus vanile i karamele<\/p>\n<\/li>\n<li data-start=\"2208\" data-end=\"2321\">\n<p data-start=\"2210\" data-end=\"2321\">Ukoliko se istovremeno koriste drugi lekovi, Gastral Protect uzeti najmanje <strong data-start=\"2286\" data-end=\"2310\">2 sata pre ili posle<\/strong> terapije<\/p>\n<\/li>\n<li data-start=\"2322\" data-end=\"2398\">\n<p data-start=\"2324\" data-end=\"2398\">Trudnice i dojilje proizvod mogu koristiti <strong data-start=\"2367\" data-end=\"2398\">isklju\u010divo po savetu lekara<\/strong><\/p>\n<\/li>\n<\/ul>","protected":false},"featured_media":8358,"template":"","meta":[],"product_brand":[3083],"product_cat":[126],"product_tag":[3088],"class_list":{"0":"post-8357","1":"product","2":"type-product","3":"status-publish","4":"has-post-thumbnail","6":"product_brand-vigor","7":"product_cat-preparati-za-gorusicu-i-otezano-varenje","8":"product_tag-zeludac","9":"pa_brend-vigor","11":"first","12":"instock","13":"shipping-taxable","14":"purchasable","15":"product-type-simple"},"ams_default_variation_id":0,"ams_product_points_reward":[],"ams_product_discount_percentage":0,"ams_price_to_display":624,"ams_acf":[],"jetpack_sharing_enabled":true,"_links":{"self":[{"href":"https:\/\/apotekar-online.rs\/en\/wp-json\/wp\/v2\/product\/8357","targetHints":{"allow":["GET"]}}],"collection":[{"href":"https:\/\/apotekar-online.rs\/en\/wp-json\/wp\/v2\/product"}],"about":[{"href":"https:\/\/apotekar-online.rs\/en\/wp-json\/wp\/v2\/types\/product"}],"wp:featuredmedia":[{"embeddable":true,"href":"https:\/\/apotekar-online.rs\/en\/wp-json\/wp\/v2\/media\/8358"}],"wp:attachment":[{"href":"https:\/\/apotekar-online.rs\/en\/wp-json\/wp\/v2\/media?parent=8357"}],"wp:term":[{"taxonomy":"product_brand","embeddable":true,"href":"https:\/\/apotekar-online.rs\/en\/wp-json\/wp\/v2\/product_brand?post=8357"},{"taxonomy":"product_cat","embeddable":true,"href":"https:\/\/apotekar-online.rs\/en\/wp-json\/wp\/v2\/product_cat?post=8357"},{"taxonomy":"product_tag","embeddable":true,"href":"https:\/\/apotekar-online.rs\/en\/wp-json\/wp\/v2\/product_tag?post=8357"}],"curies":[{"name":"wp","href":"https:\/\/api.w.org\/{rel}","templated":true}]}}