{"id":8359,"date":"2026-01-21T12:58:07","date_gmt":"2026-01-21T14:58:07","guid":{"rendered":"https:\/\/apotekar-online.rs\/?post_type=product&#038;p=8359"},"modified":"2026-03-05T08:27:39","modified_gmt":"2026-03-05T10:27:39","slug":"gastral-reflux-oral-sus-a20","status":"publish","type":"product","link":"https:\/\/apotekar-online.rs\/en\/p\/gastral-reflux-oral-sus-a20\/","title":{"rendered":"Gastral Reflux suspenzija u kesicama 20 kom"},"content":{"rendered":"","protected":false},"excerpt":{"rendered":"<p data-start=\"179\" data-end=\"501\"><strong data-start=\"179\" data-end=\"197\">Product description<\/strong><br data-start=\"197\" data-end=\"200\" \/>Gastral Reflux je dodatak ishrani namenjen ubla\u017eavanju tegoba povezanih sa gastroezofagealnim refluksom. Deluje tako \u0161to formira za\u0161titni film na sluzoko\u017ei \u017edrela, jednjaka i \u017eeluca, \u010dime doprinosi za\u0161titi od delovanja \u017eeluda\u010dne kiseline i drugih iritiraju\u0107ih faktora, poput pepsina i \u017eu\u010dnih kiselina.<\/p>\n<p data-start=\"503\" data-end=\"751\">Formulacija poma\u017ee u smanjenju neprijatnih simptoma kao \u0161to su goru\u0161ica, ose\u0107aj pe\u010denja i bola u \u017eelucu, vra\u0107anje kiseline, nadra\u017eajni ka\u0161alj i promuklost. Zahvaljuju\u0107i sastavu, proizvod doprinosi i obnavljanju o\u0161te\u0107ene sluzoko\u017ee jednjaka i \u017eeluca.<\/p>\n<h3 data-start=\"758\" data-end=\"769\">Action<\/h3>\n<p data-start=\"771\" data-end=\"786\">Gastral Reflux:<\/p>\n<ul data-start=\"787\" data-end=\"1022\">\n<li data-start=\"787\" data-end=\"858\">\n<p data-start=\"789\" data-end=\"858\">stvara za\u0161titni sloj na sluzoko\u017ei gornjih delova digestivnog trakta<\/p>\n<\/li>\n<li data-start=\"859\" data-end=\"915\">\n<p data-start=\"861\" data-end=\"915\">doprinosi za\u0161titi od kiseline i iritiraju\u0107ih agenasa<\/p>\n<\/li>\n<li data-start=\"916\" data-end=\"977\">\n<p data-start=\"918\" data-end=\"977\">poma\u017ee u ubla\u017eavanju simptoma gastroezofagealnog refluksa<\/p>\n<\/li>\n<li data-start=\"978\" data-end=\"1022\">\n<p data-start=\"980\" data-end=\"1022\">doprinosi procesu regeneracije sluzoko\u017ee<\/p>\n<\/li>\n<\/ul>\n<h3 data-start=\"1029\" data-end=\"1065\">Aktivni sastojci i njihova uloga<\/h3>\n<ul data-start=\"1067\" data-end=\"1532\">\n<li data-start=\"1067\" data-end=\"1266\">\n<p data-start=\"1069\" data-end=\"1266\"><strong data-start=\"1069\" data-end=\"1147\">Ekstrakti braon morskih algi (<em data-start=\"1101\" data-end=\"1122\">Undaria pinnatifida<\/em> and <em data-start=\"1125\" data-end=\"1144\">Fucus vesiculosus<\/em>)<\/strong><br data-start=\"1147\" data-end=\"1150\" \/>Fukoidani doprinose za\u0161titi sluzoko\u017ee i o\u010duvanju njenog integriteta, dok polifenoli imaju antioksidativno dejstvo.<\/p>\n<\/li>\n<li data-start=\"1268\" data-end=\"1399\">\n<p data-start=\"1270\" data-end=\"1399\"><strong data-start=\"1270\" data-end=\"1300\">Mukopolisaharidi aloe vere<\/strong><br data-start=\"1300\" data-end=\"1303\" \/>Formiraju mehani\u010dku barijeru koja \u0161titi sluzoko\u017eu od agresivnog delovanja \u017eeluda\u010dnog sadr\u017eaja.<\/p>\n<\/li>\n<li data-start=\"1401\" data-end=\"1532\">\n<p data-start=\"1403\" data-end=\"1532\"><strong data-start=\"1403\" data-end=\"1443\">Kalijum citrat i magnezijum karbonat<\/strong><br data-start=\"1443\" data-end=\"1446\" \/>Doprinose smanjenju hiperaciditeta i normalizaciji pH vrednosti \u017eeluda\u010dnog sadr\u017eaja.<\/p>\n<\/li>\n<\/ul>\n<h3 data-start=\"1539\" data-end=\"1557\">Way of use<\/h3>\n<ul data-start=\"1559\" data-end=\"1644\">\n<li data-start=\"1559\" data-end=\"1592\">\n<p data-start=\"1561\" data-end=\"1592\">1 kesica nakon glavnih obroka<\/p>\n<\/li>\n<li data-start=\"1593\" data-end=\"1644\">\n<p data-start=\"1595\" data-end=\"1644\">1 kesica pred spavanje<br data-start=\"1617\" data-end=\"1620\" \/>ili prema savetu lekara.<\/p>\n<\/li>\n<\/ul>\n<p data-start=\"1646\" data-end=\"1711\">Sadr\u017eaj kesice istisnuti direktno u usta, bez dodavanja te\u010dnosti.<\/p>\n<h3 data-start=\"1718\" data-end=\"1741\">Additional information<\/h3>\n<ul data-start=\"1743\" data-end=\"1855\">\n<li data-start=\"1743\" data-end=\"1780\">\n<p data-start=\"1745\" data-end=\"1780\">Prijatan ukus vanile i pomorand\u017ee<\/p>\n<\/li>\n<li data-start=\"1781\" data-end=\"1855\">\n<p data-start=\"1783\" data-end=\"1855\">Trudnice i dojilje proizvod mogu koristiti isklju\u010divo po savetu lekara<\/p>\n<\/li>\n<\/ul>","protected":false},"featured_media":8360,"template":"","meta":[],"product_brand":[3083],"product_cat":[126],"product_tag":[3085,341,3086,3087],"class_list":{"0":"post-8359","1":"product","2":"type-product","3":"status-publish","4":"has-post-thumbnail","6":"product_brand-vigor","7":"product_cat-preparati-za-gorusicu-i-otezano-varenje","8":"product_tag-gastroezofagealnim-refluksom","9":"product_tag-gorusica","10":"product_tag-jednjak","11":"product_tag-zdrelo","12":"pa_brend-vigor","14":"first","15":"instock","16":"shipping-taxable","17":"purchasable","18":"product-type-simple"},"ams_default_variation_id":0,"ams_product_points_reward":[],"ams_product_discount_percentage":0,"ams_price_to_display":1668,"ams_acf":[],"jetpack_sharing_enabled":true,"_links":{"self":[{"href":"https:\/\/apotekar-online.rs\/en\/wp-json\/wp\/v2\/product\/8359","targetHints":{"allow":["GET"]}}],"collection":[{"href":"https:\/\/apotekar-online.rs\/en\/wp-json\/wp\/v2\/product"}],"about":[{"href":"https:\/\/apotekar-online.rs\/en\/wp-json\/wp\/v2\/types\/product"}],"wp:featuredmedia":[{"embeddable":true,"href":"https:\/\/apotekar-online.rs\/en\/wp-json\/wp\/v2\/media\/8360"}],"wp:attachment":[{"href":"https:\/\/apotekar-online.rs\/en\/wp-json\/wp\/v2\/media?parent=8359"}],"wp:term":[{"taxonomy":"product_brand","embeddable":true,"href":"https:\/\/apotekar-online.rs\/en\/wp-json\/wp\/v2\/product_brand?post=8359"},{"taxonomy":"product_cat","embeddable":true,"href":"https:\/\/apotekar-online.rs\/en\/wp-json\/wp\/v2\/product_cat?post=8359"},{"taxonomy":"product_tag","embeddable":true,"href":"https:\/\/apotekar-online.rs\/en\/wp-json\/wp\/v2\/product_tag?post=8359"}],"curies":[{"name":"wp","href":"https:\/\/api.w.org\/{rel}","templated":true}]}}