{"id":8369,"date":"2026-02-04T11:23:36","date_gmt":"2026-02-04T13:23:36","guid":{"rendered":"https:\/\/apotekar-online.rs\/?post_type=product&#038;p=8369"},"modified":"2026-03-05T08:27:39","modified_gmt":"2026-03-05T10:27:39","slug":"cink-7-mg-100-tableta","status":"publish","type":"product","link":"https:\/\/apotekar-online.rs\/en\/p\/cink-7-mg-100-tableta\/","title":{"rendered":"Cink 7 mg 100 tableta"},"content":{"rendered":"","protected":false},"excerpt":{"rendered":"<h2>Cink igra bitnu ulogu u podr\u0161ci na\u0161eg imunskog sistema<\/h2>\n<p>Za\u0161to odabrati Cink 7 mg 100 tableta?<br \/>\nCink je esencijalni mineral koji ima sposobnost da \u0161titi \u0107elije od o\u0161te\u0107enja slobodnih radikala i da podr\u017ei imunolo\u0161ki sistem u borbi protiv prehlada i infekcija.<\/p>\n<p>Mo\u017ee zna\u010dajno da pobolj\u0161a va\u0161e zdravlje, posebno kada je re\u010d o imunskom sistemu, zdravlju ko\u0161tanog i reproduktivnog sistema. Cink tablete od 7mg su odli\u010dan izbor za one koji \u017eele da osiguraju optimalan unos cinka, posebno ako ga ne unose dovoljno putem ishrane.<\/p>\n<h2>Kako se piju cink tablete<\/h2>\n<p>Za optimalne rezultate, uzimati 1-2 tablete dnevno uz obrok. (Deca iznad 7 godina 1 tableta dnevno) Cink 7 mg 100 tableta idealan dodatak uravnote\u017eenoj ishrani, pru\u017eaju\u0107i podr\u0161ku va\u0161em zdravlju i vitalnosti. Jedna tableta sadr\u017ei 7 mg cinka (cink-glukonat). Pro\u010ditajte detaljnije i koji cink je najbolji.<\/p>\n<h2>U koje doba dana piti cink<\/h2>\n<p>Za cink nije od presudnog zna\u010daja u koje doba dana se pije. Preporu\u010duje se da to bude uz obrok, kako ne bi eventualno izazvao nelagodnost u \u017eelucu. Bitnije je da se uspostavi ritam i da se pije svakog dana u sli\u010dno vreme.<\/p>\n<h2>Kome se preporu\u010duju cink tablete<\/h2>\n<p>Namenjen je deci iznad 7 godina i odraslima koji \u017eele da osiguraju optimalan unos cinka, posebno ako ga ne unose dovoljno putem ishrane.<\/p>\n<p>Dodajte Cink 7 mg 100 tableta u svoju svakodnevnu rutinu i u\u017eivajte u blagodetima koje pru\u017ea va\u0161em zdravlju!<\/p>\n<p><strong>Dosage and method of use\u00a0<\/strong><\/p>\n<p>Za optimalne rezultate, uzimati 1-2 tablete dnevno uz obrok. (Deca iznad 7 godina 1 tableta dnevno) Cink 7 mg 100 tableta idealan dodatak uravnote\u017eenoj ishrani, pru\u017eaju\u0107i podr\u0161ku va\u0161em zdravlju i vitalnosti. Jedna tableta sadr\u017ei 7 mg cinka (cink-glukonat). Pro\u010ditajte detaljnije i koji cink je najbolji.<\/p>","protected":false},"featured_media":8370,"template":"","meta":[],"product_brand":[],"product_cat":[77,80,78,84,85],"product_tag":[185,270],"class_list":{"0":"post-8369","1":"product","2":"type-product","3":"status-publish","4":"has-post-thumbnail","6":"product_cat-imunitet","7":"product_cat-koza-kosa-i-nokti","8":"product_cat-vitamini-i-minerali","9":"product_cat-zdravlje-muskaraca","10":"product_cat-zdravlje-zena","11":"product_tag-cink","12":"product_tag-minerali","13":"pa_brend-anafarm","15":"first","16":"instock","17":"shipping-taxable","18":"purchasable","19":"product-type-simple"},"ams_default_variation_id":0,"ams_product_points_reward":[],"ams_product_discount_percentage":0,"ams_price_to_display":540,"ams_acf":[],"jetpack_sharing_enabled":true,"_links":{"self":[{"href":"https:\/\/apotekar-online.rs\/en\/wp-json\/wp\/v2\/product\/8369","targetHints":{"allow":["GET"]}}],"collection":[{"href":"https:\/\/apotekar-online.rs\/en\/wp-json\/wp\/v2\/product"}],"about":[{"href":"https:\/\/apotekar-online.rs\/en\/wp-json\/wp\/v2\/types\/product"}],"wp:featuredmedia":[{"embeddable":true,"href":"https:\/\/apotekar-online.rs\/en\/wp-json\/wp\/v2\/media\/8370"}],"wp:attachment":[{"href":"https:\/\/apotekar-online.rs\/en\/wp-json\/wp\/v2\/media?parent=8369"}],"wp:term":[{"taxonomy":"product_brand","embeddable":true,"href":"https:\/\/apotekar-online.rs\/en\/wp-json\/wp\/v2\/product_brand?post=8369"},{"taxonomy":"product_cat","embeddable":true,"href":"https:\/\/apotekar-online.rs\/en\/wp-json\/wp\/v2\/product_cat?post=8369"},{"taxonomy":"product_tag","embeddable":true,"href":"https:\/\/apotekar-online.rs\/en\/wp-json\/wp\/v2\/product_tag?post=8369"}],"curies":[{"name":"wp","href":"https:\/\/api.w.org\/{rel}","templated":true}]}}